{"id":727,"date":"2022-04-21T22:38:35","date_gmt":"2022-04-21T20:38:35","guid":{"rendered":"http:\/\/lengetur.no\/?page_id=727"},"modified":"2025-05-05T23:17:47","modified_gmt":"2025-05-05T21:17:47","slug":"jotunheimen-intro-26-6-1-7-2022","status":"publish","type":"page","link":"https:\/\/lengetur.no\/?page_id=727","title":{"rendered":"&#8211; JOTUNHEIMEN INTRO"},"content":{"rendered":"\n<h2 class=\"wp-block-heading\">JULI 2026.<\/h2>\n\n\n\n<h3 class=\"wp-block-heading\">Vi skal p\u00e5 bre. Vi g\u00e5r hytte til hytte med lett sekk.&nbsp;Vi drar p\u00e5 topp- eller grottetur.<\/h3>\n\n\n\n<figure class=\"wp-block-image size-large is-style-default\"><img fetchpriority=\"high\" decoding=\"async\" width=\"1024\" height=\"664\" src=\"http:\/\/lengetur.no\/wp-content\/uploads\/2021\/09\/cropped-IMG_2261-2-2-scaled-1-1024x664.jpg\" alt=\"\" class=\"wp-image-724\" srcset=\"https:\/\/lengetur.no\/wp-content\/uploads\/2021\/09\/cropped-IMG_2261-2-2-scaled-1-1024x664.jpg 1024w, https:\/\/lengetur.no\/wp-content\/uploads\/2021\/09\/cropped-IMG_2261-2-2-scaled-1-300x194.jpg 300w, https:\/\/lengetur.no\/wp-content\/uploads\/2021\/09\/cropped-IMG_2261-2-2-scaled-1-768x498.jpg 768w, https:\/\/lengetur.no\/wp-content\/uploads\/2021\/09\/cropped-IMG_2261-2-2-scaled-1-1536x995.jpg 1536w, https:\/\/lengetur.no\/wp-content\/uploads\/2021\/09\/cropped-IMG_2261-2-2-scaled-1.jpg 2000w\" sizes=\"(max-width: 1024px) 100vw, 1024px\" \/><figcaption class=\"wp-element-caption\">P\u00e5 vei ned Storutladalen med Gjertvasstind og Hurrungane foran oss. Bildet fra en tur med tung sekk. Vi skal ha lett sekk<\/figcaption><\/figure>\n\n\n\n<h3 class=\"wp-block-heading\">P\u00e5 denne sv\u00e6rt innholdsrike turen har du en fantastisk mulighet til \u00e5 bli kjent med Jotunheimen og det den har \u00e5 by p\u00e5. Og er du kjent med Jotunheimen fra f\u00f8r har du her en fantastisk mulighet til \u00e5 f\u00e5 oppleve enda mer av dette vakre og ville omr\u00e5det av landet v\u00e5rt.&nbsp;<\/h3>\n\n\n\n<h3 class=\"wp-block-heading\">Utgangspunktet v\u00e5rt er Leirvassbu i hjertet av Jotunheimen, men vi skal ogs\u00e5 innom Krossbu, Olavsbu, Skogadalsb\u00f8en og Sognefjellshytta i l\u00f8pet av dagene vi er sammen. Vi skal p\u00e5 B\u00f8verbreen og p\u00e5 Kyrkja eller i Dumdalsgrottene.<\/h3>\n\n\n\n<h3 class=\"wp-block-heading\">Turen gjennomf\u00f8res som alltid i tr\u00e5d med LENGETURs motto:<\/h3>\n\n\n\n<figure class=\"wp-block-image aligncenter size-large is-resized is-style-default\"><img decoding=\"async\" width=\"1024\" height=\"247\" src=\"http:\/\/lengetur.no\/wp-content\/uploads\/2021\/11\/Husk-god-tid-svart-buet-kopi-2-1024x247.jpg\" alt=\"\" class=\"wp-image-608\" style=\"width:568px;height:137px\" srcset=\"https:\/\/lengetur.no\/wp-content\/uploads\/2021\/11\/Husk-god-tid-svart-buet-kopi-2-1024x247.jpg 1024w, https:\/\/lengetur.no\/wp-content\/uploads\/2021\/11\/Husk-god-tid-svart-buet-kopi-2-300x72.jpg 300w, https:\/\/lengetur.no\/wp-content\/uploads\/2021\/11\/Husk-god-tid-svart-buet-kopi-2-768x185.jpg 768w, https:\/\/lengetur.no\/wp-content\/uploads\/2021\/11\/Husk-god-tid-svart-buet-kopi-2-1536x370.jpg 1536w, https:\/\/lengetur.no\/wp-content\/uploads\/2021\/11\/Husk-god-tid-svart-buet-kopi-2-2048x493.jpg 2048w, https:\/\/lengetur.no\/wp-content\/uploads\/2021\/11\/Husk-god-tid-svart-buet-kopi-2-2000x481.jpg 2000w\" sizes=\"(max-width: 1024px) 100vw, 1024px\" \/><\/figure>\n\n\n\n<div class=\"wp-block-columns is-layout-flex wp-container-core-columns-is-layout-28f84493 wp-block-columns-is-layout-flex\">\n<div class=\"wp-block-column is-layout-flow wp-block-column-is-layout-flow\">\n<h3 class=\"wp-block-heading\"><a href=\"#GENERELinfo\">PRAKTISK INFO<\/a><\/h3>\n<\/div>\n\n\n\n<div class=\"wp-block-column is-layout-flow wp-block-column-is-layout-flow\">\n<h3 class=\"wp-block-heading\"><a href=\"#p\u00e5melding\">PRISER, OVERNATTING OG P\u00c5MELDING<\/a><\/h3>\n<\/div>\n\n\n\n<div class=\"wp-block-column is-layout-flow wp-block-column-is-layout-flow\">\n<h3 class=\"wp-block-heading\"><a href=\"#utstyrjotunintro\">UTSTYRSLISTE<\/a><\/h3>\n<\/div>\n<\/div>\n\n\n\n<h3 class=\"wp-block-heading\">DAGSPROGRAM:<\/h3>\n\n\n\n<p><strong>Dag 1:\u00a0<\/strong><\/p>\n\n\n\n<p>18.00-20.00 Oppm\u00f8te p\u00e5 Leirvassbu.&nbsp;Dit kommer du med privatbil eller med buss. Innlandstrafikk har bussrute fra Lom og opp til Leirvassbu.&nbsp;Utdeling og tilpasning av breutstyr. Utdeling av turmat.<br>20.30 Felles middag. &nbsp;<\/p>\n\n\n\n<p>21.30 Vi pakker dagstursekk ferdig med unntak av matpakke og termos.<\/p>\n\n\n\n<p><strong>Dag 2<\/strong>:<\/p>\n\n\n\n<p>07.30-08.30 Frokost<\/p>\n\n\n\n<p>09.00 Avreise til B\u00f8verbreen. Vi fordeler oss p\u00e5 deltakernes biler. Arrang\u00f8r betaler bommen i Leirdalen.<\/p>\n\n\n\n<p>09.45 m\u00f8ter vi bref\u00f8rerne p\u00e5 Krossbu og rusler opp til breen (ca en time). Vanskelighetsgraden p\u00e5 breturen legges etter forholdene p\u00e5 breen og gruppas ferdigheter og \u00f8nsker.&nbsp;<\/p>\n\n\n\n<p>16.30 Retur fra Krossbu.<\/p>\n\n\n\n<p>18.30 Felles middag.&nbsp;<\/p>\n\n\n\n<p>20.00 Samling. Forberede de neste tre dagers tur.<\/p>\n\n\n\n<figure class=\"wp-block-image size-large is-style-default\"><img decoding=\"async\" width=\"1024\" height=\"768\" src=\"http:\/\/lengetur.no\/wp-content\/uploads\/2021\/09\/IMG_7113-1-1024x768.jpg\" alt=\"\" class=\"wp-image-65\" srcset=\"https:\/\/lengetur.no\/wp-content\/uploads\/2021\/09\/IMG_7113-1-1024x768.jpg 1024w, https:\/\/lengetur.no\/wp-content\/uploads\/2021\/09\/IMG_7113-1-300x225.jpg 300w, https:\/\/lengetur.no\/wp-content\/uploads\/2021\/09\/IMG_7113-1-768x576.jpg 768w, https:\/\/lengetur.no\/wp-content\/uploads\/2021\/09\/IMG_7113-1-1536x1152.jpg 1536w, https:\/\/lengetur.no\/wp-content\/uploads\/2021\/09\/IMG_7113-1-2048x1536.jpg 2048w, https:\/\/lengetur.no\/wp-content\/uploads\/2021\/09\/IMG_7113-1-2000x1500.jpg 2000w\" sizes=\"(max-width: 1024px) 100vw, 1024px\" \/><figcaption class=\"wp-element-caption\">I det \u00f8vre brefallet p\u00e5 B\u00f8verbreen<\/figcaption><\/figure>\n\n\n\n<p><strong>Dag 3<\/strong>:<\/p>\n\n\n\n<p>07.30-08.30 Frokost<\/p>\n\n\n\n<p>09.00-1600 Leirvassbu &#8211; Olavsbu: Vi vandrer med freidig mot i retning Olavsbu med lett sekk. Turen er 12 km lang og g\u00e5r i veldig snilt terreng, men med en motbakke i starten av etappa og en over Rauddalsbandet litt over halvveis.&nbsp;Olavsbu er selvbetjent DNT-hytte uten mulighet for reservasjon av bestemte senger. Vi starter tidlig slik at vi har mulighet til \u00e5 komme fram tidlig. Det er h\u00f8ysesong og da er det f\u00f8rst til m\u00f8lla for de beste sengeplassene.&nbsp;<\/p>\n\n\n\n<p>Til middag f\u00e5r dere denne dagen servert en \u00abLENGETUR spesial\u00bb. Kvelden g\u00e5r til hyggelig sosialt samv\u00e6r og klargj\u00f8ring til neste dag.<\/p>\n\n\n\n<p><strong>Dag 4<\/strong>:<\/p>\n\n\n\n<p>07.30-08.30 Frokost<\/p>\n\n\n\n<p>09.00-17.30 Olavsbu \u2013 Skogadalsb\u00f8en: I dag venter den lengste etappa p\u00e5 19km. Vi g\u00e5r ut Rauddalen og m\u00f8ter Storutladalen og til slutt ned i vakre Utladalen. Med unntak av noen sm\u00e5 kneiker i Storutladalen er terrenget flatt eller nedover p\u00e5 hele etappa. Etter en lang dag kommer br\u00e5tt oasen Skogadalsb\u00f8en fram i bj\u00f8rkeskogen. Her venter det en sv\u00e6rt velfortjent treretters middag p\u00e5 oss.&nbsp;<\/p>\n\n\n\n<p><strong>Dag 5<\/strong>:<\/p>\n\n\n\n<p>07.00-08.30 Frokost<\/p>\n\n\n\n<p>09.00-16.30 Skogadalsb\u00f8en \u2013 Sognefjellshytta \u2013 Leirvassbu: Etappa er p\u00e5 14 km og vi skal 600 h\u00f8ydemeter opp i l\u00f8pet av dagen. Med unntak av et par kneiker er det forholdsvis jevn stigning den f\u00f8rste mila. Deretter er det stort sett flatt inn til Sognefjellshytta. Er vi heldige rekker vi vaffelsalget her f\u00f8r bussen kommer og henter oss og kj\u00f8rer oss tilbake til Leirvassbu.&nbsp;<\/p>\n\n\n\n<p>18.30 Dagen avsluttes med en felles treretters middag og sosialt samv\u00e6r. Bestemmer hva morgendagens program blir.<\/p>\n\n\n\n<figure class=\"wp-block-image size-large is-style-default\"><img loading=\"lazy\" decoding=\"async\" width=\"768\" height=\"1024\" src=\"http:\/\/lengetur.no\/wp-content\/uploads\/2022\/04\/IMG_7450-768x1024.jpg\" alt=\"\" class=\"wp-image-746\" srcset=\"https:\/\/lengetur.no\/wp-content\/uploads\/2022\/04\/IMG_7450-768x1024.jpg 768w, https:\/\/lengetur.no\/wp-content\/uploads\/2022\/04\/IMG_7450-225x300.jpg 225w, https:\/\/lengetur.no\/wp-content\/uploads\/2022\/04\/IMG_7450-1152x1536.jpg 1152w, https:\/\/lengetur.no\/wp-content\/uploads\/2022\/04\/IMG_7450-1536x2048.jpg 1536w, https:\/\/lengetur.no\/wp-content\/uploads\/2022\/04\/IMG_7450-2000x2667.jpg 2000w, https:\/\/lengetur.no\/wp-content\/uploads\/2022\/04\/IMG_7450-scaled.jpg 1920w\" sizes=\"(max-width: 768px) 100vw, 768px\" \/><figcaption class=\"wp-element-caption\">Vel tilbake p\u00e5 Leirvassbu<\/figcaption><\/figure>\n\n\n\n<p><strong>DAG 6:\u00a0<\/strong><\/p>\n\n\n\n<p>07.00-08.30 Frokost<\/p>\n\n\n\n<p>09.00-15.30 Topptur\/Grottetur: Er v\u00e6ret godt venter Kyrkja p\u00e5 oss. Dette er en av de n\u00e6rmeste 2000-meterstoppene til Leirvassbu. Det er beregnet tre timers g\u00e5tid opp og to timer ned. Denne toppen er litt luftig de siste 50 h\u00f8ydemeterne, s\u00e5 her er det mulig \u00e5 f\u00e5 sjekket ut om man liker h\u00f8yder eller ei. Er det rufsev\u00e6r reiser vi i stedet til Dumdalen og trekker under bakken, ned i det spennende grottesystemet som finnes der. Dette er grotter som er skapt av vannet etter siste istid. Etter avsluttet dagstur er det hjemreise.&nbsp;<\/p>\n\n\n\n<h3 class=\"wp-block-heading\" id=\"GENERELinfo\">GENERELT<\/h3>\n\n\n\n<p><strong><em>Det forutsettes normalt god fysikk:&nbsp;<\/em><\/strong><em>Dvs at deltakerne&nbsp;<strong>ved turstart&nbsp;<\/strong>er i stand til \u00e5 g\u00e5 og b\u00e6re sekk p\u00e5 12-15kg i inntil seks-syv timer (dag 4 og 5). Gangfart ca tre km\/t. Vi tar korte pauser hver halvtime. P\u00e5 bre- og topptur er sekken p\u00e5 rundt ti kg.<br>Arrang\u00f8ren kan bidra med tips i forhold til enkel trening for \u00e5 komme i fin form til turen. To-tre \u00f8kter med sekk i uka i 4-5 uker f\u00f8r turstart gj\u00f8r susen!<\/em><\/p>\n\n\n\n<p>Det forutsettes at deltakerne har utstyr som er tilpasset og egnet for denne type tur. Se utstyrsliste for mer info!&nbsp;<\/p>\n\n\n\n<p>Turleder har anledning til \u00e5 nekte deltaker \u00e5 starte turen dersom vedkommende har med mangelfullt utstyr eller hvis den fysiske tilstanden ikke er p\u00e5 det niv\u00e5et turen krever. Deltaker kan av samme grunn bli bedt om \u00e5 avbryte turen underveis. Dersom turleder m\u00e5 ta denne avgj\u00f8relsen, m\u00e5 deltaker dekke de utgiftene som m\u00e5tte komme til for arrang\u00f8ren og deltakeren selv som f\u00f8lge av dette.&nbsp;<\/p>\n\n\n\n<p>Alt utstyr skal kontrolleres f\u00f8r turstart slik at du vet at det t\u00e5ler turen og at du feks ikke f\u00e5r gnags\u00e5r av fjellst\u00f8vlene.<\/p>\n\n\n\n<p>Vi f\u00f8lger opp p\u00e5 e-post alle sp\u00f8rsm\u00e5l du m\u00e5tte ha helt fram til turstart. Ca to uker f\u00f8r turen vil vi holde et Teamsm\u00f8te for deltakerne.<\/p>\n\n\n\n<p><strong>Turledere: Settes opp senere, men du kan lese om v\u00e5re turledere <a href=\"https:\/\/lengetur.no\/?page_id=114\" data-type=\"page\" data-id=\"114\">HER<\/a><\/strong><\/p>\n\n\n\n<h2 class=\"wp-block-heading\" id=\"p\u00e5melding\"><strong>P\u00c5MELDING, OVERNATTINGSALTERNATIVER OG PRISER:&nbsp;<\/strong><\/h2>\n\n\n\n<p><strong>Overnatting og bespisning:<\/strong><\/p>\n\n\n\n<p>P\u00e5&nbsp;<strong>Leirvassbu<\/strong>&nbsp;kan du velge om du vil bo inne eller i telt. De som bor inne har fullpensjon. Overnatting p\u00e5 Leirvassbu er p\u00e5 dobbeltrom med enkeltsenger. \u00d8nsker du enkeltrom kan dette ordnes mot et lite tillegg i prisen.&nbsp;For de som bor i telt er det inkludert tre middager inne (se dagsprogram). \u00d8vrige m\u00e5ltider er REAL turmat og lages i telt.<\/p>\n\n\n\n<p>P\u00e5&nbsp;<strong>Olavsbu<\/strong>&nbsp;bor alle inne p\u00e5 sovesal og vi lager i fellesskap middagen \u00abLENGETUR spesial\u00bb.&nbsp;<\/p>\n\n\n\n<p>P\u00e5&nbsp;<strong>Skogadalsb\u00f8en<\/strong>&nbsp;bor alle inne og alle m\u00e5ltider er inkludert.<\/p>\n\n\n\n<p>\u00d8vrig mat er REAL turmat.<\/p>\n\n\n\n<p>Det er ogs\u00e5 viktig \u00e5 ha med tilstrekkelig med snacks\/godteri\/n\u00f8tteblandinger p\u00e5 de ulike turene. Dette er beskrevet i utstyrslista og er ikke inkludert i deltakeravgift.<\/p>\n\n\n\n<h2 class=\"wp-block-heading\">\u00c5pner for p\u00e5melding.<\/h2>\n\n\n\n<p><strong>Det m\u00e5 v\u00e6re minimum seks deltakere for at turen skal bli gjennomf\u00f8rt. Maksimum tolv deltakere p\u00e5 turen.&nbsp;<\/strong><\/p>\n\n\n\n<p><em><strong>Det er pliktig \u00e5 lese turbeskrivelsen i sin helhet og bekrefte ved p\u00e5melding at s\u00e5 er gjort.<\/strong>&nbsp;<\/em><\/p>\n\n\n\n<p><strong><a href=\"https:\/\/lengetur.no\/?page_id=1362\" data-type=\"page\" data-id=\"1362\">V\u00c5RE BETALINGSBETINGELSER<\/a><\/strong><\/p>\n\n\n\n<p>Vi gj\u00f8r oppmerksom p\u00e5 at turen arrangeres i h\u00f8ysesongen i fjellet og det er noe begrenset med plasser p\u00e5 hyttene. Man b\u00f8r derfor v\u00e6re tidlig ute med p\u00e5melding slik at arrang\u00f8ren f\u00e5r reservert senger. Arrang\u00f8ren har ikke anledning til \u00e5 reservere senger uten p\u00e5melding.&nbsp;<\/p>\n\n\n\n<figure class=\"wp-block-image size-large is-style-default\"><img loading=\"lazy\" decoding=\"async\" width=\"1024\" height=\"853\" src=\"http:\/\/lengetur.no\/wp-content\/uploads\/2022\/04\/IMG_7215-1024x853.jpg\" alt=\"\" class=\"wp-image-748\" srcset=\"https:\/\/lengetur.no\/wp-content\/uploads\/2022\/04\/IMG_7215-1024x853.jpg 1024w, https:\/\/lengetur.no\/wp-content\/uploads\/2022\/04\/IMG_7215-300x250.jpg 300w, https:\/\/lengetur.no\/wp-content\/uploads\/2022\/04\/IMG_7215-768x640.jpg 768w, https:\/\/lengetur.no\/wp-content\/uploads\/2022\/04\/IMG_7215.jpg 1351w\" sizes=\"(max-width: 1024px) 100vw, 1024px\" \/><figcaption class=\"wp-element-caption\">Siste knekken opp p\u00e5 Kyrkja 2032 moh<\/figcaption><\/figure>\n\n\n\n<h3 class=\"wp-block-heading\">DELTAKERAVGIFT. IKKE FASTSATT PR DD.<\/h3>\n\n\n\n<p class=\"has-black-color has-text-color has-medium-font-size\"><strong>Ved p\u00e5melding etter frist er man ikke garantert \u00e5 f\u00e5 rom p\u00e5 Leirvassbu og Skogadalsb\u00f8en.<\/strong><\/p>\n\n\n\n<p><strong>DELTAKERAVGIFT INKLUDERER:<\/strong><\/p>\n\n\n\n<p>Alle hovedm\u00e5ltider.&nbsp;<\/p>\n\n\n\n<p>Oppf\u00f8lging i forberedelsene og veiledning p\u00e5 trening og utstyr<\/p>\n\n\n\n<p>Utfyllende utstyrsliste&nbsp;<\/p>\n\n\n\n<p>To turledere<\/p>\n\n\n\n<p>Leie av bref\u00f8rere og breutstyr<\/p>\n\n\n\n<p>Overnatting inne eller i telt (valgfritt p\u00e5 Leirvassbu)<\/p>\n\n\n\n<p>Transport fra Sognefjellshytta til Leirvassbu dag 5<\/p>\n\n\n\n<p>Sikkerhetsutstyr p\u00e5 gruppeniv\u00e5 som n\u00f8dpeiler, samband og f\u00f8rstehjelp<\/p>\n\n\n\n<p>Bomavgift p\u00e5 Leirdalsvegen dag 2<\/p>\n\n\n\n<p>Noe oppl\u00e6ring underveis p\u00e5 turen<\/p>\n\n\n\n<p><strong>DELTAKERAVGIFT INKLUDERER IKKE:<\/strong><\/p>\n\n\n\n<p>Mat og drikke ut over det som er nevnt i turbeskrivelsen<\/p>\n\n\n\n<p>Snacks og godteri man trenger utenom m\u00e5ltidene<\/p>\n\n\n\n<p>Transport mellom bosted og Leirvassbu t\/r<\/p>\n\n\n\n<p>Kart over omr\u00e5det<\/p>\n\n\n\n<p>Bomavgift p\u00e5 Leirdalsvegen dag 1<\/p>\n\n\n\n<p>Drikke til m\u00e5ltider<\/p>\n\n\n\n<p>Senget\u00f8y og h\u00e5ndkl\u00e6r p\u00e5 Leirvassbu. Kan medbringes selv eller bestilles mot tillegg i pris.<\/p>\n\n\n\n<p>Personlig utstyr<\/p>\n\n\n\n<p>Privat reiseforsikring\/ulykkesforsikring som dekker denne type tur. Forsikring av private eiendeler.&nbsp;<\/p>\n\n\n\n<p><\/p>\n\n\n\n<h2 class=\"wp-block-heading\" id=\"utstyrjotunintro\"><a href=\"http:\/\/lengetur.no\/?page_id=760\" data-type=\"page\" data-id=\"760\">UTSTYRSLISTE<\/a><\/h2>\n\n\n\n<h2 class=\"wp-block-heading has-text-align-center\"><a href=\"http:\/\/lengetur.no\/?page_id=727\" data-type=\"page\" data-id=\"727\">TIL TOPPEN<\/a><\/h2>\n","protected":false},"excerpt":{"rendered":"<p>JULI 2026. Vi skal p\u00e5 bre. Vi g\u00e5r hytte til hytte med lett sekk.&nbsp;Vi drar p\u00e5 topp- eller grottetur. P\u00e5 denne sv\u00e6rt innholdsrike turen har du en fantastisk mulighet til \u00e5 bli kjent med Jotunheimen og det den har \u00e5 by p\u00e5. Og er du kjent med Jotunheimen fra f\u00f8r har du her en fantastisk &hellip; <\/p>\n<p class=\"link-more\"><a href=\"https:\/\/lengetur.no\/?page_id=727\" class=\"more-link\">Read more<span class=\"screen-reader-text\"> &laquo;&#8211; JOTUNHEIMEN INTRO&raquo;<\/span><\/a><\/p>\n","protected":false},"author":1,"featured_media":724,"parent":0,"menu_order":0,"comment_status":"closed","ping_status":"closed","template":"","meta":{"inspiro_hide_title":false,"footnotes":""},"class_list":["post-727","page","type-page","status-publish","has-post-thumbnail","hentry"],"_links":{"self":[{"href":"https:\/\/lengetur.no\/index.php?rest_route=\/wp\/v2\/pages\/727","targetHints":{"allow":["GET"]}}],"collection":[{"href":"https:\/\/lengetur.no\/index.php?rest_route=\/wp\/v2\/pages"}],"about":[{"href":"https:\/\/lengetur.no\/index.php?rest_route=\/wp\/v2\/types\/page"}],"author":[{"embeddable":true,"href":"https:\/\/lengetur.no\/index.php?rest_route=\/wp\/v2\/users\/1"}],"replies":[{"embeddable":true,"href":"https:\/\/lengetur.no\/index.php?rest_route=%2Fwp%2Fv2%2Fcomments&post=727"}],"version-history":[{"count":56,"href":"https:\/\/lengetur.no\/index.php?rest_route=\/wp\/v2\/pages\/727\/revisions"}],"predecessor-version":[{"id":2617,"href":"https:\/\/lengetur.no\/index.php?rest_route=\/wp\/v2\/pages\/727\/revisions\/2617"}],"wp:featuredmedia":[{"embeddable":true,"href":"https:\/\/lengetur.no\/index.php?rest_route=\/wp\/v2\/media\/724"}],"wp:attachment":[{"href":"https:\/\/lengetur.no\/index.php?rest_route=%2Fwp%2Fv2%2Fmedia&parent=727"}],"curies":[{"name":"wp","href":"https:\/\/api.w.org\/{rel}","templated":true}]}}