{"id":446,"date":"2021-10-02T09:23:13","date_gmt":"2021-10-02T07:23:13","guid":{"rendered":"http:\/\/lengetur.no\/?page_id=446"},"modified":"2023-11-10T13:02:08","modified_gmt":"2023-11-10T11:02:08","slug":"gisle-vestmo","status":"publish","type":"page","link":"https:\/\/lengetur.no\/?page_id=446","title":{"rendered":"&#8211; GISLE VESTMO"},"content":{"rendered":"\n<figure class=\"wp-block-image size-large is-resized is-style-default\"><img fetchpriority=\"high\" decoding=\"async\" width=\"954\" height=\"1024\" src=\"http:\/\/lengetur.no\/wp-content\/uploads\/2021\/10\/IMG_8038-954x1024.jpg\" alt=\"\" class=\"wp-image-447\" style=\"width:352px;height:378px\" srcset=\"https:\/\/lengetur.no\/wp-content\/uploads\/2021\/10\/IMG_8038-954x1024.jpg 954w, https:\/\/lengetur.no\/wp-content\/uploads\/2021\/10\/IMG_8038-280x300.jpg 280w, https:\/\/lengetur.no\/wp-content\/uploads\/2021\/10\/IMG_8038-768x824.jpg 768w, https:\/\/lengetur.no\/wp-content\/uploads\/2021\/10\/IMG_8038-1432x1536.jpg 1432w, https:\/\/lengetur.no\/wp-content\/uploads\/2021\/10\/IMG_8038.jpg 1893w\" sizes=\"(max-width: 954px) 100vw, 954px\" \/><\/figure>\n\n\n\n<p>Jobber til daglig med leveranse av IT support. Hverdagslivet g\u00e5r ellers med til \u00e5 drifte hjemmet med 2 hunder og kone, som jeg deler interessen for friluftsliv med.\u00a0Jeg har mange \u00e5r bak meg som aktiv skil\u00f8per og frivillig i R\u00f8de Kors, og har gjennomf\u00f8rt kurs innenfor friluftsliv, f\u00f8rstehjelp og beredskap.\u00a0Jeg har f\u00e5tt \u00f8kende interesse for friluftsliv de siste \u00e5rene. Det har resultert i en rekke teltturer og unike opplevelser.<\/p>\n\n\n\n<p>Trives godt ute sommer som vinter, men foretrekker helst friluftsliv p\u00e5 vinterstid, og det \u00e5 kunne dele min kunnskap og erfaring, er noe jeg trives godt med.  Det viktigste er ikke hvor h\u00e5rete og ekstrem turen er, men \u00e5 trives med det en gjennomf\u00f8rer tilpasset sitt niv\u00e5.<\/p>\n\n\n\n<h5 class=\"wp-block-heading has-text-align-center\"><strong><a href=\"http:\/\/lengetur.no\/?page_id=114\" data-type=\"page\" data-id=\"114\">TILBAKE<\/a><\/strong><\/h5>\n","protected":false},"excerpt":{"rendered":"<p>Jobber til daglig med leveranse av IT support. Hverdagslivet g\u00e5r ellers med til \u00e5 drifte hjemmet med 2 hunder og kone, som jeg deler interessen for friluftsliv med.\u00a0Jeg har mange \u00e5r bak meg som aktiv skil\u00f8per og frivillig i R\u00f8de Kors, og har gjennomf\u00f8rt kurs innenfor friluftsliv, f\u00f8rstehjelp og beredskap.\u00a0Jeg har f\u00e5tt \u00f8kende interesse for &hellip; <\/p>\n<p class=\"link-more\"><a href=\"https:\/\/lengetur.no\/?page_id=446\" class=\"more-link\">Read more<span class=\"screen-reader-text\"> &laquo;&#8211; GISLE VESTMO&raquo;<\/span><\/a><\/p>\n","protected":false},"author":1,"featured_media":0,"parent":0,"menu_order":0,"comment_status":"closed","ping_status":"closed","template":"","meta":{"inspiro_hide_title":false,"footnotes":""},"class_list":["post-446","page","type-page","status-publish","hentry"],"_links":{"self":[{"href":"https:\/\/lengetur.no\/index.php?rest_route=\/wp\/v2\/pages\/446","targetHints":{"allow":["GET"]}}],"collection":[{"href":"https:\/\/lengetur.no\/index.php?rest_route=\/wp\/v2\/pages"}],"about":[{"href":"https:\/\/lengetur.no\/index.php?rest_route=\/wp\/v2\/types\/page"}],"author":[{"embeddable":true,"href":"https:\/\/lengetur.no\/index.php?rest_route=\/wp\/v2\/users\/1"}],"replies":[{"embeddable":true,"href":"https:\/\/lengetur.no\/index.php?rest_route=%2Fwp%2Fv2%2Fcomments&post=446"}],"version-history":[{"count":3,"href":"https:\/\/lengetur.no\/index.php?rest_route=\/wp\/v2\/pages\/446\/revisions"}],"predecessor-version":[{"id":2037,"href":"https:\/\/lengetur.no\/index.php?rest_route=\/wp\/v2\/pages\/446\/revisions\/2037"}],"wp:attachment":[{"href":"https:\/\/lengetur.no\/index.php?rest_route=%2Fwp%2Fv2%2Fmedia&parent=446"}],"curies":[{"name":"wp","href":"https:\/\/api.w.org\/{rel}","templated":true}]}}