{"id":417,"date":"2021-10-01T20:43:39","date_gmt":"2021-10-01T20:43:39","guid":{"rendered":"http:\/\/lengetur.no\/?page_id=417"},"modified":"2026-04-26T21:08:39","modified_gmt":"2026-04-26T19:08:39","slug":"borgefjell","status":"publish","type":"page","link":"https:\/\/lengetur.no\/?page_id=417","title":{"rendered":"&#8211; B\u00d8RGEFJELL P\u00c5 TVERS, MARS 2027"},"content":{"rendered":"\n<h2 class=\"wp-block-heading\"><strong><strong>B\u00d8RGEFJELL GIR OG B\u00d8RGEFJELL TAR. S\u00e5nn er det bare.<\/strong><\/strong><\/h2>\n\n\n\n<h3 class=\"wp-block-heading\">Bli med p\u00e5 denne unike muligheten til \u00e5 bli med p\u00e5 en guidet tur i den storslagne, vinterkledte naturen i B\u00f8rgefjell. Gjennom tiln\u00e6rmet ur\u00f8rt villmark er dette en tur som garantert vil sette spor i deg!<\/h3>\n\n\n\n<h3 class=\"wp-block-heading\">Vi har \u00f8kt varigheten p\u00e5 skituren til fem dager. Dette gj\u00f8r vi for at vi skal ha god tid underveis og at det skal bli en fin tur for alle selv om vi skulle f\u00e5 hardt v\u00e6r eller t\u00f8ffe sn\u00f8forhold.<\/h3>\n\n\n\n<figure class=\"wp-block-image alignwide size-full is-style-default\"><img fetchpriority=\"high\" decoding=\"async\" width=\"2560\" height=\"1920\" src=\"https:\/\/lengetur.no\/wp-content\/uploads\/2024\/09\/IMG_8515-scaled.jpg\" alt=\"\" class=\"wp-image-2419\" srcset=\"https:\/\/lengetur.no\/wp-content\/uploads\/2024\/09\/IMG_8515-scaled.jpg 2560w, https:\/\/lengetur.no\/wp-content\/uploads\/2024\/09\/IMG_8515-300x225.jpg 300w, https:\/\/lengetur.no\/wp-content\/uploads\/2024\/09\/IMG_8515-1024x768.jpg 1024w, https:\/\/lengetur.no\/wp-content\/uploads\/2024\/09\/IMG_8515-2000x1500.jpg 2000w\" sizes=\"(max-width: 2560px) 100vw, 2560px\" \/><figcaption class=\"wp-element-caption\">FORAN KVIGTIND, MARS 2024<\/figcaption><\/figure>\n\n\n\n<p><strong>B\u00f8rgefjell ligger p\u00e5 grensen mellom Tr\u00f8ndelag og Nordland og er v\u00e5r nest eldste og en av v\u00e5re mest kjente nasjonalparker. Her er det fortsatt uber\u00f8rt villmark, stillhet og man kan ferdes alene med naturen og opplevelsene i dagevis. Parken ligger oppunder polarsirkelen og byr dermed p\u00e5 et barskt klima og landskap.&nbsp;Naturen er enest\u00e5ende vakker og det finnes f\u00e5 spor etter mennesker i parken. Vi benytter telt til overnatting p\u00e5 turen.&nbsp;<\/strong><\/p>\n\n\n\n<div class=\"wp-block-columns is-layout-flex wp-container-core-columns-is-layout-28f84493 wp-block-columns-is-layout-flex\">\n<div class=\"wp-block-column is-layout-flow wp-block-column-is-layout-flow\">\n<h3 class=\"wp-block-heading has-text-align-center\"><strong><a href=\"#om-turen-B\" data-type=\"internal\" data-id=\"#om-turen-B\">OM TUREN<\/a><\/strong><\/h3>\n<\/div>\n\n\n\n<div class=\"wp-block-column is-layout-flow wp-block-column-is-layout-flow\">\n<h3 class=\"wp-block-heading has-text-align-center\"><strong><a href=\"#dagsprogram-B\" data-type=\"internal\" data-id=\"#dagsprogram-B\">DAGSPROGRAM<\/a><\/strong><\/h3>\n<\/div>\n\n\n\n<div class=\"wp-block-column is-layout-flow wp-block-column-is-layout-flow\">\n<h3 class=\"wp-block-heading has-text-align-center\"><strong><a href=\"#praktisk-info-B\" data-type=\"internal\" data-id=\"#praktisk-info-B\">PRAKTISK INFO<\/a><\/strong><\/h3>\n\n\n\n<p><\/p>\n<\/div>\n<\/div>\n\n\n\n<div class=\"wp-block-columns is-layout-flex wp-container-core-columns-is-layout-28f84493 wp-block-columns-is-layout-flex\">\n<div class=\"wp-block-column is-layout-flow wp-block-column-is-layout-flow\"><\/div>\n\n\n\n<div class=\"wp-block-column is-layout-flow wp-block-column-is-layout-flow\">\n<h3 class=\"wp-block-heading has-text-align-center\"><strong><a href=\"https:\/\/lengetur.no\/?page_id=1309\" data-type=\"page\" data-id=\"1309\" target=\"_blank\" rel=\"noreferrer noopener\">UTSTYRSLISTE<\/a><\/strong> <\/h3>\n<\/div>\n\n\n\n<div class=\"wp-block-column is-layout-flow wp-block-column-is-layout-flow\"><\/div>\n<\/div>\n\n\n\n<h3 class=\"wp-block-heading\" id=\"om-turen-B\"><strong>OM TUREN:<\/strong><\/h3>\n\n\n\n<p><strong>TIDSROM:     <\/strong><\/p>\n\n\n\n<p class=\"has-vivid-cyan-blue-color has-text-color\"><strong>MARS 2027 <\/strong><\/p>\n\n\n\n<p><strong>ANTALL DELTAKERE:<\/strong>&nbsp;<strong>DET ER 12 PLASSER P\u00c5 TUREN OG MINIMUM&nbsp;6&nbsp;DELTAKERE<\/strong> <strong>FOR AT TUREN SKAL BLI GJENNOMF\u00d8RT.<\/strong><\/p>\n\n\n\n<p><strong>Det vil avholdes et Teamsm\u00f8te med deltakerne ca to uker f\u00f8r turstart.<\/strong><\/p>\n\n\n\n<p><strong>Total lengde p\u00e5 turen er 60-70 km.<\/strong>&nbsp;Vi benytter telt til overnatting og vi har utstyret v\u00e5rt med i hver v\u00e5r pulk.<\/p>\n\n\n\n<p>I prisen ligger det innbakt overnatting hos <a href=\"https:\/\/utpaaneset.no\/\"><strong>Utp\u00e5 Neset<\/strong><\/a> i Trofors f\u00f8rste natta. Busstransport fra Trofors til startsted p\u00e5 Tomasvatn og fra endestasjon i Harvassdalen og tilbake til Trofors er inkludert i prisen.<\/p>\n\n\n\n<p>Det er mulig \u00e5 l\u00e5ne telt fra <a href=\"https:\/\/barentsoutdoor.no\/\" target=\"_blank\" rel=\"noreferrer noopener\"><strong>Barents Outdoor<\/strong><\/a> og pulk fra <strong><a href=\"https:\/\/www.fjellpulken.no\" target=\"_blank\" rel=\"noreferrer noopener\">Fjellpulken<\/a><\/strong>. <\/p>\n\n\n\n<p>Turen starter hos <a href=\"https:\/\/utpaaneset.no\/\" target=\"_blank\" rel=\"noreferrer noopener\">UTP\u00c5 NESET<\/a><a href=\"https:\/\/utpaaneset.no\/\"> <\/a> i&nbsp;Trofors&nbsp;og vi m\u00f8tes p\u00e5 kvelden p\u00e5 forberedelsesdagen (s\u00f8ndag) for informasjonsm\u00f8te, gjennomgang av utstyr, fordeling av fellesutstyr og pakking av pulker. Neste dag blir vi kj\u00f8rt til Tomasvatn, ca 6 mil s\u00f8r om Trofors. Vi skal krysse nasjonalparken p\u00e5 tvers og g\u00e5r 10 -18 km hver dag, og bruker god tid gjennom den vakre naturen. Vi deler p\u00e5 fellesutstyr som reserveski og sikkerhetsutstyr. V\u00e5re turledere er lokalkjente og har fokus p\u00e5 at du som deltaker skal f\u00f8le deg trygg og godt ivaretatt. Etter fem dager p\u00e5 ski avslutter vi turen p\u00e5 Sj\u00e5neset i Harvassdalen hvor vi blir hentet og kj\u00f8rt de \u00e5tte milene tilbake til&nbsp;Trofors.<\/p>\n\n\n\n<p>Det er fint om du har noe erfaring med \u00e5 v\u00e6re i fjellet over flere dager, men v\u00e5re kunnskapsrike turledere vil uansett f\u00e5 deg trygt gjennom denne turen. De vil ogs\u00e5 l\u00e6re bort mange lure triks underveis. Det finnes ingen mobildekning i omr\u00e5det, men vi har med satellittsystem til n\u00f8dbruk. Deltagerne m\u00e5 ha med personlig utstyr i henhold til utstyrsliste.<\/p>\n\n\n\n<p><strong>Se <a href=\"https:\/\/lengetur.no\/?page_id=1309\" data-type=\"page\" data-id=\"1309\" target=\"_blank\" rel=\"noreferrer noopener\">UTSTYRSLISTE<\/a> <\/strong> <\/p>\n\n\n\n<figure class=\"wp-block-image aligncenter size-large is-style-default\"><img decoding=\"async\" width=\"1024\" height=\"768\" src=\"https:\/\/lengetur.no\/wp-content\/uploads\/2024\/09\/434227605_7066796050096020_4915044533774954052_n-1024x768.jpeg\" alt=\"\" class=\"wp-image-2417\" srcset=\"https:\/\/lengetur.no\/wp-content\/uploads\/2024\/09\/434227605_7066796050096020_4915044533774954052_n-1024x768.jpeg 1024w, https:\/\/lengetur.no\/wp-content\/uploads\/2024\/09\/434227605_7066796050096020_4915044533774954052_n-300x225.jpeg 300w, https:\/\/lengetur.no\/wp-content\/uploads\/2024\/09\/434227605_7066796050096020_4915044533774954052_n-2000x1500.jpeg 2000w, https:\/\/lengetur.no\/wp-content\/uploads\/2024\/09\/434227605_7066796050096020_4915044533774954052_n.jpeg 2048w\" sizes=\"(max-width: 1024px) 100vw, 1024px\" \/><figcaption class=\"wp-element-caption\">BLINDF\u00d8RE VED KJUKKELELVA, MARS 2024<\/figcaption><\/figure>\n\n\n\n<h3 class=\"wp-block-heading\" id=\"dagsprogram-B\"><strong>DAGSPROGRAM :<\/strong><\/h3>\n\n\n\n<h3 class=\"wp-block-heading\">Det tas forbehold om endringer i dagsprogrammet og planlagt rute grunnet v\u00e6r og vind som vi ikke r\u00e5r over. I B\u00f8rgefjell nasjonalpark ut\u00f8ves det fortsatt reindrift og vi er forpliktet til \u00e5 hensynta dyreliv. Hvis vi m\u00e5 endre rute underveis er alle utveier fra B\u00f8rgefjell like vakre. Dersom v\u00e6r og f\u00f8re tilsier det, kan vi ogs\u00e5 snu ruta og g\u00e5 motsatt vei av beskrivelsen nedenfor.<\/h3>\n\n\n\n<h3 class=\"wp-block-heading\"><strong><strong>\u2013 <strong>FORBEREDELSESDAG:<\/strong>     .     <\/strong><\/strong><\/h3>\n\n\n\n<h3 class=\"wp-block-heading\">S\u00d8NDAG : <strong><strong>OPPM\u00d8TE I TROFORS<\/strong><\/strong><\/h3>\n\n\n\n<p><strong>Vi m\u00f8tes&nbsp;hos UTP\u00c5 NESET&nbsp;kl 18.00<\/strong> for informasjon, gjennomgang av utstyr og bekledning. Vi pakker pulker og fordeler fellesutstyr slik at de er klare til neste dag. Vi tar tidlig kveld for en god natts s\u00f8vn.<\/p>\n\n\n\n<h3 class=\"wp-block-heading\"><strong>&#8211; TURDAG 1, mandag : Tomasvatn &#8211; Orrekvatnet <\/strong><\/h3>\n\n\n\n<p>F\u00f8rste etappen g\u00e5r med buss fra&nbsp;Trofors&nbsp;til Tomasvatn. Her starter skituren med langfeller p\u00e5 skiene og en noe bratt og tung oppstigning til Storelvh\u00f8gda som ligger p\u00e5 grensen til nasjonalparken. Herfra er det flott utsikt inn til fjellene og det mer \u00e5pne og slakere terrenget. Vi kj\u00f8rer ned fra h\u00f8gda, over Storelva og mot Orrekvatnet. Her finner vi oss et egnet leiromr\u00e5de i \u00f8stenden av vatnet. <\/p>\n\n\n\n<h3 class=\"wp-block-heading\"><strong>&#8211; TURDAG 2, tirsdag : Orrekvatnet &#8211; Jengelen \u2013 Lille Kjukkelvann<\/strong><\/h3>\n\n\n\n<p>Fra Orrekvatnet f\u00e5r vi litt stigning de f\u00f8rste kilometerne f\u00f8r vi glir ned til Jengelen og Jengelhytta. Herfra kan vi se langt innover B\u00f8rgefjellet i alle retninger. Etter lunsj g\u00e5r vi videre mot Lille Kjukkelen og nattens leirplass.<\/p>\n\n\n\n<h3 class=\"wp-block-heading\"><strong>&#8211; TURDAG 3, onsdag : \u2013 Lille Kjukkelvann \u00a0\u2013 Store Kjukkelvann<\/strong><\/h3>\n\n\n\n<p>Vi pakker leiren og starter dagens etappe til Store Kjukkelvann. Har du flere typer feller til skiene, kan det v\u00e6re bedre \u00e5 sette p\u00e5 noen som glir bedre i dag. N\u00e5r vi f\u00f8rst er kommet inn i parken er terrenget snilt, det g\u00e5r i slake stigninger opp til Store Kjukkelvann. Landskapet er \u00e5pent og er v\u00e6ret riktig vil vi i dag ha en fantastisk utsikt mot B\u00f8rgefjellets dronning \u2013 Kvigtinden p\u00e5 1699 moh. Det er sjelden \u00e5 m\u00f8te folk og vi m\u00e5 sette v\u00e5re egne spor. Det b\u00f8r nytes med gode pauser underveis f\u00f8r vi p\u00e5 ettermiddag campen i nordenden av Store Kjukkelvann. <\/p>\n\n\n\n<h3 class=\"wp-block-heading\"><strong><strong>&#8211; TURDAG 4, torsdag : <strong style=\"font-weight: bold;\"><\/strong> \u2013 <strong>Store Kjukkelvann \u2013 Vestre Tiplingen<\/strong><\/strong><\/strong><\/h3>\n\n\n\n<p>Vi er p\u00e5 turens h\u00f8yeste punkt rundt 850 moh, og forlater den \u00e5pne naturen for \u00e5 g\u00e5 slakt nedover til Vestre Tiplingen. Landskapet blir trangere med Gapsfjellet p\u00e5 1165 moh p\u00e5 den ene siden og mot nord ligger b\u00e5de M\u00e5skarfjellet og Simskardfjellet som troner vel 1300 moh. Vi spiser lunsj underveis og bruker dagen godt. I dette omr\u00e5det kan vi ogs\u00e5 f\u00e5 se rein, fjellrev og mer fugl ettersom vi kommer lenger ned i fjellet. Dagene er lange og lyse s\u00e5 vi har godt med tid. Vi setter leir i n\u00e6rheten av Tiplingen Skogstue \u00f8st i vannet og nyter turens siste middag i camp, forh\u00e5pentligvis i en flott solnedgang.<\/p>\n\n\n\n<h3 class=\"wp-block-heading\"><strong><strong>&#8211; TURDAG 5, fredag : \u2013 Vestre Tiplingen \u2013 Sj\u00e5nes<\/strong><\/strong>et<\/h3>\n\n\n\n<p>Vestre Tiplingen avl\u00f8ses av \u00d8stre Tiplingen og n\u00e5r vi n\u00e6rmer oss sivilisasjon passerer vi flere hytter som ble satt opp f\u00f8r omr\u00e5det ble nasjonalpark. Vi tar oss nedover dalen og m\u00f8tet med skogen gj\u00f8r det enklere \u00e5 g\u00e5 p\u00e5 selve Tiplingelva s\u00e5 mye som mulig. Ved Sj\u00e5nes venter skyssen som skal ta oss tilbake etter 5 dager i villmarka. Vi f\u00e5r en flott kj\u00f8retur gjennom Harvassdalen, Susendal, Hattfjelldal og videre og tilbake til&nbsp;Trofors. Dersom gruppa \u00f8nsker det avslutter vi turen med en felles middag p\u00e5 Trixie p\u00e5 Trofors (ikke inkludert i prisen).<\/p>\n\n\n\n<h3 class=\"wp-block-heading\"><strong><strong>\u2013 Hjemreise<\/strong><\/strong><\/h3>\n\n\n\n<p>Hvis noen \u00f8nsker kan vi legge til rette for overnatting p\u00e5 UT P\u00c5 NESET til 28. mars koster dette 500kr pr.pers og avtales direkte med vertskapet p\u00e5 forberedelsesdagen. Dette er <strong>ikke<\/strong> inkludert i prisen.<\/p>\n\n\n\n<h2 class=\"wp-block-heading\"><a href=\"https:\/\/youtube.com\/shorts\/o92W2F0mdo8?feature=share\" target=\"_blank\" rel=\"noreferrer noopener\">HER KAN DU SE EN LITEN OPPSUMMERING AV TUREN I 2024!<\/a><\/h2>\n\n\n\n<p><\/p>\n\n\n\n<figure class=\"wp-block-image aligncenter size-large is-style-default\"><img decoding=\"async\" width=\"1024\" height=\"768\" src=\"http:\/\/lengetur.no\/wp-content\/uploads\/2022\/07\/IMG_0646-1024x768.jpg\" alt=\"\" class=\"wp-image-1146\" srcset=\"https:\/\/lengetur.no\/wp-content\/uploads\/2022\/07\/IMG_0646-1024x768.jpg 1024w, https:\/\/lengetur.no\/wp-content\/uploads\/2022\/07\/IMG_0646-300x225.jpg 300w, https:\/\/lengetur.no\/wp-content\/uploads\/2022\/07\/IMG_0646-768x576.jpg 768w, https:\/\/lengetur.no\/wp-content\/uploads\/2022\/07\/IMG_0646-1536x1152.jpg 1536w, https:\/\/lengetur.no\/wp-content\/uploads\/2022\/07\/IMG_0646-2048x1536.jpg 2048w, https:\/\/lengetur.no\/wp-content\/uploads\/2022\/07\/IMG_0646-2000x1500.jpg 2000w\" sizes=\"(max-width: 1024px) 100vw, 1024px\" \/><figcaption class=\"wp-element-caption\">KVIGTIND SETT FRA TIPLINGAN UNDER TUR 2, 2022<\/figcaption><\/figure>\n\n\n\n<h3 class=\"wp-block-heading\" id=\"praktisk-info-B\"><strong>PRAKTISK INFO:<\/strong><\/h3>\n\n\n\n<h4 class=\"wp-block-heading\"><strong>VANSKELIGHETSGRAD<\/strong><\/h4>\n\n\n\n<p>Turen gjennom B\u00f8rgefjell nasjonalpark er middels+ krevende og egner seg for normalt godt trente, skiglade folk som har noe erfaring fra vinterfjellet. Har du ingen erfaring fra \u00e5 sove ute i vinternatta vil vi anbefale \u00e5 teste dette f\u00f8rst, men denne turen er under normale forhold en fin tur for deg som \u00f8nsker \u00e5 l\u00e6re mer om lengre vinterturer. <strong><a href=\"https:\/\/lengetur.no\/?page_id=126\">\u00d8nsker du i forkant \u00e5 bli tryggere p\u00e5 vintertur, kan vi anbefale v\u00e5rt \u00abGrunnkurs langtur vinter\u00bb p\u00e5 Hedmarksvidda<\/a> <\/strong><\/p>\n\n\n\n<p>Det forutsettes god fysikk: Dvs at deltakerne ved turstart er i stand til \u00e5 trekke pulk p\u00e5<br>40-50 kg i inntil \u00e5tte timer hver dag. Gangfart ca tre km\/t p\u00e5 det som regnes som normalt f\u00f8re. Vi tar korte pauser med p\u00e5fyll av v\u00e5tt og t\u00f8rt hver halvtime.<br><strong>Deltakerne kommer til \u00e5 f\u00e5 tilsendt et enkelt treningsprogram som skal f\u00f8lges fram til turstart, og vi kommer til \u00e5 ha oppf\u00f8lging p\u00e5 at man gjennomf\u00f8rer de n\u00f8dvendige fysiske forberedelsene til turen.<\/strong><\/p>\n\n\n\n<h4 class=\"wp-block-heading\">TURLEDERE: Settes opp i oktober 2026.<\/h4>\n\n\n\n<p><\/p>\n\n\n\n<h4 class=\"wp-block-heading\"><strong>UTSTYR<\/strong><\/h4>\n\n\n\n<p>Det forutsettes at deltakerne har utstyr som er tilpasset og egnet for denne type tur. Turleder har anledning til \u00e5 nekte deltaker \u00e5 delta p\u00e5 turen dersom vedkommende har med mangelfullt utstyr eller hvis den fysiske tilstanden ikke er p\u00e5 det niv\u00e5et turen krever. Deltaker kan av samme grunn bli bedt om \u00e5 avbryte turen underveis. Dersom turleder m\u00e5 ta denne avgj\u00f8relsen, m\u00e5 deltaker dekke de utgiftene som m\u00e5tte komme til for arrang\u00f8ren og deltakeren selv som f\u00f8lge av dette.&nbsp;Arrang\u00f8ren har mulighet til \u00e5 bist\u00e5 med noen utstyr dersom man gir beskjed i rimelig tid.<\/p>\n\n\n\n<p>For de som ikke har pulk stiller <a rel=\"noreferrer noopener\" href=\"http:\/\/fjellpulken.no\" target=\"_blank\">FJELLPULKEN <\/a>med et antall komplette l\u00e5nepulker. <\/p>\n\n\n\n<p><a rel=\"noreferrer noopener\" href=\"http:\/\/barentsoutdoor.no\" target=\"_blank\">BARENTS OUTDOOR<\/a> stiller vintertelt til l\u00e5ns for deltakere som ikke har egnet telt. Ved l\u00e5n av telt m\u00e5 man p\u00e5regne at man kan m\u00e5tte dele dette med en annen deltaker.<\/p>\n\n\n\n<p>Vi har multifuelbrenner til l\u00e5ns for de som ikke har selv.<\/p>\n\n\n\n<p>LINK TIL UTSTYRSLISTE \u00d8VERST P\u00c5 SIDEN !<\/p>\n\n\n\n<h4 class=\"wp-block-heading\"><strong>V\u00c6R OG ANDRE FORBEHOLD<\/strong><\/h4>\n\n\n\n<p>Det tas forbehold om endringer i dagsprogrammet&nbsp;og rute grunnet v\u00e6r og vind som vi ikke r\u00e5r over.&nbsp;Det finnes ingen mobildekning langs ruta, men vi har med satellittsystem til n\u00f8dbruk. Det ut\u00f8ves reindrift i omr\u00e5det og vi kan m\u00e5tte endre rute underveis for \u00e5 hensynta dyrene. Det gj\u00f8r ingenting \u2013 det er like vakkert uansett hvilken vei man tar.<\/p>\n\n\n\n<p>Det er ikke tillatt med med hund p\u00e5 denne turen.<\/p>\n\n\n\n<h4 class=\"wp-block-heading\"><strong><strong>LENGDE P\u00c5 TUR<\/strong><\/strong><\/h4>\n\n\n\n<p>Skituren er p\u00e5 mellom 60 og 70 km og vi skal g\u00e5 10-18 km pr dag. Vi benytter telt til overnatting og har utstyret med oss i pulk. Alle m\u00e5 dra eget utstyr samt deler av felles utstyr og proviant.<\/p>\n\n\n\n<h4 class=\"wp-block-heading\"><strong>REISEN TIL OG FRA<\/strong><\/h4>\n\n\n\n<p>Trofors ligger ved E6 ca seks mil s\u00f8r for Mosj\u00f8en hvor n\u00e6rmeste flyplass ligger. Til Trofors kommer man enklest med bil eller med tog (sj.no). For de som \u00f8nsker \u00e5 ankomme med fly er det Wider\u00f8e som opererer flyplassen i Mosj\u00f8en (wideroe. no). Bussforbindelse derfra til Trofors.<\/p>\n\n\n\n<h4 class=\"wp-block-heading\"><strong>FORSIKRING<\/strong><\/h4>\n\n\n\n<p>Vi anbefaler at du tegner vanlig ulykkes-, avbestillings- og reiseforsikring som dekker denne type tur i tilfelle uhellet er ute. Dette er som regel noe de aller fleste b\u00f8r ha, og en \u00e5rlig forsikring er ofte mye rimeligere enn \u00e5 kj\u00f8pe for hver enkelt tur.<\/p>\n\n\n\n<p><\/p>\n\n\n\n<h4 class=\"wp-block-heading\">SE <a href=\"https:\/\/lengetur.no\/?page_id=1362\" data-type=\"page\" data-id=\"1362\">V\u00c5RE BETALINGSBETINGELSER<\/a> FOR BETALING AV DELTAKERAVGIFT TIL DENNE TUREN!<\/h4>\n\n\n\n<h2 class=\"wp-block-heading\"><strong>DELTAKERAVGIFT KOMMER I OKTOBER 2026<\/strong>.<\/h2>\n\n\n\n<h2 class=\"wp-block-heading\">P\u00c5MELDING \u00c5PNER I OKTOBER 2026.<\/h2>\n\n\n\n<h3 class=\"wp-block-heading\"><a href=\"https:\/\/lengetur.no\/?page_id=1362\" data-type=\"page\" data-id=\"1362\">V\u00c5RE BETALINGSBETINGELSER<\/a><\/h3>\n\n\n\n<h4 class=\"wp-block-heading\"><strong>INKLUDERT I PRISEN<\/strong><\/h4>\n\n\n\n<ul class=\"wp-block-list\">\n<li>Skitur 5 dager i B\u00f8rgefjell nasjonalpark med alle tillatelser, forsikring osv<\/li>\n\n\n\n<li>To lokalkjente og sv\u00e6rt erfarne guider <\/li>\n\n\n\n<li>Overnatting en natt hos UTP\u00c5 NESET<\/li>\n\n\n\n<li>L\u00e5netelt fra BARENTS OUTDOOR for de som ikke har eget egnet telt.<\/li>\n\n\n\n<li>L\u00e5nepulk fra Fjellpulken (pulk, drag, sele) for de som ikke har egen.<\/li>\n\n\n\n<li>L\u00e5n av multifuelbrenner for de som ikke har egen. Brennstoff IKKE inkludert.<\/li>\n\n\n\n<li>Transport fra Trofors til start p\u00e5 Tomasvatn<\/li>\n\n\n\n<li>Transport tilbake fra Sj\u00e5neset til Trofors<\/li>\n\n\n\n<li>Lunsj og middager p\u00e5 skituren, 11 m\u00e5ltider (REAL turmat)<\/li>\n\n\n\n<li>Enkel middag p\u00e5 UTP\u00c5 NESET f\u00f8rste kvelden (s\u00f8ndag)<\/li>\n\n\n\n<li>Enkel frokost p\u00e5 f\u00f8rste turdag (mandag).<\/li>\n\n\n\n<li>Fellesutstyr (sikkerhetsutstyr, reserveutstyr).<\/li>\n\n\n\n<li>Utfyllende utstyrsliste<\/li>\n\n\n\n<li>Oppf\u00f8lging av turleder fram mot turen<\/li>\n\n\n\n<li>Teamsm\u00f8te med turlederne og de andre deltakerne ca to uker f\u00f8r turstart<\/li>\n<\/ul>\n\n\n\n<h4 class=\"wp-block-heading\"><strong>IKKE INKLUDERT I PRISEN<\/strong><\/h4>\n\n\n\n<ul class=\"wp-block-list\">\n<li>Reisen til og fra Trofors.<\/li>\n\n\n\n<li>Overnatting p\u00e5 Trofors etter turen dersom man \u00f8nsker det (500kr).<\/li>\n\n\n\n<li>Personlig utstyr til \u00e5 gjennomf\u00f8re skituren (se utstyrsliste)<\/li>\n\n\n\n<li>Frokost fire dager (vi sender ut oppskrift p\u00e5 frokost til turdagene).<\/li>\n\n\n\n<li>M\u00e5ltider f\u00f8r og etter turen utenom program<\/li>\n\n\n\n<li>Drikke til m\u00e5ltidene<\/li>\n\n\n\n<li>Personlig snack, sjokolade, n\u00f8tter osv til turen<\/li>\n\n\n\n<li>Personlig reise-\/ulykke-\/avbestillingsforsikring<\/li>\n\n\n\n<li>Eventuell fellesmiddag p\u00e5 Trixie etter turen<\/li>\n<\/ul>\n\n\n\n<h2 class=\"wp-block-heading\"><\/h2>\n\n\n\n<p class=\"has-text-align-center\"><strong><a href=\"http:\/\/lengetur.no\/?page_id=417\" data-type=\"page\" data-id=\"417\">TIL TOPPEN<\/a><\/strong><\/p>\n","protected":false},"excerpt":{"rendered":"<p>B\u00d8RGEFJELL GIR OG B\u00d8RGEFJELL TAR. S\u00e5nn er det bare. Bli med p\u00e5 denne unike muligheten til \u00e5 bli med p\u00e5 en guidet tur i den storslagne, vinterkledte naturen i B\u00f8rgefjell. Gjennom tiln\u00e6rmet ur\u00f8rt villmark er dette en tur som garantert vil sette spor i deg! Vi har \u00f8kt varigheten p\u00e5 skituren til fem dager. Dette &hellip; <\/p>\n<p class=\"link-more\"><a href=\"https:\/\/lengetur.no\/?page_id=417\" class=\"more-link\">Read more<span class=\"screen-reader-text\"> &laquo;&#8211; B\u00d8RGEFJELL P\u00c5 TVERS, MARS 2027&raquo;<\/span><\/a><\/p>\n","protected":false},"author":1,"featured_media":544,"parent":0,"menu_order":0,"comment_status":"closed","ping_status":"closed","template":"","meta":{"inspiro_hide_title":false,"footnotes":""},"class_list":["post-417","page","type-page","status-publish","has-post-thumbnail","hentry"],"_links":{"self":[{"href":"https:\/\/lengetur.no\/index.php?rest_route=\/wp\/v2\/pages\/417","targetHints":{"allow":["GET"]}}],"collection":[{"href":"https:\/\/lengetur.no\/index.php?rest_route=\/wp\/v2\/pages"}],"about":[{"href":"https:\/\/lengetur.no\/index.php?rest_route=\/wp\/v2\/types\/page"}],"author":[{"embeddable":true,"href":"https:\/\/lengetur.no\/index.php?rest_route=\/wp\/v2\/users\/1"}],"replies":[{"embeddable":true,"href":"https:\/\/lengetur.no\/index.php?rest_route=%2Fwp%2Fv2%2Fcomments&post=417"}],"version-history":[{"count":152,"href":"https:\/\/lengetur.no\/index.php?rest_route=\/wp\/v2\/pages\/417\/revisions"}],"predecessor-version":[{"id":2820,"href":"https:\/\/lengetur.no\/index.php?rest_route=\/wp\/v2\/pages\/417\/revisions\/2820"}],"wp:featuredmedia":[{"embeddable":true,"href":"https:\/\/lengetur.no\/index.php?rest_route=\/wp\/v2\/media\/544"}],"wp:attachment":[{"href":"https:\/\/lengetur.no\/index.php?rest_route=%2Fwp%2Fv2%2Fmedia&parent=417"}],"curies":[{"name":"wp","href":"https:\/\/api.w.org\/{rel}","templated":true}]}}