{"id":324,"date":"2021-09-30T10:08:45","date_gmt":"2021-09-30T10:08:45","guid":{"rendered":"http:\/\/lengetur.no\/?page_id=324"},"modified":"2024-12-31T11:45:30","modified_gmt":"2024-12-31T09:45:30","slug":"samarbeidspartnere","status":"publish","type":"page","link":"https:\/\/lengetur.no\/?page_id=324","title":{"rendered":"&#8211; V\u00c5RE SAMARBEIDSPARTNERE"},"content":{"rendered":"\n<p>Selv om vi har samarbeidsavtaler med mange produsenter\/leverand\u00f8rer, er vi ikke st\u00f8rre enn at vi m\u00e5 betale for stort sett alt av utstyr og mat selv. Derfor kan vi ogs\u00e5 trygt si at vi bruker dette utstyret fordi vi virkelig \u00f8nsker det, ikke fordi vi er &laquo;kj\u00f8pt og betalt&raquo;. Det er ogs\u00e5 grunnen til at vi anser det som samarbeidspartnere og ikke sponsorer.<\/p>\n\n\n\n<p><strong>Vi har bevisst valgt \u00e5 bruke norske produsenter\/leverand\u00f8rer<\/strong> da disse er fullt p\u00e5 h\u00f8yde med, eller bedre enn de utenlandske. Selv om det ikke er alle som produserer her i landet lenger, skjer alt av utviklingsarbeid i Norge, og det er arbeidsplasser det er verdt \u00e5 st\u00f8tte opp om! I tillegg er samtlige vi har v\u00e6rt i kontakt med hos produsentene utrolig trivelige folk!<\/p>\n\n\n\n<figure class=\"wp-block-image size-large is-resized is-style-default\" id=\"block-abc2b460-af9b-4460-bfdb-5813973d41c5\"><img fetchpriority=\"high\" decoding=\"async\" width=\"1024\" height=\"225\" src=\"http:\/\/lengetur.no\/wp-content\/uploads\/2021\/09\/Fjellpulken-logo-REVIDERT-10_10_15-09-1024x225.png\" alt=\"\" class=\"wp-image-326\" style=\"width:566px;height:123px\" srcset=\"https:\/\/lengetur.no\/wp-content\/uploads\/2021\/09\/Fjellpulken-logo-REVIDERT-10_10_15-09-1024x225.png 1024w, https:\/\/lengetur.no\/wp-content\/uploads\/2021\/09\/Fjellpulken-logo-REVIDERT-10_10_15-09-300x66.png 300w, https:\/\/lengetur.no\/wp-content\/uploads\/2021\/09\/Fjellpulken-logo-REVIDERT-10_10_15-09-768x169.png 768w, https:\/\/lengetur.no\/wp-content\/uploads\/2021\/09\/Fjellpulken-logo-REVIDERT-10_10_15-09.png 1045w\" sizes=\"(max-width: 1024px) 100vw, 1024px\" \/><\/figure>\n\n\n\n<p><strong><a href=\"http:\/\/Fjellpulken.no\" data-type=\"URL\" data-id=\"Fjellpulken.no\" target=\"_blank\" rel=\"noreferrer noopener\">FJELLPULKEN:<\/a><\/strong><a href=\"FJELLPULKEN:\u00a0\">\u00a0<\/a> Pulk, trekk-\/tursekk, pulkbager, sleeper, pakkposer og ekspedisjonsdrag<\/p>\n\n\n\n<figure class=\"wp-block-image is-resized is-style-default\" id=\"block-cd4ad09b-b2b0-4a40-a35d-8c87de5777a8\"><img decoding=\"async\" src=\"https:\/\/lengetur.files.wordpress.com\/2021\/05\/img_5856.jpg?w=1024\" alt=\"Dette bildet har en tom alt-tekst; dets filnavn er img_5856.jpg\" style=\"width:389px;height:72px\"\/><\/figure>\n\n\n\n<p id=\"block-b62f0b7e-ccec-47db-8058-e4b000a69e93\"><strong><a rel=\"noreferrer noopener\" href=\"http:\/\/barentsoutdoor.no\" data-type=\"URL\" data-id=\"barentsoutdoor.no\" target=\"_blank\">BARENTS OUTDOOR:<\/a><\/strong> Telt og tarp. Verdens beste service-\/reparasjonsavdeling! &nbsp; <\/p>\n\n\n\n<figure class=\"wp-block-image size-full is-resized is-style-default\"><img decoding=\"async\" width=\"600\" height=\"600\" src=\"http:\/\/lengetur.no\/wp-content\/uploads\/2022\/04\/IMG_0931.png\" alt=\"\" class=\"wp-image-720\" style=\"width:304px;height:304px\" srcset=\"https:\/\/lengetur.no\/wp-content\/uploads\/2022\/04\/IMG_0931.png 600w, https:\/\/lengetur.no\/wp-content\/uploads\/2022\/04\/IMG_0931-300x300.png 300w, https:\/\/lengetur.no\/wp-content\/uploads\/2022\/04\/IMG_0931-150x150.png 150w\" sizes=\"(max-width: 600px) 100vw, 600px\" \/><\/figure>\n\n\n\n<p><a href=\"https:\/\/amokequipment.no\" data-type=\"URL\" data-id=\"https:\/\/amokequipment.no\" target=\"_blank\" rel=\"noreferrer noopener\"><strong>AMOK EQUIPMENT:<\/strong> <\/a>AMOK Draumr hengek\u00f8yer og tqrper.<\/p>\n\n\n\n<figure class=\"wp-block-image is-resized is-style-default\"><img decoding=\"async\" src=\"https:\/\/lengetur.files.wordpress.com\/2019\/07\/img_6855.jpg\" alt=\"IMG_6855\" class=\"wp-image-920\" style=\"width:189px;height:189px\"\/><\/figure>\n\n\n\n<p><a href=\"http:\/\/www.jaktia.no\" data-type=\"URL\" data-id=\"http:\/\/www.jaktia.no\" target=\"_blank\" rel=\"noreferrer noopener\"><strong>JAKTIA JESSHEIM:<\/strong>\u00a0<\/a>Div utstyr\/hardvare. KOVEA multifuelbrennere. GARMIN GPS.<\/p>\n\n\n\n<figure class=\"wp-block-image size-full\"><img decoding=\"async\" width=\"206\" height=\"72\" src=\"https:\/\/lengetur.no\/wp-content\/uploads\/2024\/12\/LOGO-BRYNJE.webp\" alt=\"\" class=\"wp-image-2534\"\/><\/figure>\n\n\n\n<p><a href=\"https:\/\/www.brynje.no\/\"><strong>BRYNJE:<\/strong><\/a> Bekledning. Underlagskl\u00e6r, skallkl\u00e6r, votter, luer.<\/p>\n\n\n\n<figure class=\"wp-block-image is-resized is-style-default\"><img decoding=\"async\" src=\"https:\/\/lengetur.files.wordpress.com\/2017\/07\/skjermbilde-2017-07-29-kl-15-38-28.jpg\" alt=\"Skjermbilde 2017-07-29 kl. 15.38.28\" class=\"wp-image-232\" style=\"width:576px;height:138px\"\/><\/figure>\n\n\n\n<p><strong><a rel=\"noreferrer noopener\" href=\"http:\/\/www.asnes.com\" target=\"_blank\">\u00c5SNES:<\/a><\/strong>&nbsp;Ski, feller og staver <\/p>\n\n\n\n<figure class=\"wp-block-image size-large is-resized is-style-default\"><img loading=\"lazy\" decoding=\"async\" width=\"1024\" height=\"277\" src=\"http:\/\/lengetur.no\/wp-content\/uploads\/2021\/09\/Alfa-Logo-Wordmark-Black-RGB-1024x277.png\" alt=\"\" class=\"wp-image-327\" style=\"width:393px;height:106px\" srcset=\"https:\/\/lengetur.no\/wp-content\/uploads\/2021\/09\/Alfa-Logo-Wordmark-Black-RGB-1024x277.png 1024w, https:\/\/lengetur.no\/wp-content\/uploads\/2021\/09\/Alfa-Logo-Wordmark-Black-RGB-300x81.png 300w, https:\/\/lengetur.no\/wp-content\/uploads\/2021\/09\/Alfa-Logo-Wordmark-Black-RGB-768x207.png 768w, https:\/\/lengetur.no\/wp-content\/uploads\/2021\/09\/Alfa-Logo-Wordmark-Black-RGB-1536x415.png 1536w, https:\/\/lengetur.no\/wp-content\/uploads\/2021\/09\/Alfa-Logo-Wordmark-Black-RGB-2048x553.png 2048w, https:\/\/lengetur.no\/wp-content\/uploads\/2021\/09\/Alfa-Logo-Wordmark-Black-RGB-2000x540.png 2000w\" sizes=\"(max-width: 1024px) 100vw, 1024px\" \/><\/figure>\n\n\n\n<p><strong><a rel=\"noreferrer noopener\" href=\"https:\/\/alfa.no\" target=\"_blank\">ALFA:<\/a><\/strong>&nbsp;Skist\u00f8vler, fotposer, kartanker og fjellst\u00f8vler. &nbsp;<\/p>\n\n\n\n<figure class=\"wp-block-image is-resized is-style-default\"><img decoding=\"async\" src=\"https:\/\/lengetur.files.wordpress.com\/2017\/07\/rottefella_logo_black.jpg\" alt=\"Rottefella_logo_Black\" class=\"wp-image-227\" style=\"width:364px;height:105px\"\/><\/figure>\n\n\n\n<p><strong><a href=\"https:\/\/www.rottefella.no\" target=\"_blank\" rel=\"noreferrer noopener\">ROTTEFELLA:<\/a><\/strong>\u00a0Bindinger, BC og Xplore \u00a0<\/p>\n\n\n\n<figure class=\"wp-block-image is-resized is-style-default\"><img decoding=\"async\" src=\"https:\/\/lengetur.files.wordpress.com\/2020\/06\/skjermbilde-2020-06-02-kl.-19.56.34.jpg\" alt=\"Skjermbilde 2020-06-02 kl. 19.56.34\" class=\"wp-image-1177\" style=\"width:369px;height:174px\"\/><\/figure>\n\n\n\n<p><a rel=\"noreferrer noopener\" href=\"https:\/\/www.undernull.no\" target=\"_blank\"><strong>UNDER NULL:<\/strong>&nbsp;<\/a>R\u00f8roslabben. Fantastisk leirsko p\u00e5 vinteren! <\/p>\n\n\n\n<figure class=\"wp-block-image size-full is-resized is-style-default\"><img loading=\"lazy\" decoding=\"async\" width=\"270\" height=\"124\" src=\"http:\/\/lengetur.no\/wp-content\/uploads\/2021\/09\/real_turmat_norsk-logo.jpg\" alt=\"\" class=\"wp-image-328\" style=\"width:364px;height:167px\"\/><\/figure>\n\n\n\n<p><strong><a rel=\"noreferrer noopener\" href=\"https:\/\/realoutdoorfood.com\" target=\"_blank\">REAL TURMAT:<\/a><\/strong>&nbsp;Turmat, sjokolade, bestikk. <\/p>\n\n\n\n<figure class=\"wp-block-image is-resized is-style-default\"><img decoding=\"async\" src=\"https:\/\/lengetur.files.wordpress.com\/2017\/11\/23899347_10213184750029204_1846643114_n.png\" alt=\"23899347_10213184750029204_1846643114_n\" class=\"wp-image-399\" style=\"width:185px;height:185px\"\/><\/figure>\n\n\n\n<p><a href=\"http:\/\/kokiro.no\" target=\"_blank\" rel=\"noreferrer noopener\"><strong>KOKIRO:<\/strong>&nbsp;<\/a>Kokiro primusplate og Mirry &nbsp;<\/p>\n","protected":false},"excerpt":{"rendered":"<p>Selv om vi har samarbeidsavtaler med mange produsenter\/leverand\u00f8rer, er vi ikke st\u00f8rre enn at vi m\u00e5 betale for stort sett alt av utstyr og mat selv. Derfor kan vi ogs\u00e5 trygt si at vi bruker dette utstyret fordi vi virkelig \u00f8nsker det, ikke fordi vi er &laquo;kj\u00f8pt og betalt&raquo;. Det er ogs\u00e5 grunnen til at &hellip; <\/p>\n<p class=\"link-more\"><a href=\"https:\/\/lengetur.no\/?page_id=324\" class=\"more-link\">Read more<span class=\"screen-reader-text\"> &laquo;&#8211; V\u00c5RE SAMARBEIDSPARTNERE&raquo;<\/span><\/a><\/p>\n","protected":false},"author":1,"featured_media":0,"parent":0,"menu_order":0,"comment_status":"closed","ping_status":"closed","template":"","meta":{"inspiro_hide_title":false,"footnotes":""},"class_list":["post-324","page","type-page","status-publish","hentry"],"_links":{"self":[{"href":"https:\/\/lengetur.no\/index.php?rest_route=\/wp\/v2\/pages\/324","targetHints":{"allow":["GET"]}}],"collection":[{"href":"https:\/\/lengetur.no\/index.php?rest_route=\/wp\/v2\/pages"}],"about":[{"href":"https:\/\/lengetur.no\/index.php?rest_route=\/wp\/v2\/types\/page"}],"author":[{"embeddable":true,"href":"https:\/\/lengetur.no\/index.php?rest_route=\/wp\/v2\/users\/1"}],"replies":[{"embeddable":true,"href":"https:\/\/lengetur.no\/index.php?rest_route=%2Fwp%2Fv2%2Fcomments&post=324"}],"version-history":[{"count":20,"href":"https:\/\/lengetur.no\/index.php?rest_route=\/wp\/v2\/pages\/324\/revisions"}],"predecessor-version":[{"id":2539,"href":"https:\/\/lengetur.no\/index.php?rest_route=\/wp\/v2\/pages\/324\/revisions\/2539"}],"wp:attachment":[{"href":"https:\/\/lengetur.no\/index.php?rest_route=%2Fwp%2Fv2%2Fmedia&parent=324"}],"curies":[{"name":"wp","href":"https:\/\/api.w.org\/{rel}","templated":true}]}}