{"id":2652,"date":"2025-10-06T23:14:24","date_gmt":"2025-10-06T21:14:24","guid":{"rendered":"https:\/\/lengetur.no\/?page_id=2652"},"modified":"2026-02-04T10:15:23","modified_gmt":"2026-02-04T08:15:23","slug":"hytte-til-hytte-i-langsua","status":"publish","type":"page","link":"https:\/\/lengetur.no\/?page_id=2652","title":{"rendered":"&#8211; HYTTE TIL HYTTE I LANGSUA"},"content":{"rendered":"\n<h1 class=\"wp-block-heading has-text-align-center\"><strong>14.-17. FEBRUAR 2026<\/strong><\/h1>\n\n\n\n<h1 class=\"wp-block-heading has-text-align-center has-text-color\" style=\"color:#fc0505\"><strong><em>NYHET FOR TURGLADE DAMER!!<\/em><\/strong><\/h1>\n\n\n\n<h1 class=\"wp-block-heading has-text-align-center\"><strong>VI HAR BR\u00c5TT F\u00c5TT EN LEDIG PLASS P\u00c5 TUREN! <\/strong><\/h1>\n\n\n\n<p><strong>F\u00d8RST TIL M\u00d8LLA!!<\/strong><\/p>\n\n\n\n<figure class=\"wp-block-image size-large\"><img fetchpriority=\"high\" decoding=\"async\" width=\"1024\" height=\"567\" src=\"http:\/\/lengetur.no\/wp-content\/uploads\/2025\/10\/Skjermbilde-2025-10-07-kl.-13.10.10-1024x567.jpg\" alt=\"\" class=\"wp-image-2678\" srcset=\"https:\/\/lengetur.no\/wp-content\/uploads\/2025\/10\/Skjermbilde-2025-10-07-kl.-13.10.10-1024x567.jpg 1024w, https:\/\/lengetur.no\/wp-content\/uploads\/2025\/10\/Skjermbilde-2025-10-07-kl.-13.10.10-300x166.jpg 300w, https:\/\/lengetur.no\/wp-content\/uploads\/2025\/10\/Skjermbilde-2025-10-07-kl.-13.10.10.jpg 1385w\" sizes=\"(max-width: 1024px) 100vw, 1024px\" \/><figcaption class=\"wp-element-caption\">FRA SISTE VINTERS TESTTUR..<\/figcaption><\/figure>\n\n\n\n<h2 class=\"wp-block-heading has-text-align-center\">Etter meget gode tilbakemeldinger p\u00e5 sist vinters testtur presenterer vi n\u00e5 denne nye turen i vinterprogrammet v\u00e5rt. Vi har f\u00e5tt mange foresp\u00f8rsler om en ren dametur ogs\u00e5 vinterstid. Vi liker \u00e5 lytte til innspill, s\u00e5 her er turen som kun er for dere turdamer\/turjenter!<\/h2>\n\n\n\n<p><strong>Det er oppm\u00f8te p\u00e5 SELST\u00d8LEN ved Yddin Fjellstue l\u00f8rdag 14\/2-26. <\/strong>Derfra g\u00e5r f\u00f8rste etappe i kj\u00f8rte l\u00f8yper opp til Storeskag. Her tilbringes den f\u00f8rste natta. Neste dags etappe er turens lengste og f\u00f8lger stikkal\u00f8yper til Storkvolvbu via Skriurusten. Tredje etappe g\u00e5r i lett terreng til Haldorbu, f\u00f8r vi g\u00e5r tilbake til Selst\u00f8len siste dagen. Det vi trenger \u00e5 ha med oss p\u00e5 turen har vi i sm\u00e5 og lette pulker fra v\u00e5r samarbeidspartner <a href=\"https:\/\/fjellpulken.com\/\"><strong>FJELLPULKEN<\/strong><\/a>.<\/p>\n\n\n\n<p>V\u00e5re meget erfarne og hyggelige turledere <strong><a href=\"https:\/\/lengetur.no\/?page_id=2219\" data-type=\"page\" data-id=\"2219\">Ann-Kristin<\/a><\/strong> og <a href=\"https:\/\/lengetur.no\/?page_id=1485\" data-type=\"page\" data-id=\"1485\"><strong>Mari<\/strong><\/a> vil lose dere trygt gjennom disse dagene. Sammen med dere vil de lage turen til en flott opplevelse, b\u00e5de underveis p\u00e5 etappene og p\u00e5 hyttene hvor vi skal bo. Ved ankomst til hyttene deles dere inn i ansvarsgrupper og vi samarbeider om oppfyring, sn\u00f8smelting og matlaging. Kveldene g\u00e5r med til sosiale aktiviteter av ulikt slag.<\/p>\n\n\n\n<figure class=\"wp-block-image size-large\"><img decoding=\"async\" width=\"1024\" height=\"562\" src=\"https:\/\/lengetur.no\/wp-content\/uploads\/2025\/10\/Skjermbilde-2025-10-07-kl.-13.33.34-1024x562.jpg\" alt=\"\" class=\"wp-image-2689\" srcset=\"https:\/\/lengetur.no\/wp-content\/uploads\/2025\/10\/Skjermbilde-2025-10-07-kl.-13.33.34-1024x562.jpg 1024w, https:\/\/lengetur.no\/wp-content\/uploads\/2025\/10\/Skjermbilde-2025-10-07-kl.-13.33.34-300x165.jpg 300w, https:\/\/lengetur.no\/wp-content\/uploads\/2025\/10\/Skjermbilde-2025-10-07-kl.-13.33.34.jpg 1244w\" sizes=\"(max-width: 1024px) 100vw, 1024px\" \/><figcaption class=\"wp-element-caption\">BL\u00c5TIMEN OVER HALDORBU.<\/figcaption><\/figure>\n\n\n\n<h2 class=\"wp-block-heading\">DAGSPLAN:<\/h2>\n\n\n\n<p><strong>DAG 1: 14\/2-26, SELST\u00d8LEN &#8211; STORESKAG<\/strong>:<\/p>\n\n\n\n<p><strong>Oppm\u00f8te Selst\u00f8len kl 10.00<\/strong>. Dersom noen kommer med buss til Heggenes, vil vi plukke dere opp der (ekspressbuss til Beitost\u00f8len). Utdeling av pulker, turmat og fellesutstyr. Fra Selst\u00f8len g\u00e5r vi ca 12km i kj\u00f8rte l\u00f8yper opp til Storeskag.<\/p>\n\n\n\n<p><strong>DAG 2: 15\/2-25, STORESKAG &#8211; STORKVOLVBU:<\/strong><\/p>\n\n\n\n<p>Turens lengste etappe p\u00e5 ca 20 km. Vi f\u00f8lger stikkal\u00f8yper via Plankebue gjennom lettg\u00e5tt terreng i Langsudalen fram til Skriurusten. Derfra blir det noen hundre meter med stigning f\u00f8r det igjen flater ut. Ny stigning p\u00e5 ca 150 h\u00f8ydemeter de siste par km opp til Storkvolvbu. Her f\u00e5r vi en sv\u00e6rt velfortjent hvil og forh\u00e5pentligvis ei god natt.<\/p>\n\n\n\n<figure class=\"wp-block-image size-large\"><img decoding=\"async\" width=\"1024\" height=\"549\" src=\"http:\/\/lengetur.no\/wp-content\/uploads\/2025\/10\/IMG_5407-1024x549.jpg\" alt=\"\" class=\"wp-image-2680\" srcset=\"https:\/\/lengetur.no\/wp-content\/uploads\/2025\/10\/IMG_5407-1024x549.jpg 1024w, https:\/\/lengetur.no\/wp-content\/uploads\/2025\/10\/IMG_5407-300x161.jpg 300w, https:\/\/lengetur.no\/wp-content\/uploads\/2025\/10\/IMG_5407-2000x1073.jpg 2000w\" sizes=\"(max-width: 1024px) 100vw, 1024px\" \/><figcaption class=\"wp-element-caption\">VI SAMARBEIDER OM FELLESOPPGAVER SOM SN\u00d8SMELITNG OG MIDDAGSLAGING P\u00c5 HYTTENE.<\/figcaption><\/figure>\n\n\n\n<p><strong>DAG 3: 16\/2-25, STORKVOLVBU &#8211; HALDORBU:<\/strong><\/p>\n\n\n\n<p>Etappe tre starter med kupert terreng de f\u00f8rste kilometerne f\u00f8r vi bikker over mot Fatkvolven og Langsubua. Dersom bua ikke er opptatt tar vi lunsjen der. Derfra er det flatt og nedover helt fram til Haldorbu. Totalt ca 12 km i dag og en vesentlig lettere tur enn g\u00e5rsdagen.<\/p>\n\n\n\n<p><strong>DAG 4: HALDORBU &#8211; SELST\u00d8LEN:<\/strong><\/p>\n\n\n\n<p>Turens siste etappe er ca 15 km lang og g\u00e5r i flatt eller svakt stigende terreng helt opp til Vesleskag. Her g\u00e5r vi inn p\u00e5 samme l\u00f8ype som vi gikk p\u00e5 dag 1, og sklir rolig ned til Selst\u00f8len. Innlevering av utstyr og evaluering av turen. Dersom dere \u00f8nsker det samles vi for et avslutningsm\u00e5ltid p\u00e5 Skysskroa p\u00e5 Fagernes (ikke dekket av deltakeravgift).<\/p>\n\n\n\n<figure class=\"wp-block-image size-large\"><img loading=\"lazy\" decoding=\"async\" width=\"1024\" height=\"768\" src=\"http:\/\/lengetur.no\/wp-content\/uploads\/2022\/12\/IMG_3914-1024x768.jpg\" alt=\"\" class=\"wp-image-1563\" srcset=\"https:\/\/lengetur.no\/wp-content\/uploads\/2022\/12\/IMG_3914-1024x768.jpg 1024w, https:\/\/lengetur.no\/wp-content\/uploads\/2022\/12\/IMG_3914-300x225.jpg 300w, https:\/\/lengetur.no\/wp-content\/uploads\/2022\/12\/IMG_3914-768x576.jpg 768w, https:\/\/lengetur.no\/wp-content\/uploads\/2022\/12\/IMG_3914-1536x1152.jpg 1536w, https:\/\/lengetur.no\/wp-content\/uploads\/2022\/12\/IMG_3914-2048x1536.jpg 2048w, https:\/\/lengetur.no\/wp-content\/uploads\/2022\/12\/IMG_3914-2000x1500.jpg 2000w\" sizes=\"(max-width: 1024px) 100vw, 1024px\" \/><figcaption class=\"wp-element-caption\">ROB\u00d8LEST\u00d8LEN OG SKAGET SETT FRA OPPM\u00d8TEPLASS P\u00c5 SELST\u00d8LEN<\/figcaption><\/figure>\n\n\n\n<h2 class=\"wp-block-heading\">ANNET:<\/h2>\n\n\n\n<p>To uker f\u00f8r turen gjennomf\u00f8rer vi et info-m\u00f8te p\u00e5 Teams hvor dere f\u00e5r m\u00f8te turlederne og f\u00e5r stille sp\u00f8rsm\u00e5l og f\u00e5r alt dere trenger av info f\u00f8r turen.<\/p>\n\n\n\n<p>Siden vi overnatter p\u00e5 selvbetjente DNT-hytter, vil det v\u00e6re ulik pris for DNT-medlemmer og ikke DNT-medlemmer.<\/p>\n\n\n\n<p>Det er ti plasser p\u00e5 turen, og vi m\u00e5 ha minst fem p\u00e5meldte for \u00e5 kunne gjennomf\u00f8re.<\/p>\n\n\n\n<p><strong>UTSTYRSLISTE SENDES UT ETTER P\u00c5MELDING!<\/strong><\/p>\n\n\n\n<p><strong>TURLEDERE: <a href=\"https:\/\/lengetur.no\/?page_id=2219\" data-type=\"page\" data-id=\"2219\">ANN-KRISTIN SKINLO<\/a> og <a href=\"https:\/\/lengetur.no\/?page_id=1485\" data-type=\"page\" data-id=\"1485\">MARI GALAASEN<\/a><\/strong><\/p>\n\n\n\n<h3 class=\"wp-block-heading\"><strong>VANSKELIGHETSGRAD:<\/strong><\/h3>\n\n\n\n<p>Turen er lett til middels krevende og egner seg for normalt godt trente, skiglade folk som har noe erfaring fra vinterfjellet. <\/p>\n\n\n\n<p>Det forutsettes &laquo;normal&raquo; fysikk: Dvs at deltakerne ved turstart er i stand til \u00e5 trekke lett pulk p\u00e5<br>25-30 kg i inntil seks til sju timer p\u00e5 den lengste etappen. Gangfart ca tre km\/t p\u00e5 det som regnes som normalt f\u00f8re. Vi tar korte pauser med p\u00e5fyll av v\u00e5tt og t\u00f8rt hver halvtime. Er du vant til \u00e5 bevege deg noen ganger i uka og er litt erfaren med \u00e5 g\u00e5 p\u00e5 ski, s\u00e5 vil du fint klare \u00e5 gjennomf\u00f8re denne turen.<br>Arrang\u00f8ren kan bidra med tips i forhold til enkel trening for \u00e5 komme i fin form til turen. To m\u00e5lrettede \u00f8kter i uka i 8-10 uker fram til turstart gj\u00f8r susen!<\/p>\n\n\n\n<h2 class=\"wp-block-heading\"><strong>DELTAKERAVGIFT:<\/strong><\/h2>\n\n\n\n<p><strong>DNT-medlem:                   6000,-<\/strong><\/p>\n\n\n\n<p><strong>IKKE DNT-medlem:         6600,-<\/strong><\/p>\n\n\n\n<p><a href=\"https:\/\/lengetur.no\/?page_id=1362\" data-type=\"page\" data-id=\"1362\"><strong>V\u00c5RE BETALINGSBETINGELSER<\/strong><\/a><\/p>\n\n\n\n<h2 class=\"wp-block-heading\"><strong><a href=\"https:\/\/lengetur.no\/?page_id=2483\" data-type=\"page\" data-id=\"2483\">FULLF\u00d8R DIN P\u00c5MELDING HER<\/a><\/strong><\/h2>\n\n\n\n<p><strong>DELTAKERAVGIFT INKLUDERER:<\/strong><\/p>\n\n\n\n<ul class=\"wp-block-list\">\n<li>Oppf\u00f8lging i forberedelsene og veiledning p\u00e5 utstyr.<\/li>\n\n\n\n<li>Utfyllende utstyrsliste.<\/li>\n\n\n\n<li>To erfarne turledere.<\/li>\n\n\n\n<li>Forberedelsesm\u00f8te p\u00e5 Teams ca to uker f\u00f8r turstart.<\/li>\n\n\n\n<li>N\u00f8dvendig oppl\u00e6ring underveis p\u00e5 turen.<\/li>\n\n\n\n<li>Turmat: 7 m\u00e5ltider. F\u00f8rste m\u00e5ltid er lunsj dag 1.<\/li>\n\n\n\n<li>N\u00f8dvendig sikkerhets- og f\u00f8rstehjelpsutstyr p\u00e5 gruppeniv\u00e5.<\/li>\n\n\n\n<li>Reservedeler til ski\/staver p\u00e5 gruppeniv\u00e5 (Rottefella BC-bindinger og \u00c5snes ski).&nbsp;<\/li>\n\n\n\n<li>L\u00e5n av komplett pulk fra FJELLPULKEN.<\/li>\n<\/ul>\n\n\n\n<p><strong>DELTAKERAVGIFT INKLUDERER IKKE:<\/strong><\/p>\n\n\n\n<ul class=\"wp-block-list\">\n<li>Transport bosted \u2013 oppm\u00f8tested t\/r<\/li>\n\n\n\n<li>Bomavgift Skagsvegen, 70 kr. Kortbetaling. <\/li>\n\n\n\n<li>Kart over omr\u00e5det (ikke p\u00e5krevet, kan lastes ned fra norgeskart.no)<\/li>\n\n\n\n<li>Mat og drikke ut over det som er nevnt i turbeskrivelsen.<\/li>\n\n\n\n<li>Personlig utstyr.<\/li>\n\n\n\n<li>Privat reiseforsikring\/ulykkesforsikring som dekker denne type tur. Forsikring av private eiendeler.&nbsp;<\/li>\n\n\n\n<li>Eventuell fellesm\u00e5ltid p\u00e5 Fagernes etter endt tur.<\/li>\n<\/ul>\n","protected":false},"excerpt":{"rendered":"<p>14.-17. FEBRUAR 2026 NYHET FOR TURGLADE DAMER!! VI HAR BR\u00c5TT F\u00c5TT EN LEDIG PLASS P\u00c5 TUREN! F\u00d8RST TIL M\u00d8LLA!! Etter meget gode tilbakemeldinger p\u00e5 sist vinters testtur presenterer vi n\u00e5 denne nye turen i vinterprogrammet v\u00e5rt. Vi har f\u00e5tt mange foresp\u00f8rsler om en ren dametur ogs\u00e5 vinterstid. Vi liker \u00e5 lytte til innspill, s\u00e5 her &hellip; <\/p>\n<p class=\"link-more\"><a href=\"https:\/\/lengetur.no\/?page_id=2652\" class=\"more-link\">Read more<span class=\"screen-reader-text\"> &laquo;&#8211; HYTTE TIL HYTTE I LANGSUA&raquo;<\/span><\/a><\/p>\n","protected":false},"author":1,"featured_media":2678,"parent":0,"menu_order":0,"comment_status":"closed","ping_status":"closed","template":"","meta":{"inspiro_hide_title":false,"footnotes":""},"class_list":["post-2652","page","type-page","status-publish","has-post-thumbnail","hentry"],"_links":{"self":[{"href":"https:\/\/lengetur.no\/index.php?rest_route=\/wp\/v2\/pages\/2652","targetHints":{"allow":["GET"]}}],"collection":[{"href":"https:\/\/lengetur.no\/index.php?rest_route=\/wp\/v2\/pages"}],"about":[{"href":"https:\/\/lengetur.no\/index.php?rest_route=\/wp\/v2\/types\/page"}],"author":[{"embeddable":true,"href":"https:\/\/lengetur.no\/index.php?rest_route=\/wp\/v2\/users\/1"}],"replies":[{"embeddable":true,"href":"https:\/\/lengetur.no\/index.php?rest_route=%2Fwp%2Fv2%2Fcomments&post=2652"}],"version-history":[{"count":39,"href":"https:\/\/lengetur.no\/index.php?rest_route=\/wp\/v2\/pages\/2652\/revisions"}],"predecessor-version":[{"id":2800,"href":"https:\/\/lengetur.no\/index.php?rest_route=\/wp\/v2\/pages\/2652\/revisions\/2800"}],"wp:featuredmedia":[{"embeddable":true,"href":"https:\/\/lengetur.no\/index.php?rest_route=\/wp\/v2\/media\/2678"}],"wp:attachment":[{"href":"https:\/\/lengetur.no\/index.php?rest_route=%2Fwp%2Fv2%2Fmedia&parent=2652"}],"curies":[{"name":"wp","href":"https:\/\/api.w.org\/{rel}","templated":true}]}}