{"id":252,"date":"2021-09-26T09:17:25","date_gmt":"2021-09-26T09:17:25","guid":{"rendered":"http:\/\/lengetur.no\/?page_id=252"},"modified":"2022-12-04T16:50:00","modified_gmt":"2022-12-04T14:50:00","slug":"pamelding","status":"publish","type":"page","link":"https:\/\/lengetur.no\/?page_id=252","title":{"rendered":"P\u00c5MELDING GRUNNKURS LANGTUR VINTER"},"content":{"rendered":"\n<h3 class=\"wp-block-heading\">V\u00c5RE P\u00c5MELDINGSSIDER ER DESSVERRE USTABILE FOR TIDEN. DERSOM DU F\u00c5R FEILMELDING N\u00c5R DU TRYKKER P\u00c5 &laquo;FULLF\u00d8R&raquo;, V\u00c6R SNILL OG SEND P\u00c5MELDING P\u00c5 E-POST TIL paamelding@lengetur.no<\/h3>\n\n\n<div class=\"wpforms-container wpforms-container-full wpforms-block\" id=\"wpforms-1265\"><form id=\"wpforms-form-1265\" class=\"wpforms-validate wpforms-form wpforms-ajax-form\" data-formid=\"1265\" method=\"post\" enctype=\"multipart\/form-data\" action=\"\/index.php?rest_route=%2Fwp%2Fv2%2Fpages%2F252\" data-token=\"eff1b2c3a40a414694c189fef7b4734f\" data-token-time=\"1777650203\"><noscript class=\"wpforms-error-noscript\">Please enable JavaScript in your browser to complete this form.<\/noscript><div class=\"wpforms-field-container\"><div id=\"wpforms-1265-field_3-container\" class=\"wpforms-field wpforms-field-text\" data-field-id=\"3\"><label class=\"wpforms-field-label\" for=\"wpforms-1265-field_3\">KURS\/TUR <span class=\"wpforms-required-label\">*<\/span><\/label><input type=\"text\" id=\"wpforms-1265-field_3\" class=\"wpforms-field-medium wpforms-field-required\" name=\"wpforms[fields][3]\" required><div class=\"wpforms-field-description\">SETT INN NAVN P\u00c5 KURS ELLER TUR SOM P\u00c5MELDINGEN GJELDER<\/div><\/div><div id=\"wpforms-1265-field_0-container\" class=\"wpforms-field wpforms-field-name\" data-field-id=\"0\"><label class=\"wpforms-field-label\" for=\"wpforms-1265-field_0\">NAVN <span class=\"wpforms-required-label\">*<\/span><\/label><input type=\"text\" id=\"wpforms-1265-field_0\" class=\"wpforms-field-medium wpforms-field-required\" name=\"wpforms[fields][0]\" required><\/div><div id=\"wpforms-1265-field_1-container\" class=\"wpforms-field wpforms-field-email\" data-field-id=\"1\"><label class=\"wpforms-field-label\" for=\"wpforms-1265-field_1\">E-POST <span class=\"wpforms-required-label\">*<\/span><\/label><input type=\"email\" id=\"wpforms-1265-field_1\" class=\"wpforms-field-medium wpforms-field-required\" name=\"wpforms[fields][1]\" spellcheck=\"false\" required><\/div><div id=\"wpforms-1265-field_12-container\" class=\"wpforms-field wpforms-field-text\" data-field-id=\"12\"><label class=\"wpforms-field-label\" for=\"wpforms-1265-field_12\">TELEFONNUMMER <span class=\"wpforms-required-label\">*<\/span><\/label><input type=\"text\" id=\"wpforms-1265-field_12\" class=\"wpforms-field-medium wpforms-field-required\" name=\"wpforms[fields][12]\" required><\/div><div id=\"wpforms-1265-field_11-container\" class=\"wpforms-field wpforms-field-textarea\" data-field-id=\"11\"><label class=\"wpforms-field-label\" for=\"wpforms-1265-field_11\">POSTADRESSE <span class=\"wpforms-required-label\">*<\/span><\/label><textarea id=\"wpforms-1265-field_11\" class=\"wpforms-field-medium wpforms-field-required\" name=\"wpforms[fields][11]\" required><\/textarea><\/div><div id=\"wpforms-1265-field_9-container\" class=\"wpforms-field wpforms-field-text\" data-field-id=\"9\"><label class=\"wpforms-field-label\" for=\"wpforms-1265-field_9\">KONTAKTINFO P\u00c5R\u00d8RENDE <span class=\"wpforms-required-label\">*<\/span><\/label><input type=\"text\" id=\"wpforms-1265-field_9\" class=\"wpforms-field-medium wpforms-field-required\" name=\"wpforms[fields][9]\" required><div class=\"wpforms-field-description\">OPPGI NAVN OG TELEFONNUMMER<\/div><\/div><div id=\"wpforms-1265-field_7-container\" class=\"wpforms-field wpforms-field-checkbox\" data-field-id=\"7\"><label class=\"wpforms-field-label\">MATALLERGIER<\/label><ul id=\"wpforms-1265-field_7\"><li class=\"choice-1 depth-1\"><input type=\"checkbox\" id=\"wpforms-1265-field_7_1\" name=\"wpforms[fields][7][]\" value=\"GLUTEN\"  ><label class=\"wpforms-field-label-inline\" for=\"wpforms-1265-field_7_1\">GLUTEN<\/label><\/li><li class=\"choice-2 depth-1\"><input type=\"checkbox\" id=\"wpforms-1265-field_7_2\" name=\"wpforms[fields][7][]\" value=\"LAKTOSE\"  ><label class=\"wpforms-field-label-inline\" for=\"wpforms-1265-field_7_2\">LAKTOSE<\/label><\/li><li class=\"choice-3 depth-1\"><input type=\"checkbox\" id=\"wpforms-1265-field_7_3\" name=\"wpforms[fields][7][]\" value=\"ANDRE ALLERGIER. Fyll ut boksen nedenfor\"  ><label class=\"wpforms-field-label-inline\" for=\"wpforms-1265-field_7_3\">ANDRE ALLERGIER. Fyll ut boksen nedenfor<\/label><\/li><\/ul><\/div><div id=\"wpforms-1265-field_13-container\" class=\"wpforms-field wpforms-field-text\" data-field-id=\"13\"><label class=\"wpforms-field-label\" for=\"wpforms-1265-field_13\">ANDRE ALLERGIER<\/label><input type=\"text\" id=\"wpforms-1265-field_13\" class=\"wpforms-field-medium\" name=\"wpforms[fields][13]\" ><\/div><div id=\"wpforms-1265-field_15-container\" class=\"wpforms-field wpforms-field-textarea\" data-field-id=\"15\"><label class=\"wpforms-field-label\" for=\"wpforms-1265-field_15\">RELEVANT HELSEINFORMASJON<\/label><textarea id=\"wpforms-1265-field_15\" class=\"wpforms-field-medium\" name=\"wpforms[fields][15]\" ><\/textarea><\/div><div id=\"wpforms-1265-field_8-container\" class=\"wpforms-field wpforms-field-checkbox\" data-field-id=\"8\"><label class=\"wpforms-field-label\">\u00d8NSKER \u00c5 L\u00c5NE F\u00d8LGENDE UTSTYR<\/label><ul id=\"wpforms-1265-field_8\"><li class=\"choice-1 depth-1\"><input type=\"checkbox\" id=\"wpforms-1265-field_8_1\" name=\"wpforms[fields][8][]\" value=\"PULKPAKKE; pulk, sele, drag.\"  ><label class=\"wpforms-field-label-inline\" for=\"wpforms-1265-field_8_1\">PULKPAKKE; pulk, sele, drag.<\/label><\/li><li class=\"choice-2 depth-1\"><input type=\"checkbox\" id=\"wpforms-1265-field_8_2\" name=\"wpforms[fields][8][]\" value=\"TELT\"  ><label class=\"wpforms-field-label-inline\" for=\"wpforms-1265-field_8_2\">TELT<\/label><\/li><li class=\"choice-3 depth-1\"><input type=\"checkbox\" id=\"wpforms-1265-field_8_3\" name=\"wpforms[fields][8][]\" value=\"MULTIFUELBRENNER, Brennstoff IKKE inkl.\"  ><label class=\"wpforms-field-label-inline\" for=\"wpforms-1265-field_8_3\">MULTIFUELBRENNER, Brennstoff IKKE inkl.<\/label><\/li><\/ul><\/div><div id=\"wpforms-1265-field_10-container\" class=\"wpforms-field wpforms-field-textarea\" data-field-id=\"10\"><label class=\"wpforms-field-label\" for=\"wpforms-1265-field_10\">TILLEGGSINFORMASJON \/ SP\u00d8RSM\u00c5L<\/label><textarea id=\"wpforms-1265-field_10\" class=\"wpforms-field-medium\" name=\"wpforms[fields][10]\" ><\/textarea><\/div><div id=\"wpforms-1265-field_17-container\" class=\"wpforms-field wpforms-field-checkbox\" data-field-id=\"17\"><label class=\"wpforms-field-label\">NYHETSBREV<\/label><ul id=\"wpforms-1265-field_17\"><li class=\"choice-1 depth-1\"><input type=\"checkbox\" id=\"wpforms-1265-field_17_1\" name=\"wpforms[fields][17][]\" value=\"Jeg \u00f8nsker \u00e5 motta nyhetsbrev fra LENGETUR\"  ><label class=\"wpforms-field-label-inline\" for=\"wpforms-1265-field_17_1\">Jeg \u00f8nsker \u00e5 motta nyhetsbrev fra LENGETUR<\/label><\/li><\/ul><\/div><div id=\"wpforms-1265-field_16-container\" class=\"wpforms-field wpforms-field-checkbox\" data-field-id=\"16\"><label class=\"wpforms-field-label\">BEKREFTELSE  <span class=\"wpforms-required-label\">*<\/span><\/label><ul id=\"wpforms-1265-field_16\" class=\"wpforms-field-required\"><li class=\"choice-1 depth-1\"><input type=\"checkbox\" id=\"wpforms-1265-field_16_1\" name=\"wpforms[fields][16][]\" value=\"Den fullstendige kurs-\/turbeskrivelsen er lest i sin helhet.\" required ><label class=\"wpforms-field-label-inline\" for=\"wpforms-1265-field_16_1\">Den fullstendige kurs-\/turbeskrivelsen er lest i sin helhet.<\/label><\/li><\/ul><\/div><\/div><!-- .wpforms-field-container --><div class=\"wpforms-submit-container\" ><input type=\"hidden\" name=\"wpforms[id]\" value=\"1265\"><input type=\"hidden\" name=\"page_title\" value=\"\"><input type=\"hidden\" name=\"page_url\" value=\"https:\/\/lengetur.no\/index.php?rest_route=\/wp\/v2\/pages\/252\"><input type=\"hidden\" name=\"url_referer\" value=\"\"><button type=\"submit\" name=\"wpforms[submit]\" id=\"wpforms-submit-1265\" class=\"wpforms-submit\" data-alt-text=\"Sender...\" data-submit-text=\"FULLF\u00d8R\" aria-live=\"assertive\" value=\"wpforms-submit\">FULLF\u00d8R<\/button><img decoding=\"async\" src=\"https:\/\/lengetur.no\/wp-content\/plugins\/wpforms-lite\/assets\/images\/submit-spin.svg\" class=\"wpforms-submit-spinner\" style=\"display: none;\" width=\"26\" height=\"26\" alt=\"Loading\"><\/div><\/form><\/div>  <!-- .wpforms-container -->","protected":false},"excerpt":{"rendered":"<p>V\u00c5RE P\u00c5MELDINGSSIDER ER DESSVERRE USTABILE FOR TIDEN. DERSOM DU F\u00c5R FEILMELDING N\u00c5R DU TRYKKER P\u00c5 &laquo;FULLF\u00d8R&raquo;, V\u00c6R SNILL OG SEND P\u00c5MELDING P\u00c5 E-POST TIL paamelding@lengetur.no<\/p>\n","protected":false},"author":1,"featured_media":0,"parent":0,"menu_order":0,"comment_status":"closed","ping_status":"closed","template":"","meta":{"inspiro_hide_title":false,"footnotes":""},"class_list":["post-252","page","type-page","status-publish","hentry"],"_links":{"self":[{"href":"https:\/\/lengetur.no\/index.php?rest_route=\/wp\/v2\/pages\/252","targetHints":{"allow":["GET"]}}],"collection":[{"href":"https:\/\/lengetur.no\/index.php?rest_route=\/wp\/v2\/pages"}],"about":[{"href":"https:\/\/lengetur.no\/index.php?rest_route=\/wp\/v2\/types\/page"}],"author":[{"embeddable":true,"href":"https:\/\/lengetur.no\/index.php?rest_route=\/wp\/v2\/users\/1"}],"replies":[{"embeddable":true,"href":"https:\/\/lengetur.no\/index.php?rest_route=%2Fwp%2Fv2%2Fcomments&post=252"}],"version-history":[{"count":4,"href":"https:\/\/lengetur.no\/index.php?rest_route=\/wp\/v2\/pages\/252\/revisions"}],"predecessor-version":[{"id":1446,"href":"https:\/\/lengetur.no\/index.php?rest_route=\/wp\/v2\/pages\/252\/revisions\/1446"}],"wp:attachment":[{"href":"https:\/\/lengetur.no\/index.php?rest_route=%2Fwp%2Fv2%2Fmedia&parent=252"}],"curies":[{"name":"wp","href":"https:\/\/api.w.org\/{rel}","templated":true}]}}