{"id":2219,"date":"2024-06-07T09:41:40","date_gmt":"2024-06-07T07:41:40","guid":{"rendered":"https:\/\/lengetur.no\/?page_id=2219"},"modified":"2025-11-19T13:03:16","modified_gmt":"2025-11-19T11:03:16","slug":"ann-kristin-skinlo","status":"publish","type":"page","link":"https:\/\/lengetur.no\/?page_id=2219","title":{"rendered":"&#8211; ANN-KRISTIN SKINLO"},"content":{"rendered":"\n<figure class=\"wp-block-image size-full is-resized is-style-default\"><img fetchpriority=\"high\" decoding=\"async\" width=\"1952\" height=\"2235\" src=\"http:\/\/lengetur.no\/wp-content\/uploads\/2024\/06\/AKS-3.jpg\" alt=\"\" class=\"wp-image-2217\" style=\"width:407px;height:auto\" srcset=\"https:\/\/lengetur.no\/wp-content\/uploads\/2024\/06\/AKS-3.jpg 1952w, https:\/\/lengetur.no\/wp-content\/uploads\/2024\/06\/AKS-3-262x300.jpg 262w, https:\/\/lengetur.no\/wp-content\/uploads\/2024\/06\/AKS-3-894x1024.jpg 894w\" sizes=\"(max-width: 1952px) 100vw, 1952px\" \/><\/figure>\n\n\n\n<p>Til daglig jobber jeg p\u00e5 kontor, s\u00e5 naturen er mitt fristed \u2013 med rom for \u00e5 puste med magen, utfoldelse, mestring og lek. Om turen er lang eller kort, iskald eller sommervarm spiller liten rolle \u2013 jeg elsker alt fra fart og adrenalinkick med kite og ski, til h\u00f8yt og bratt p\u00e5 topptur eller rolig med sekk eller kajakk med timer foran b\u00e5let og solnedgangen. Har bl.a. g\u00e5tt Ekspedisjon Amundsen, padlet hele Sveriges kyst og tidligere guidet i Nordens siste villmark &#8211; Sarek, Sverige. \u00a0Krysset Gr\u00f8nland sommeren 2025.<\/p>\n\n\n\n<p>Jeg brenner stort for at andre ogs\u00e5 skal f\u00e5 oppleve alt det friluftslivet bringer med seg, v\u00e5ge seg p\u00e5 nye ting og \u00e5 oppleve mestring \u2013 og ikke minst f\u00e5 et avbrekk i en hektisk hverdag.<\/p>\n\n\n\n<h5 class=\"wp-block-heading has-text-align-center\"><strong><a href=\"http:\/\/lengetur.no\/?page_id=114\" data-type=\"page\" data-id=\"114\">TILBAKE<\/a><\/strong><\/h5>\n","protected":false},"excerpt":{"rendered":"<p>Til daglig jobber jeg p\u00e5 kontor, s\u00e5 naturen er mitt fristed \u2013 med rom for \u00e5 puste med magen, utfoldelse, mestring og lek. Om turen er lang eller kort, iskald eller sommervarm spiller liten rolle \u2013 jeg elsker alt fra fart og adrenalinkick med kite og ski, til h\u00f8yt og bratt p\u00e5 topptur eller rolig &hellip; <\/p>\n<p class=\"link-more\"><a href=\"https:\/\/lengetur.no\/?page_id=2219\" class=\"more-link\">Read more<span class=\"screen-reader-text\"> &laquo;&#8211; ANN-KRISTIN SKINLO&raquo;<\/span><\/a><\/p>\n","protected":false},"author":1,"featured_media":0,"parent":0,"menu_order":0,"comment_status":"closed","ping_status":"closed","template":"","meta":{"inspiro_hide_title":false,"footnotes":""},"class_list":["post-2219","page","type-page","status-publish","hentry"],"_links":{"self":[{"href":"https:\/\/lengetur.no\/index.php?rest_route=\/wp\/v2\/pages\/2219","targetHints":{"allow":["GET"]}}],"collection":[{"href":"https:\/\/lengetur.no\/index.php?rest_route=\/wp\/v2\/pages"}],"about":[{"href":"https:\/\/lengetur.no\/index.php?rest_route=\/wp\/v2\/types\/page"}],"author":[{"embeddable":true,"href":"https:\/\/lengetur.no\/index.php?rest_route=\/wp\/v2\/users\/1"}],"replies":[{"embeddable":true,"href":"https:\/\/lengetur.no\/index.php?rest_route=%2Fwp%2Fv2%2Fcomments&post=2219"}],"version-history":[{"count":3,"href":"https:\/\/lengetur.no\/index.php?rest_route=\/wp\/v2\/pages\/2219\/revisions"}],"predecessor-version":[{"id":2777,"href":"https:\/\/lengetur.no\/index.php?rest_route=\/wp\/v2\/pages\/2219\/revisions\/2777"}],"wp:attachment":[{"href":"https:\/\/lengetur.no\/index.php?rest_route=%2Fwp%2Fv2%2Fmedia&parent=2219"}],"curies":[{"name":"wp","href":"https:\/\/api.w.org\/{rel}","templated":true}]}}