{"id":199,"date":"2021-09-25T10:03:20","date_gmt":"2021-09-25T10:03:20","guid":{"rendered":"http:\/\/lengetur.no\/?page_id=199"},"modified":"2021-10-02T09:52:29","modified_gmt":"2021-10-02T07:52:29","slug":"sondre-strand-nilssen","status":"publish","type":"page","link":"https:\/\/lengetur.no\/?page_id=199","title":{"rendered":"&#8211; SONDRE STRAND NILSSEN"},"content":{"rendered":"\n<figure class=\"wp-block-image size-large is-resized is-style-default\"><img fetchpriority=\"high\" decoding=\"async\" src=\"http:\/\/lengetur.no\/wp-content\/uploads\/2021\/09\/IMG_8001-2-748x1024.jpg\" alt=\"\" class=\"wp-image-218\" width=\"357\" height=\"489\" srcset=\"https:\/\/lengetur.no\/wp-content\/uploads\/2021\/09\/IMG_8001-2-748x1024.jpg 748w, https:\/\/lengetur.no\/wp-content\/uploads\/2021\/09\/IMG_8001-2-219x300.jpg 219w, https:\/\/lengetur.no\/wp-content\/uploads\/2021\/09\/IMG_8001-2-768x1051.jpg 768w, https:\/\/lengetur.no\/wp-content\/uploads\/2021\/09\/IMG_8001-2-1122x1536.jpg 1122w, https:\/\/lengetur.no\/wp-content\/uploads\/2021\/09\/IMG_8001-2.jpg 1125w\" sizes=\"(max-width: 357px) 100vw, 357px\" \/><\/figure>\n\n\n\n<p>Utdannet fagl\u00e6rer i friluftsliv og kropps\u00f8ving og jobber til daglig som l\u00e6rer sammen med Tor-Gunnar. Sover bedre ute enn inne og aller best etter en lengre g\u00e5tur, f\u00e5r man sitte litt med sn\u00f8ret i et vann etter g\u00e5turen blir s\u00f8vnen enda bedre. Leter alltid \u00e5 finne roen, om turen er lang eller kort spiller mindre rolle.<\/p>\n\n\n\n<h5 class=\"has-text-align-center wp-block-heading\"><strong><a href=\"http:\/\/lengetur.no\/?page_id=114\" data-type=\"page\" data-id=\"114\">TILBAKE<\/a><\/strong><\/h5>\n","protected":false},"excerpt":{"rendered":"<p>Utdannet fagl\u00e6rer i friluftsliv og kropps\u00f8ving og jobber til daglig som l\u00e6rer sammen med Tor-Gunnar. Sover bedre ute enn inne og aller best etter en lengre g\u00e5tur, f\u00e5r man sitte litt med sn\u00f8ret i et vann etter g\u00e5turen blir s\u00f8vnen enda bedre. Leter alltid \u00e5 finne roen, om turen er lang eller kort spiller mindre &hellip; <\/p>\n<p class=\"link-more\"><a href=\"https:\/\/lengetur.no\/?page_id=199\" class=\"more-link\">Read more<span class=\"screen-reader-text\"> &laquo;&#8211; SONDRE STRAND NILSSEN&raquo;<\/span><\/a><\/p>\n","protected":false},"author":1,"featured_media":0,"parent":0,"menu_order":0,"comment_status":"closed","ping_status":"closed","template":"","meta":{"inspiro_hide_title":false,"footnotes":""},"class_list":["post-199","page","type-page","status-publish","hentry"],"_links":{"self":[{"href":"https:\/\/lengetur.no\/index.php?rest_route=\/wp\/v2\/pages\/199","targetHints":{"allow":["GET"]}}],"collection":[{"href":"https:\/\/lengetur.no\/index.php?rest_route=\/wp\/v2\/pages"}],"about":[{"href":"https:\/\/lengetur.no\/index.php?rest_route=\/wp\/v2\/types\/page"}],"author":[{"embeddable":true,"href":"https:\/\/lengetur.no\/index.php?rest_route=\/wp\/v2\/users\/1"}],"replies":[{"embeddable":true,"href":"https:\/\/lengetur.no\/index.php?rest_route=%2Fwp%2Fv2%2Fcomments&post=199"}],"version-history":[{"count":4,"href":"https:\/\/lengetur.no\/index.php?rest_route=\/wp\/v2\/pages\/199\/revisions"}],"predecessor-version":[{"id":459,"href":"https:\/\/lengetur.no\/index.php?rest_route=\/wp\/v2\/pages\/199\/revisions\/459"}],"wp:attachment":[{"href":"https:\/\/lengetur.no\/index.php?rest_route=%2Fwp%2Fv2%2Fmedia&parent=199"}],"curies":[{"name":"wp","href":"https:\/\/api.w.org\/{rel}","templated":true}]}}