{"id":190,"date":"2021-09-25T09:56:36","date_gmt":"2021-09-25T09:56:36","guid":{"rendered":"http:\/\/lengetur.no\/?page_id=190"},"modified":"2021-10-02T09:50:08","modified_gmt":"2021-10-02T07:50:08","slug":"alexander-tindal","status":"publish","type":"page","link":"https:\/\/lengetur.no\/?page_id=190","title":{"rendered":"&#8211; ALEXANDER TINDAL"},"content":{"rendered":"\n<figure class=\"wp-block-image size-full is-style-default\"><img fetchpriority=\"high\" decoding=\"async\" width=\"378\" height=\"504\" src=\"http:\/\/lengetur.no\/wp-content\/uploads\/2021\/09\/img_7790.jpg\" alt=\"\" class=\"wp-image-120\" srcset=\"https:\/\/lengetur.no\/wp-content\/uploads\/2021\/09\/img_7790.jpg 378w, https:\/\/lengetur.no\/wp-content\/uploads\/2021\/09\/img_7790-225x300.jpg 225w\" sizes=\"(max-width: 378px) 100vw, 378px\" \/><\/figure>\n\n\n\n<p>Jobber til daglig bak kontorpulten i bilbransjen, men smiler litt ekstra n\u00e5r en tur skal planlegges &#8211; sommer som vinter. Veldig glad i Nordmarka sine mange muligheter. Erfaring med tur &#8211; og teltliv har kommet gjennom \u00e5 v\u00e6re nysgjerrig og teste egne grenser b\u00e5de p\u00e5 egenh\u00e5nd og sammen med gode turvenner. Har bl.a. gjennomf\u00f8rt Expedition Amundsen fire ganger og krysset Gr\u00f8nland p\u00e5 ski i 2015. Turer som krever b\u00e5de god fysikk, planlegging og at utstyr er testet og tilpasset alt slags v\u00e6r. Motto: En hver tur gir nye opplevelser og erfaring!<\/p>\n\n\n\n<h5 class=\"has-text-align-center wp-block-heading\"><strong><a href=\"http:\/\/lengetur.no\/?page_id=114\" data-type=\"page\" data-id=\"114\">TILBAKE<\/a><\/strong><\/h5>\n","protected":false},"excerpt":{"rendered":"<p>Jobber til daglig bak kontorpulten i bilbransjen, men smiler litt ekstra n\u00e5r en tur skal planlegges &#8211; sommer som vinter. Veldig glad i Nordmarka sine mange muligheter. Erfaring med tur &#8211; og teltliv har kommet gjennom \u00e5 v\u00e6re nysgjerrig og teste egne grenser b\u00e5de p\u00e5 egenh\u00e5nd og sammen med gode turvenner. Har bl.a. gjennomf\u00f8rt Expedition &hellip; <\/p>\n<p class=\"link-more\"><a href=\"https:\/\/lengetur.no\/?page_id=190\" class=\"more-link\">Read more<span class=\"screen-reader-text\"> &laquo;&#8211; ALEXANDER TINDAL&raquo;<\/span><\/a><\/p>\n","protected":false},"author":1,"featured_media":0,"parent":0,"menu_order":0,"comment_status":"closed","ping_status":"closed","template":"","meta":{"inspiro_hide_title":false,"footnotes":""},"class_list":["post-190","page","type-page","status-publish","hentry"],"_links":{"self":[{"href":"https:\/\/lengetur.no\/index.php?rest_route=\/wp\/v2\/pages\/190","targetHints":{"allow":["GET"]}}],"collection":[{"href":"https:\/\/lengetur.no\/index.php?rest_route=\/wp\/v2\/pages"}],"about":[{"href":"https:\/\/lengetur.no\/index.php?rest_route=\/wp\/v2\/types\/page"}],"author":[{"embeddable":true,"href":"https:\/\/lengetur.no\/index.php?rest_route=\/wp\/v2\/users\/1"}],"replies":[{"embeddable":true,"href":"https:\/\/lengetur.no\/index.php?rest_route=%2Fwp%2Fv2%2Fcomments&post=190"}],"version-history":[{"count":2,"href":"https:\/\/lengetur.no\/index.php?rest_route=\/wp\/v2\/pages\/190\/revisions"}],"predecessor-version":[{"id":454,"href":"https:\/\/lengetur.no\/index.php?rest_route=\/wp\/v2\/pages\/190\/revisions\/454"}],"wp:attachment":[{"href":"https:\/\/lengetur.no\/index.php?rest_route=%2Fwp%2Fv2%2Fmedia&parent=190"}],"curies":[{"name":"wp","href":"https:\/\/api.w.org\/{rel}","templated":true}]}}