{"id":175,"date":"2021-09-25T09:33:27","date_gmt":"2021-09-25T09:33:27","guid":{"rendered":"http:\/\/lengetur.no\/?page_id=175"},"modified":"2023-04-25T12:52:27","modified_gmt":"2023-04-25T10:52:27","slug":"hvorfor-lengetur","status":"publish","type":"page","link":"https:\/\/lengetur.no\/?page_id=175","title":{"rendered":"&#8211; HVORFOR &laquo;LENGETUR&raquo;?"},"content":{"rendered":"\n<figure class=\"wp-block-image aligncenter size-large is-resized is-style-default\"><img decoding=\"async\" src=\"http:\/\/lengetur.no\/wp-content\/uploads\/2021\/09\/Logo-lengetur_sort-1-1024x707.png\" alt=\"\" class=\"wp-image-94\" width=\"-444\" height=\"-306\" srcset=\"https:\/\/lengetur.no\/wp-content\/uploads\/2021\/09\/Logo-lengetur_sort-1-1024x707.png 1024w, https:\/\/lengetur.no\/wp-content\/uploads\/2021\/09\/Logo-lengetur_sort-1-300x207.png 300w, https:\/\/lengetur.no\/wp-content\/uploads\/2021\/09\/Logo-lengetur_sort-1-768x530.png 768w, https:\/\/lengetur.no\/wp-content\/uploads\/2021\/09\/Logo-lengetur_sort-1-1536x1060.png 1536w, https:\/\/lengetur.no\/wp-content\/uploads\/2021\/09\/Logo-lengetur_sort-1-2048x1414.png 2048w, https:\/\/lengetur.no\/wp-content\/uploads\/2021\/09\/Logo-lengetur_sort-1-2000x1381.png 2000w\" sizes=\"(max-width: 1024px) 100vw, 1024px\" \/><\/figure>\n\n\n\n<hr class=\"wp-block-separator has-alpha-channel-opacity\"\/>\n\n\n\n<figure class=\"wp-block-image size-large is-style-default\"><img fetchpriority=\"high\" decoding=\"async\" width=\"1024\" height=\"247\" src=\"http:\/\/lengetur.no\/wp-content\/uploads\/2021\/11\/Husk-god-tid-svart-buet-kopi-2-1024x247.jpg\" alt=\"\" class=\"wp-image-608\" srcset=\"https:\/\/lengetur.no\/wp-content\/uploads\/2021\/11\/Husk-god-tid-svart-buet-kopi-2-1024x247.jpg 1024w, https:\/\/lengetur.no\/wp-content\/uploads\/2021\/11\/Husk-god-tid-svart-buet-kopi-2-300x72.jpg 300w, https:\/\/lengetur.no\/wp-content\/uploads\/2021\/11\/Husk-god-tid-svart-buet-kopi-2-768x185.jpg 768w, https:\/\/lengetur.no\/wp-content\/uploads\/2021\/11\/Husk-god-tid-svart-buet-kopi-2-1536x370.jpg 1536w, https:\/\/lengetur.no\/wp-content\/uploads\/2021\/11\/Husk-god-tid-svart-buet-kopi-2-2048x493.jpg 2048w, https:\/\/lengetur.no\/wp-content\/uploads\/2021\/11\/Husk-god-tid-svart-buet-kopi-2-2000x481.jpg 2000w\" sizes=\"(max-width: 1024px) 100vw, 1024px\" \/><\/figure>\n\n\n\n<hr class=\"wp-block-separator has-alpha-channel-opacity\"\/>\n\n\n\n<h3 class=\"wp-block-heading has-text-align-center\"><strong><em>Dette er mottoet for LENGETUR. Et konkurransefritt friluftsliv hvor mestring og opplevelse st\u00e5r \u00f8verst p\u00e5 lista!\u00a0<\/em><\/strong><\/h3>\n\n\n\n<p>I <strong>LENGETUR <\/strong>har vi som m\u00e5l at terskelen for \u00e5 bli med p\u00e5 v\u00e5re turer eller kurs skal v\u00e6re s\u00e5 lav som mulig innenfor den kategorien turen eller kurset er i. For \u00e5 oppn\u00e5 dette har vi forholdsvis korte dagsetapper der det er mulig og f\u00e5r dermed god tid. Vi skal ikke sette noen rekorder, vi skal ikke v\u00e6re f\u00f8rst framme, vi skal ikke h\u00f8yest, vi skal ikke v\u00e6re f\u00f8rst til \u00e5 g\u00e5 i noen andres fotspor. Vi skal v\u00e6re ute, vi skal ha det trygt, vi skal mestre, vi skal l\u00e6re. <\/p>\n\n\n\n<p>Og aller viktigst: Vi skal ha tid til \u00e5 <strong>OPPLEVE.<\/strong><\/p>\n\n\n\n<p>V\u00e5rt m\u00e5l er at v\u00e5re deltakere skal oppleve \u00e5 ha f\u00e5tt mye igjen for hva de har betalt. Som nevnt vil vi at terskelen skal v\u00e6re s\u00e5 lav som mulig, ogs\u00e5 \u00f8konomisk. Vi etterstreber derfor \u00e5 ha s\u00e5 lav deltakeravgift som mulig og hvor vi har mest mulig inkludert i prisen.<\/p>\n\n\n\n<hr class=\"wp-block-separator has-alpha-channel-opacity\"\/>\n\n\n\n<h3 class=\"wp-block-heading has-text-align-center\"><em><strong>Hvorfor LENGETUR &#8211; ekspedisjon for dummies?<\/strong><\/em><\/h3>\n\n\n\n<p>Fra 21.\/2-27\/3-2018 var jeg alene p\u00e5 tur med pulk gjennom Finnmark. M\u00e5let var \u00e5 v\u00e6re lenge ute p\u00e5 tur. Jeg hadde selvf\u00f8lgelig lagt en plan for turen, men ingenting var l\u00e5st. Jeg var ogs\u00e5 f\u00f8rstereis p\u00e5 tur med varighet over ei uke, alts\u00e5 en \u00abdummie\u00bb i denne sammenhengen. <\/p>\n\n\n\n<p><strong><em>LENGE p\u00e5 tur + nybegynner = LENGETUR &#8211; ekspedisjon for dummies.&nbsp;<\/em><\/strong><\/p>\n\n\n\n<p>\u00d8nsket mitt var \u00e5 n\u00e5 ut til flere som gikk og bar p\u00e5 en turdr\u00f8m, og derfor gikk jeg viralt med den. Etter at turen var over hadde jeg lyst til \u00e5 ta mine tanker om det \u00e5 v\u00e6re p\u00e5 tur og formidle det videre til andre turglade. Ut fra det vokste tur- og kurstilbudet. Etter hvert har det vokst enda mer, og jeg har f\u00e5tt gleden av \u00e5 knytte til meg et knippe meget gode instrukt\u00f8rer og turledere for \u00e5 s\u00f8rge for at dette g\u00e5r rundt! Hvem disse er kan du <strong><a href=\"http:\/\/lengetur.no\/?page_id=114\" data-type=\"page\" data-id=\"114\">LESE MER OM HER<\/a>!<\/strong><\/p>\n\n\n\n<p>Vil du vite hvordan Finnmarks-turen gikk, kan du <a rel=\"noreferrer noopener\" href=\"https:\/\/lengetur.blog\/introfilm\/\" data-type=\"URL\" data-id=\"https:\/\/lengetur.blog\/introfilm\/\" target=\"_blank\"><strong>LESE MER<\/strong><\/a> her!<\/p>\n\n\n\n<hr class=\"wp-block-separator has-alpha-channel-opacity\"\/>\n\n\n\n<h3 class=\"wp-block-heading has-text-align-center\"><em><strong>Med \u00f8nske om mange fine turopplevelser til alle!<\/strong><\/em><\/h3>\n\n\n\n<p> <\/p>\n\n\n\n<hr class=\"wp-block-separator has-alpha-channel-opacity\"\/>\n\n\n\n<p>Mvh<\/p>\n\n\n\n<h3 class=\"wp-block-heading\"><strong>Tor-Gunnar Skibakk,<\/strong> LENGETUR &#8211; ekspedisjon for dummies<\/h3>\n","protected":false},"excerpt":{"rendered":"<p>Dette er mottoet for LENGETUR. Et konkurransefritt friluftsliv hvor mestring og opplevelse st\u00e5r \u00f8verst p\u00e5 lista!\u00a0 I LENGETUR har vi som m\u00e5l at terskelen for \u00e5 bli med p\u00e5 v\u00e5re turer eller kurs skal v\u00e6re s\u00e5 lav som mulig innenfor den kategorien turen eller kurset er i. For \u00e5 oppn\u00e5 dette har vi forholdsvis korte &hellip; <\/p>\n<p class=\"link-more\"><a href=\"https:\/\/lengetur.no\/?page_id=175\" class=\"more-link\">Read more<span class=\"screen-reader-text\"> &laquo;&#8211; HVORFOR &laquo;LENGETUR&raquo;?&raquo;<\/span><\/a><\/p>\n","protected":false},"author":1,"featured_media":0,"parent":0,"menu_order":0,"comment_status":"closed","ping_status":"closed","template":"","meta":{"inspiro_hide_title":false,"footnotes":""},"class_list":["post-175","page","type-page","status-publish","hentry"],"_links":{"self":[{"href":"https:\/\/lengetur.no\/index.php?rest_route=\/wp\/v2\/pages\/175","targetHints":{"allow":["GET"]}}],"collection":[{"href":"https:\/\/lengetur.no\/index.php?rest_route=\/wp\/v2\/pages"}],"about":[{"href":"https:\/\/lengetur.no\/index.php?rest_route=\/wp\/v2\/types\/page"}],"author":[{"embeddable":true,"href":"https:\/\/lengetur.no\/index.php?rest_route=\/wp\/v2\/users\/1"}],"replies":[{"embeddable":true,"href":"https:\/\/lengetur.no\/index.php?rest_route=%2Fwp%2Fv2%2Fcomments&post=175"}],"version-history":[{"count":21,"href":"https:\/\/lengetur.no\/index.php?rest_route=\/wp\/v2\/pages\/175\/revisions"}],"predecessor-version":[{"id":1824,"href":"https:\/\/lengetur.no\/index.php?rest_route=\/wp\/v2\/pages\/175\/revisions\/1824"}],"wp:attachment":[{"href":"https:\/\/lengetur.no\/index.php?rest_route=%2Fwp%2Fv2%2Fmedia&parent=175"}],"curies":[{"name":"wp","href":"https:\/\/api.w.org\/{rel}","templated":true}]}}