{"id":1744,"date":"2023-04-20T12:45:33","date_gmt":"2023-04-20T10:45:33","guid":{"rendered":"https:\/\/lengetur.no\/?page_id=1744"},"modified":"2024-12-09T23:28:13","modified_gmt":"2024-12-09T21:28:13","slug":"pulkskole","status":"publish","type":"page","link":"https:\/\/lengetur.no\/?page_id=1744","title":{"rendered":"PULKSKOLE OG PODKAST"},"content":{"rendered":"\n<figure class=\"wp-block-image size-large\"><img fetchpriority=\"high\" decoding=\"async\" width=\"1024\" height=\"768\" src=\"http:\/\/lengetur.no\/wp-content\/uploads\/2023\/01\/IMG_5429-1024x768.jpg\" alt=\"\" class=\"wp-image-1613\" srcset=\"https:\/\/lengetur.no\/wp-content\/uploads\/2023\/01\/IMG_5429-1024x768.jpg 1024w, https:\/\/lengetur.no\/wp-content\/uploads\/2023\/01\/IMG_5429-300x225.jpg 300w, https:\/\/lengetur.no\/wp-content\/uploads\/2023\/01\/IMG_5429-768x576.jpg 768w, https:\/\/lengetur.no\/wp-content\/uploads\/2023\/01\/IMG_5429-1536x1152.jpg 1536w, https:\/\/lengetur.no\/wp-content\/uploads\/2023\/01\/IMG_5429-2048x1536.jpg 2048w, https:\/\/lengetur.no\/wp-content\/uploads\/2023\/01\/IMG_5429-2000x1500.jpg 2000w\" sizes=\"(max-width: 1024px) 100vw, 1024px\" \/><\/figure>\n\n\n\n<p class=\"has-text-align-left\">ETTER V\u00c5R MENING ER PULK DET ENESTE FORNUFTIGE  \u00c5 BRUKE P\u00c5 VINTERTURER.<\/p>\n\n\n\n<p class=\"has-text-align-left\">DU F\u00c5R MED DEG ALT DU TRENGER OG LITT TIL, OG IKKE MINST S\u00c5 SLIPPER DU \u00c5 B\u00c6RE DET.<\/p>\n\n\n\n<p><strong><a href=\"https:\/\/lengetur.no\/?page_id=185\" data-type=\"page\" data-id=\"185\">TOR-GUNNAR<\/a> <\/strong>FRA LENGETUR BLE HANKET INN AV V\u00c5R SAMARBEIDSPARTNER <strong>FJELLPULKEN<\/strong> FOR \u00c5 LAGE EN PULKSKOLE FOR<strong> <\/strong><em><strong>&laquo;HEKTA P\u00c5 TUR&raquo;<\/strong><\/em> OG &laquo;DEN STORE PULKEPISODEN&raquo; FOR <strong><em>&laquo;FJELLSPORTPODDEN<\/em><\/strong>&laquo;.<\/p>\n\n\n\n<p>RESULTATET BLE FEM INFORMATIVE FILMER OG EN VELDIG INNHOLDSRIK PODKASTEPISODE!<\/p>\n\n\n\n<p><strong><a href=\"https:\/\/www.hektapatur.no\/blog\/akademiet\/pulkskolen\" data-type=\"URL\" data-id=\"https:\/\/www.hektapatur.no\/blog\/akademiet\/pulkskolen\" target=\"_blank\" rel=\"noreferrer noopener\">SE ALLE EPISODENE AV PULKSKOLEN HER!<\/a><\/strong><\/p>\n\n\n\n<p><strong><a href=\"https:\/\/open.spotify.com\/episode\/4KVFoJNC2yYx740Ee2NulH?si=0af9634b1f3a4d5e\" target=\"_blank\" rel=\"noreferrer noopener\">LYTT TIL &laquo;DEN STORE PULKEPISODEN&raquo; HER!<\/a><\/strong><\/p>\n\n\n\n<p><\/p>\n","protected":false},"excerpt":{"rendered":"<p>ETTER V\u00c5R MENING ER PULK DET ENESTE FORNUFTIGE \u00c5 BRUKE P\u00c5 VINTERTURER. DU F\u00c5R MED DEG ALT DU TRENGER OG LITT TIL, OG IKKE MINST S\u00c5 SLIPPER DU \u00c5 B\u00c6RE DET. TOR-GUNNAR FRA LENGETUR BLE HANKET INN AV V\u00c5R SAMARBEIDSPARTNER FJELLPULKEN FOR \u00c5 LAGE EN PULKSKOLE FOR &laquo;HEKTA P\u00c5 TUR&raquo; OG &laquo;DEN STORE PULKEPISODEN&raquo; FOR &hellip; <\/p>\n<p class=\"link-more\"><a href=\"https:\/\/lengetur.no\/?page_id=1744\" class=\"more-link\">Read more<span class=\"screen-reader-text\"> &laquo;PULKSKOLE OG PODKAST&raquo;<\/span><\/a><\/p>\n","protected":false},"author":1,"featured_media":0,"parent":0,"menu_order":0,"comment_status":"closed","ping_status":"closed","template":"","meta":{"inspiro_hide_title":false,"footnotes":""},"class_list":["post-1744","page","type-page","status-publish","hentry"],"_links":{"self":[{"href":"https:\/\/lengetur.no\/index.php?rest_route=\/wp\/v2\/pages\/1744","targetHints":{"allow":["GET"]}}],"collection":[{"href":"https:\/\/lengetur.no\/index.php?rest_route=\/wp\/v2\/pages"}],"about":[{"href":"https:\/\/lengetur.no\/index.php?rest_route=\/wp\/v2\/types\/page"}],"author":[{"embeddable":true,"href":"https:\/\/lengetur.no\/index.php?rest_route=\/wp\/v2\/users\/1"}],"replies":[{"embeddable":true,"href":"https:\/\/lengetur.no\/index.php?rest_route=%2Fwp%2Fv2%2Fcomments&post=1744"}],"version-history":[{"count":6,"href":"https:\/\/lengetur.no\/index.php?rest_route=\/wp\/v2\/pages\/1744\/revisions"}],"predecessor-version":[{"id":2517,"href":"https:\/\/lengetur.no\/index.php?rest_route=\/wp\/v2\/pages\/1744\/revisions\/2517"}],"wp:attachment":[{"href":"https:\/\/lengetur.no\/index.php?rest_route=%2Fwp%2Fv2%2Fmedia&parent=1744"}],"curies":[{"name":"wp","href":"https:\/\/api.w.org\/{rel}","templated":true}]}}