{"id":1362,"date":"2022-11-30T21:42:29","date_gmt":"2022-11-30T19:42:29","guid":{"rendered":"https:\/\/lengetur.no\/?page_id=1362"},"modified":"2025-10-09T10:36:02","modified_gmt":"2025-10-09T08:36:02","slug":"vare-betalingsbetingelser","status":"publish","type":"page","link":"https:\/\/lengetur.no\/?page_id=1362","title":{"rendered":"&#8211; V\u00c5RE BETALINGSBETINGELSER"},"content":{"rendered":"\n<ul class=\"wp-block-list\">\n<li>Faktura tilsendes p\u00e5 e-post.&nbsp;<\/li>\n<\/ul>\n\n\n\n<ul class=\"wp-block-list\">\n<li>For at p\u00e5melding til v\u00e5re turer og kurs skal v\u00e6re fullf\u00f8rt m\u00e5 deltakeravgift i sin helhet v\u00e6re betalt innen frist gitt p\u00e5 faktura. Ved p\u00e5melding senere enn 30 dager f\u00f8r tur-\/kursstart m\u00e5 faktura betales omg\u00e5ende.<\/li>\n<\/ul>\n\n\n\n<ul class=\"wp-block-list\">\n<li>Ved avbestilling tidligere enn 60 dager f\u00f8r tur-\/kursstart refunderes deltakeravgiften uavkortet. Ved avbestilling i perioden 59 til 30 dager f\u00f8r tur-\/kursstart er avbestillingsgebyr 50% av innbetalt bel\u00f8p. Ved avbestilling 29 dager eller mindre f\u00f8r tur-\/kursstart er gebyret 100% av innbetalt bel\u00f8p.<\/li>\n\n\n\n<li>Ved deltakeravgift h\u00f8yere enn 3000 kroner kan vi tilby betalingsordning. Ta kontakt dersom dette er \u00f8nskelig.<\/li>\n<\/ul>\n\n\n\n<ul class=\"wp-block-list\">\n<li>Dersom turer eller kurs skulle bli avlyst fra arrang\u00f8rens side f\u00f8r turstart, feks ved for f\u00e5 deltakere, refunderes deltakeravgiften uavkortet.<\/li>\n<\/ul>\n\n\n\n<ul class=\"wp-block-list\">\n<li>Ved avlysning grunnet force majeure (krig, terror eller liknende, naturkatastrofer, farlige smittsomme sykdommer (f eks pandemier, epidemier, magevirus etc), streik eller myndighetsbestemmelser som hindrer turen\/kurset (f eks smittevernsregler)), er ikke arrang\u00f8ren erstatningspliktig. <\/li>\n<\/ul>\n\n\n\n<ul class=\"wp-block-list\">\n<li>V\u00e5re turer og kurs blir arrangert i omr\u00e5der som kan ha utfordrende v\u00e6rforhold. Dersom arrangementet vil m\u00e5tte endres og avvike fra tur-\/kursbeskrivelsen pga v\u00e6r- og f\u00f8reforhold arrang\u00f8ren ikke er herre over, vil dette ikke godtgj\u00f8res deltakeren. LENGETUR vil bestrebe at turen\/kurset likevel vil f\u00e5 s\u00e5 n\u00e6rt opp til beskrevet innhold som mulig gitt de r\u00e5dende forhold. Ved avlysning grunnet ovennevnte forhold, er ikke arrang\u00f8ren erstatningspliktig.<\/li>\n<\/ul>\n\n\n\n<ul class=\"wp-block-list\">\n<li>Vi anbefaler at deltakere har reiseforsikring som dekker eventuelle \u00f8konomiske tap.<\/li>\n<\/ul>\n\n\n\n<p><\/p>\n","protected":false},"excerpt":{"rendered":"","protected":false},"author":1,"featured_media":0,"parent":0,"menu_order":0,"comment_status":"closed","ping_status":"closed","template":"","meta":{"inspiro_hide_title":false,"footnotes":""},"class_list":["post-1362","page","type-page","status-publish","hentry"],"_links":{"self":[{"href":"https:\/\/lengetur.no\/index.php?rest_route=\/wp\/v2\/pages\/1362","targetHints":{"allow":["GET"]}}],"collection":[{"href":"https:\/\/lengetur.no\/index.php?rest_route=\/wp\/v2\/pages"}],"about":[{"href":"https:\/\/lengetur.no\/index.php?rest_route=\/wp\/v2\/types\/page"}],"author":[{"embeddable":true,"href":"https:\/\/lengetur.no\/index.php?rest_route=\/wp\/v2\/users\/1"}],"replies":[{"embeddable":true,"href":"https:\/\/lengetur.no\/index.php?rest_route=%2Fwp%2Fv2%2Fcomments&post=1362"}],"version-history":[{"count":16,"href":"https:\/\/lengetur.no\/index.php?rest_route=\/wp\/v2\/pages\/1362\/revisions"}],"predecessor-version":[{"id":2711,"href":"https:\/\/lengetur.no\/index.php?rest_route=\/wp\/v2\/pages\/1362\/revisions\/2711"}],"wp:attachment":[{"href":"https:\/\/lengetur.no\/index.php?rest_route=%2Fwp%2Fv2%2Fmedia&parent=1362"}],"curies":[{"name":"wp","href":"https:\/\/api.w.org\/{rel}","templated":true}]}}