{"id":7,"date":"2021-09-24T13:28:34","date_gmt":"2021-09-24T13:28:34","guid":{"rendered":"http:\/\/lengetur.no\/?page_id=7"},"modified":"2023-04-18T10:36:22","modified_gmt":"2023-04-18T08:36:22","slug":"contact","status":"publish","type":"page","link":"http:\/\/lengetur.no\/?page_id=7","title":{"rendered":"KONTAKT"},"content":{"rendered":"\n<p>V\u00c5R KONTAKTSIDE ER FOR TIDEN USTABIL. VI BEKLAGER DETTE! V\u00c6R SNILL \u00c5 SENDE E-POST TIL kontakt@lengetur.no DERSOM DU F\u00c5R FEILMELDING!<\/p>\n\n\n<div class=\"wpforms-container wpforms-container-full wpforms-block wpforms-block-00d487a8-6b19-4e0b-8f27-5c7fef2097db\" id=\"wpforms-92\"><form id=\"wpforms-form-92\" class=\"wpforms-validate wpforms-form wpforms-ajax-form\" data-formid=\"92\" method=\"post\" enctype=\"multipart\/form-data\" action=\"\/index.php?rest_route=%2Fwp%2Fv2%2Fpages%2F7\" data-token=\"0df20b64eb0ad2f4db5701b23b679edf\" data-token-time=\"1777700345\"><noscript class=\"wpforms-error-noscript\">Please enable JavaScript in your browser to complete this form.<\/noscript><div class=\"wpforms-field-container\"><div id=\"wpforms-92-field_0-container\" class=\"wpforms-field wpforms-field-name\" data-field-id=\"0\"><label class=\"wpforms-field-label\" for=\"wpforms-92-field_0\"> FULLT NAVN <span class=\"wpforms-required-label\">*<\/span><\/label><input type=\"text\" id=\"wpforms-92-field_0\" class=\"wpforms-field-medium wpforms-field-required\" name=\"wpforms[fields][0]\" required><\/div><div id=\"wpforms-92-field_1-container\" class=\"wpforms-field wpforms-field-email\" data-field-id=\"1\"><label class=\"wpforms-field-label\" for=\"wpforms-92-field_1\">E-POST <span class=\"wpforms-required-label\">*<\/span><\/label><input type=\"email\" id=\"wpforms-92-field_1\" class=\"wpforms-field-medium wpforms-field-required\" name=\"wpforms[fields][1]\" spellcheck=\"false\" required><\/div><div id=\"wpforms-92-field_3-container\" class=\"wpforms-field wpforms-field-checkbox\" data-field-id=\"3\"><label class=\"wpforms-field-label\">NYHETSBREV<\/label><ul id=\"wpforms-92-field_3\"><li class=\"choice-1 depth-1\"><input type=\"checkbox\" id=\"wpforms-92-field_3_1\" name=\"wpforms[fields][3][]\" value=\"Jeg \u00f8nsker \u00e5 motta nyhetsbrev fra LENGETUR\"  ><label class=\"wpforms-field-label-inline\" for=\"wpforms-92-field_3_1\">Jeg \u00f8nsker \u00e5 motta nyhetsbrev fra LENGETUR<\/label><\/li><\/ul><\/div><div id=\"wpforms-92-field_2-container\" class=\"wpforms-field wpforms-field-textarea\" data-field-id=\"2\"><label class=\"wpforms-field-label\" for=\"wpforms-92-field_2\">MELDING<\/label><textarea id=\"wpforms-92-field_2\" class=\"wpforms-field-medium\" name=\"wpforms[fields][2]\" ><\/textarea><\/div><\/div><!-- .wpforms-field-container --><div class=\"wpforms-submit-container\" ><input type=\"hidden\" name=\"wpforms[id]\" value=\"92\"><input type=\"hidden\" name=\"page_title\" value=\"\"><input type=\"hidden\" name=\"page_url\" value=\"http:\/\/lengetur.no\/index.php?rest_route=\/wp\/v2\/pages\/7\"><input type=\"hidden\" name=\"url_referer\" value=\"\"><button type=\"submit\" name=\"wpforms[submit]\" id=\"wpforms-submit-92\" class=\"wpforms-submit\" data-alt-text=\"Sender...\" data-submit-text=\"SEND\" aria-live=\"assertive\" value=\"wpforms-submit\">SEND<\/button><img decoding=\"async\" src=\"http:\/\/lengetur.no\/wp-content\/plugins\/wpforms-lite\/assets\/images\/submit-spin.svg\" class=\"wpforms-submit-spinner\" style=\"display: none;\" width=\"26\" height=\"26\" alt=\"Loading\"><\/div><\/form><\/div>  <!-- .wpforms-container -->","protected":false},"excerpt":{"rendered":"<p>V\u00c5R KONTAKTSIDE ER FOR TIDEN USTABIL. VI BEKLAGER DETTE! V\u00c6R SNILL \u00c5 SENDE E-POST TIL kontakt@lengetur.no DERSOM DU F\u00c5R FEILMELDING!<\/p>\n","protected":false},"author":1,"featured_media":0,"parent":0,"menu_order":0,"comment_status":"closed","ping_status":"closed","template":"","meta":{"inspiro_hide_title":false,"footnotes":""},"class_list":["post-7","page","type-page","status-publish","hentry"],"_links":{"self":[{"href":"http:\/\/lengetur.no\/index.php?rest_route=\/wp\/v2\/pages\/7","targetHints":{"allow":["GET"]}}],"collection":[{"href":"http:\/\/lengetur.no\/index.php?rest_route=\/wp\/v2\/pages"}],"about":[{"href":"http:\/\/lengetur.no\/index.php?rest_route=\/wp\/v2\/types\/page"}],"author":[{"embeddable":true,"href":"http:\/\/lengetur.no\/index.php?rest_route=\/wp\/v2\/users\/1"}],"replies":[{"embeddable":true,"href":"http:\/\/lengetur.no\/index.php?rest_route=%2Fwp%2Fv2%2Fcomments&post=7"}],"version-history":[{"count":3,"href":"http:\/\/lengetur.no\/index.php?rest_route=\/wp\/v2\/pages\/7\/revisions"}],"predecessor-version":[{"id":1734,"href":"http:\/\/lengetur.no\/index.php?rest_route=\/wp\/v2\/pages\/7\/revisions\/1734"}],"wp:attachment":[{"href":"http:\/\/lengetur.no\/index.php?rest_route=%2Fwp%2Fv2%2Fmedia&parent=7"}],"curies":[{"name":"wp","href":"https:\/\/api.w.org\/{rel}","templated":true}]}}