{"id":697,"date":"2022-04-22T11:46:05","date_gmt":"2022-04-22T09:46:05","guid":{"rendered":"http:\/\/lengetur.no\/?page_id=697"},"modified":"2024-06-17T23:06:04","modified_gmt":"2024-06-17T21:06:04","slug":"koye-til-koye-tur-krokskogen-27-30-mai-2022","status":"publish","type":"page","link":"http:\/\/lengetur.no\/?page_id=697","title":{"rendered":"&#8211; K\u00d8YE TIL K\u00d8YE-TUR, KROKSKOGEN"},"content":{"rendered":"\n<h2 class=\"wp-block-heading has-text-align-center\"><strong>JULI 2024. \u00c5pner for p\u00e5melding juni 2024 <\/strong><\/h2>\n\n\n\n<p class=\"has-text-align-center\">Hytte til hytte er et velkjent begrep, men hvorfor ikke forflytte seg over flere dager med hengek\u00f8yer som overnattingsfasilitet?<\/p>\n\n\n\n<figure class=\"wp-block-image alignwide size-large is-style-default\"><img fetchpriority=\"high\" decoding=\"async\" width=\"2560\" height=\"1921\" src=\"http:\/\/lengetur.no\/wp-content\/uploads\/2022\/07\/IMG_1728-edited-scaled.jpg\" alt=\"\" class=\"wp-image-1107\" srcset=\"http:\/\/lengetur.no\/wp-content\/uploads\/2022\/07\/IMG_1728-edited-scaled.jpg 2560w, http:\/\/lengetur.no\/wp-content\/uploads\/2022\/07\/IMG_1728-edited-300x225.jpg 300w, http:\/\/lengetur.no\/wp-content\/uploads\/2022\/07\/IMG_1728-edited-1024x769.jpg 1024w, http:\/\/lengetur.no\/wp-content\/uploads\/2022\/07\/IMG_1728-edited-768x576.jpg 768w, http:\/\/lengetur.no\/wp-content\/uploads\/2022\/07\/IMG_1728-edited-1536x1153.jpg 1536w, http:\/\/lengetur.no\/wp-content\/uploads\/2022\/07\/IMG_1728-edited-2048x1537.jpg 2048w, http:\/\/lengetur.no\/wp-content\/uploads\/2022\/07\/IMG_1728-edited-2000x1501.jpg 2000w\" sizes=\"(max-width: 2560px) 100vw, 2560px\" \/><figcaption class=\"wp-element-caption\">UTSIKT OVER PLASSEDAMMEN<\/figcaption><\/figure>\n\n\n\n<p>Omr\u00e5det vi har valgt for denne turen er Krokskogen i Hole kommune. Vi g\u00e5r en rundtur som starter og stopper p\u00e5 Sundvollen ved Tyrifjorden. P\u00e5 turen skal vi innom Kongens utsikt, Gyrihaugen og M\u00f8rkgonga. Vi skal forbi gamle husmannsplasser og sm\u00e5 DNT-hytter. Turen g\u00e5r p\u00e5 skogsbilveier og kjerreveier. Gode stier og litt krevende stier. Hver kveld skal vi finne en leirplass med en fin utsikt b\u00e5de \u00e5 sovne og v\u00e5kne til.<\/p>\n\n\n\n<p>Du m\u00e5 beregne at sekken kommer til \u00e5 veie 15-20kg. Etappene er p\u00e5 ulike lengder: Fra korteste p\u00e5 1,2 km til lengste p\u00e5 ca 11km.<\/p>\n\n\n\n<p>Det som gj\u00f8r at vi kan p\u00e5berope oss at vi er alene om denne type tur er at det ikke er noen hvemsomhelt vi har f\u00e5tt med oss p\u00e5 laget: Som eneste akt\u00f8r p\u00e5 markedet har vi et samarbeid med <strong><a href=\"https:\/\/amokequipment.no\" data-type=\"URL\" data-id=\"https:\/\/amokequipment.no\">AMOK Equipment<\/a> <\/strong>p\u00e5 denne turen! De l\u00e5ner ut komplette <strong>AMOK Draumr 5.0-k\u00f8yer til alle deltakerne<\/strong>. Om du ikke har pr\u00f8vd en Draumr f\u00f8r er det bare \u00e5 glede seg til fantastisk komfort der du henger mellom tr\u00e6rne. Som en ekstra bonus vil det v\u00e6re mulig \u00e5 f\u00e5 kj\u00f8pe k\u00f8ya du har brukt til en veldig hyggelig pris etter endt tur om du \u00f8nsker det. Har du egen Draumr som du vil bruke i stedet for \u00e5 l\u00e5ne, kan du selvf\u00f8lgelig det.<\/p>\n\n\n\n<p>Som p\u00e5 alle andre turer f\u00f8lger vi LENGETURs motto: <strong>Husk \u00e5 HA god tid p\u00e5 tur. Husk \u00e5 TA deg god tid p\u00e5 tur.<\/strong> Vi g\u00e5r fra leir n\u00e5r alle har sovet ut. Vi tar pauser p\u00e5 plasser som inviterer til det. Vi tar oss tid til \u00e5 ta mange bilder. Vi stopper og bruker litt tid p\u00e5 plasser med en historie verdt \u00e5 f\u00e5 med seg. Vi har tid til \u00e5 snakke sammen.<\/p>\n\n\n\n<p class=\"has-text-align-center\"><strong>P\u00c5 DENNE TUREN ER DET KUN 12 PLASSER OG F\u00d8RST TIL M\u00d8LLA!!!<\/strong><\/p>\n\n\n\n<figure class=\"wp-block-image aligncenter size-large is-style-default\"><img decoding=\"async\" width=\"768\" height=\"1024\" src=\"http:\/\/lengetur.no\/wp-content\/uploads\/2022\/07\/IMG_1677-768x1024.jpg\" alt=\"\" class=\"wp-image-1096\" srcset=\"http:\/\/lengetur.no\/wp-content\/uploads\/2022\/07\/IMG_1677-768x1024.jpg 768w, http:\/\/lengetur.no\/wp-content\/uploads\/2022\/07\/IMG_1677-225x300.jpg 225w, http:\/\/lengetur.no\/wp-content\/uploads\/2022\/07\/IMG_1677-1152x1536.jpg 1152w, http:\/\/lengetur.no\/wp-content\/uploads\/2022\/07\/IMG_1677-1536x2048.jpg 1536w, http:\/\/lengetur.no\/wp-content\/uploads\/2022\/07\/IMG_1677-2000x2667.jpg 2000w, http:\/\/lengetur.no\/wp-content\/uploads\/2022\/07\/IMG_1677-scaled.jpg 1920w\" sizes=\"(max-width: 768px) 100vw, 768px\" \/><figcaption class=\"wp-element-caption\">P\u00c5 VEI MOT PLASSEDAMMEN<\/figcaption><\/figure>\n\n\n\n<div class=\"wp-block-columns is-layout-flex wp-container-core-columns-is-layout-28f84493 wp-block-columns-is-layout-flex\">\n<div class=\"wp-block-column is-layout-flow wp-block-column-is-layout-flow\">\n<h2 class=\"wp-block-heading has-text-align-center\"><a href=\"#PRAKTISK-INFO\">PRAKTISK INFO<\/a><\/h2>\n<\/div>\n\n\n\n<div class=\"wp-block-column is-layout-flow wp-block-column-is-layout-flow\">\n<h2 class=\"wp-block-heading has-text-align-center\"><a href=\"#p\u00e5melding-og-pris\">P\u00c5MELDING OG PRIS<\/a><\/h2>\n<\/div>\n\n\n\n<div class=\"wp-block-column is-layout-flow wp-block-column-is-layout-flow\">\n<h2 class=\"wp-block-heading has-text-align-center\"><a href=\"#UTSTYRSLISTE-K\u00d8YE\">UTSTYRSLISTE<\/a><\/h2>\n<\/div>\n<\/div>\n\n\n\n<h3 class=\"wp-block-heading\">DAGSPROGRAM:<\/h3>\n\n\n\n<p><strong>DAG 1:<\/strong><\/p>\n\n\n\n<p>18.00. Oppm\u00f8te ved Kleivstua bak Sundvollen Hotell. Her er det parkeringsplass for de som kommer med bil. Det er ogs\u00e5 gode muligheter for \u00e5 komme seg til Sundvollen med rutebuss for de som \u00f8nsker det. Vi vil da bes\u00f8rge skyss opp til Kleivstua for de det gjelder. Utdeling av hengek\u00f8yer og turmat.<\/p>\n\n\n\n<p>Dersom du feks pga jobb ikke kan v\u00e6re der til dette tidspunktet, tar vi deg imot senere ogs\u00e5. Kveldens leir er rett ved parkeringen.<\/p>\n\n\n\n<p>19.00 Vi g\u00e5r opp til Kongens utsikt hvor vi sl\u00e5r leir. Her vil vi kunne se ut over Sundvollen og Tyrifjorden. Etappen er 1,2 km og noen f\u00e5 h\u00f8ydemeter opp. <\/p>\n\n\n\n<p>Oppl\u00e6ring i opphenging og bruk av <strong>AMOK Draumr.<\/strong> V\u00e5re turledere er alle erfarne Draumr-brukere, s\u00e5 dere skal f\u00e5 all den veiledningen dere trenger av oss.<\/p>\n\n\n\n<p><strong>DAG 2<\/strong>:<\/p>\n\n\n\n<p>Etter ei natt med forh\u00e5pentligvis god s\u00f8vn og med p\u00e5f\u00f8lgende god frokost, skal vi ta ned k\u00f8yene og g\u00e5 videre til Plassedammen og sl\u00e5r leir der. Dagens etappe er ca 7,5 km.<\/p>\n\n\n\n<p><strong>DAG 3<\/strong>:<\/p>\n\n\n\n<p>I dag skal vi g\u00e5 litt lenger. M\u00e5let for dagen er utkikkspunktet p\u00e5 Gyrihaugen. Her vil vi ha gedigen utsikt over Ringerike. Etappen g\u00e5r via Fjellsetra. Totalt er etappen ca 11 km og vi skal opp 400 h\u00f8ydemeter fordelt ut over dagen.<\/p>\n\n\n\n<p><strong>DAG 4<\/strong>:<\/p>\n\n\n\n<p>Rett nedenfor Gyrihaugen ligger M\u00f8rkgonga som vi selvf\u00f8lgelig m\u00e5 avlegge et bes\u00f8k n\u00e5r vi starter \u00e5 g\u00e5. Derfra g\u00e5r vi langsmed Krokskogenstupet helt tilbake til Kleivstua og ned til Kleivstua. Ca 11 km lang etappe i dag og.<\/p>\n\n\n\n<p>Ca 15.00 Ankomst Kleivstua. Innsamling av utstyr, evaluering, takk for turen og god tur hjem! H\u00e5per vi sees igjen!<\/p>\n\n\n\n<figure class=\"wp-block-image aligncenter size-large is-style-default\"><img decoding=\"async\" width=\"768\" height=\"1024\" src=\"http:\/\/lengetur.no\/wp-content\/uploads\/2022\/07\/IMG_1877-768x1024.jpg\" alt=\"\" class=\"wp-image-1105\" srcset=\"http:\/\/lengetur.no\/wp-content\/uploads\/2022\/07\/IMG_1877-768x1024.jpg 768w, http:\/\/lengetur.no\/wp-content\/uploads\/2022\/07\/IMG_1877-225x300.jpg 225w, http:\/\/lengetur.no\/wp-content\/uploads\/2022\/07\/IMG_1877-1152x1536.jpg 1152w, http:\/\/lengetur.no\/wp-content\/uploads\/2022\/07\/IMG_1877-1536x2048.jpg 1536w, http:\/\/lengetur.no\/wp-content\/uploads\/2022\/07\/IMG_1877-2000x2667.jpg 2000w, http:\/\/lengetur.no\/wp-content\/uploads\/2022\/07\/IMG_1877-scaled.jpg 1920w\" sizes=\"(max-width: 768px) 100vw, 768px\" \/><figcaption class=\"wp-element-caption\">M\u00d8RKGONGA<\/figcaption><\/figure>\n\n\n\n<h2 class=\"wp-block-heading\" id=\"PRAKTISK-INFO\">PRAKTISK INFO<\/h2>\n\n\n\n<p><strong>GENERELT:<\/strong><\/p>\n\n\n\n<p><strong><em>Det forutsettes normalt god fysikk:&nbsp;<\/em><\/strong><em>Dvs at deltakerne&nbsp;<strong>ved turstart&nbsp;<\/strong>er i stand til \u00e5 g\u00e5 og b\u00e6re sekk p\u00e5 15-20kg i inntil fem timer. Gangfart ca tre km\/t. Vi tar korte pauser hver halvtime. <br>Arrang\u00f8ren kan bidra med tips i forhold til enkel trening for \u00e5 komme i fin form til turen. En-to \u00f8kter med sekk i uka fram til turstart gj\u00f8r susen!<\/em><\/p>\n\n\n\n<p>Det forutsettes at deltakerne har utstyr som er tilpasset og egnet for denne type tur. Se utstyrsliste for mer info!&nbsp;<\/p>\n\n\n\n<p>Turleder har anledning til \u00e5 nekte deltaker \u00e5 starte turen dersom vedkommende har med mangelfullt utstyr eller hvis den fysiske tilstanden ikke er p\u00e5 det niv\u00e5et turen krever. Deltaker kan av samme grunne bli bedt om \u00e5 avbryte turen underveis. Dersom turleder m\u00e5 ta denne avgj\u00f8relsen, m\u00e5 deltaker dekke de utgiftene som m\u00e5tte komme til for arrang\u00f8ren og deltakeren selv som f\u00f8lge av dette.&nbsp;<\/p>\n\n\n\n<p>Alt utstyr skal kontrolleres f\u00f8r turstart slik at dere vet at det t\u00e5ler turen og at dere feks ikke f\u00e5r gnags\u00e5r av turst\u00f8vlene.<\/p>\n\n\n\n<p>Det er lov \u00e5 ha med hund p\u00e5 v\u00e5re turer da vi tenker at dette er et fint tilskudd til gruppa. V\u00e5re retningslinjer for \u00e5 ha med hund kan du lese <a href=\"https:\/\/lengetur.no\/?page_id=1449\" data-type=\"page\" data-id=\"1449\">HER<\/a>.<\/p>\n\n\n\n<p><strong>Vi f\u00f8lger opp p\u00e5 e-post alle sp\u00f8rsm\u00e5l dere m\u00e5tte ha helt fram til turstart. Ca to uker f\u00f8r turen vil vi holde et Teamsm\u00f8te for deltakerne.<\/strong> Det er frivillig \u00e5 v\u00e6re med p\u00e5 dette m\u00f8tet, men vi oppfordrer alle til \u00e5 delta.<\/p>\n\n\n\n<p><strong>TURLEDERE:<\/strong> ikke satt opp pr dd, men les mer om v\u00e5re dyktige turleder <a href=\"https:\/\/lengetur.no\/?page_id=114\" data-type=\"page\" data-id=\"114\"><strong>HER<\/strong><\/a><\/p>\n\n\n\n<figure class=\"wp-block-image aligncenter size-large is-style-default\"><img loading=\"lazy\" decoding=\"async\" width=\"768\" height=\"1024\" src=\"http:\/\/lengetur.no\/wp-content\/uploads\/2022\/07\/IMG_1836-768x1024.jpg\" alt=\"\" class=\"wp-image-1104\" srcset=\"http:\/\/lengetur.no\/wp-content\/uploads\/2022\/07\/IMG_1836-768x1024.jpg 768w, http:\/\/lengetur.no\/wp-content\/uploads\/2022\/07\/IMG_1836-225x300.jpg 225w, http:\/\/lengetur.no\/wp-content\/uploads\/2022\/07\/IMG_1836-1152x1536.jpg 1152w, http:\/\/lengetur.no\/wp-content\/uploads\/2022\/07\/IMG_1836-1536x2048.jpg 1536w, http:\/\/lengetur.no\/wp-content\/uploads\/2022\/07\/IMG_1836-2000x2667.jpg 2000w, http:\/\/lengetur.no\/wp-content\/uploads\/2022\/07\/IMG_1836-scaled.jpg 1920w\" sizes=\"(max-width: 768px) 100vw, 768px\" \/><figcaption class=\"wp-element-caption\">UTSIKT FRA GYRIHAUGEN<\/figcaption><\/figure>\n\n\n\n<h2 class=\"wp-block-heading\" id=\"p\u00e5melding-og-pris\">P\u00c5MELDING OG PRIS<\/h2>\n\n\n\n<p>Pris og p\u00e5melding kommer i april 2024.<\/p>\n\n\n\n<p>Det m\u00e5 v\u00e6re minimum fem deltakere for at turen skal bli gjennomf\u00f8rt. Maksimum 12 deltakere p\u00e5 turen.&nbsp;<\/p>\n\n\n\n<p><em>Det er pliktig \u00e5 lese turbeskrivelsen i sin helhet og bekrefte ved p\u00e5melding at s\u00e5 er gjort.&nbsp;<\/em><\/p>\n\n\n\n<p><strong><a href=\"https:\/\/lengetur.no\/?page_id=1362\" data-type=\"page\" data-id=\"1362\">LES V\u00c5RE BETALINGSBETINGELSER HER<\/a><\/strong><\/p>\n\n\n\n<p><strong>DELTAKERAVGIFT INKLUDERER:<\/strong><\/p>\n\n\n\n<p>REAL turmat til alle hovedm\u00e5ltider:&nbsp;Tre frokost, tre lunsj, tre middag<\/p>\n\n\n\n<p>Oppf\u00f8lging i forberedelsene og veiledning p\u00e5 trening og utstyr<\/p>\n\n\n\n<p>Utfyllende utstyrsliste&nbsp;<\/p>\n\n\n\n<p>To erfarne turledere<\/p>\n\n\n\n<p>Forberedelsesm\u00f8te p\u00e5 Teams<\/p>\n\n\n\n<p>L\u00e5n av komplett AMOK Draumr 5.0: K\u00f8ye, liggeunderlag og tarp<\/p>\n\n\n\n<p>Sikkerhetsutstyr p\u00e5 gruppeniv\u00e5 som n\u00f8dpeiler, samband og f\u00f8rstehjelp<\/p>\n\n\n\n<p>Oppl\u00e6ring underveis p\u00e5 turen<\/p>\n\n\n\n<p><strong>DELTAKERAVGIFT INKLUDERER IKKE:<\/strong><\/p>\n\n\n\n<p>Mat og drikke ut over det som er nevnt i turbeskrivelsen<\/p>\n\n\n\n<p>Snacks og godteri man trenger utenom m\u00e5ltidene<\/p>\n\n\n\n<p>Transport mellom bosted og Sundvollen t\/r<\/p>\n\n\n\n<p>Bomavgift i Dronningveien (30kr kort)<\/p>\n\n\n\n<p>Kart over omr\u00e5det<\/p>\n\n\n\n<p>Drikke til m\u00e5ltider<\/p>\n\n\n\n<p>Personlig utstyr<\/p>\n\n\n\n<p>Privat reiseforsikring\/ulykkesforsikring som dekker denne type tur. Forsikring av private eiendeler.&nbsp;<\/p>\n\n\n\n<h2 class=\"wp-block-heading\" id=\"UTSTYRSLISTE-K\u00d8YE\"><a href=\"http:\/\/lengetur.no\/?page_id=842\" data-type=\"page\" data-id=\"842\">UTSTYRSLISTE<\/a><\/h2>\n\n\n\n<h2 class=\"wp-block-heading has-text-align-center\"><a href=\"http:\/\/lengetur.no\/?page_id=697\">TIL TOPPEN<\/a><\/h2>\n\n\n\n<p><\/p>\n","protected":false},"excerpt":{"rendered":"<p>JULI 2024. \u00c5pner for p\u00e5melding juni 2024 Hytte til hytte er et velkjent begrep, men hvorfor ikke forflytte seg over flere dager med hengek\u00f8yer som overnattingsfasilitet? Omr\u00e5det vi har valgt for denne turen er Krokskogen i Hole kommune. Vi g\u00e5r en rundtur som starter og stopper p\u00e5 Sundvollen ved Tyrifjorden. P\u00e5 turen skal vi innom &hellip; <\/p>\n<p class=\"link-more\"><a href=\"http:\/\/lengetur.no\/?page_id=697\" class=\"more-link\">Read more<span class=\"screen-reader-text\"> &laquo;&#8211; K\u00d8YE TIL K\u00d8YE-TUR, KROKSKOGEN&raquo;<\/span><\/a><\/p>\n","protected":false},"author":1,"featured_media":1103,"parent":0,"menu_order":0,"comment_status":"closed","ping_status":"closed","template":"","meta":{"inspiro_hide_title":false,"footnotes":""},"class_list":["post-697","page","type-page","status-publish","has-post-thumbnail","hentry"],"_links":{"self":[{"href":"http:\/\/lengetur.no\/index.php?rest_route=\/wp\/v2\/pages\/697","targetHints":{"allow":["GET"]}}],"collection":[{"href":"http:\/\/lengetur.no\/index.php?rest_route=\/wp\/v2\/pages"}],"about":[{"href":"http:\/\/lengetur.no\/index.php?rest_route=\/wp\/v2\/types\/page"}],"author":[{"embeddable":true,"href":"http:\/\/lengetur.no\/index.php?rest_route=\/wp\/v2\/users\/1"}],"replies":[{"embeddable":true,"href":"http:\/\/lengetur.no\/index.php?rest_route=%2Fwp%2Fv2%2Fcomments&post=697"}],"version-history":[{"count":72,"href":"http:\/\/lengetur.no\/index.php?rest_route=\/wp\/v2\/pages\/697\/revisions"}],"predecessor-version":[{"id":2255,"href":"http:\/\/lengetur.no\/index.php?rest_route=\/wp\/v2\/pages\/697\/revisions\/2255"}],"wp:featuredmedia":[{"embeddable":true,"href":"http:\/\/lengetur.no\/index.php?rest_route=\/wp\/v2\/media\/1103"}],"wp:attachment":[{"href":"http:\/\/lengetur.no\/index.php?rest_route=%2Fwp%2Fv2%2Fmedia&parent=697"}],"curies":[{"name":"wp","href":"https:\/\/api.w.org\/{rel}","templated":true}]}}