{"id":2501,"date":"2024-12-09T22:24:49","date_gmt":"2024-12-09T20:24:49","guid":{"rendered":"https:\/\/lengetur.no\/?page_id=2501"},"modified":"2024-12-09T22:24:50","modified_gmt":"2024-12-09T20:24:50","slug":"per-jansson","status":"publish","type":"page","link":"http:\/\/lengetur.no\/?page_id=2501","title":{"rendered":"&#8211; PER JANSSON"},"content":{"rendered":"\n<figure class=\"wp-block-image size-full is-resized is-style-default\"><img fetchpriority=\"high\" decoding=\"async\" width=\"1017\" height=\"1490\" src=\"http:\/\/lengetur.no\/wp-content\/uploads\/2024\/12\/PER-1-e1733775759623.jpg\" alt=\"\" class=\"wp-image-2503\" style=\"width:283px;height:auto\" srcset=\"http:\/\/lengetur.no\/wp-content\/uploads\/2024\/12\/PER-1-e1733775759623.jpg 1017w, http:\/\/lengetur.no\/wp-content\/uploads\/2024\/12\/PER-1-e1733775759623-205x300.jpg 205w, http:\/\/lengetur.no\/wp-content\/uploads\/2024\/12\/PER-1-e1733775759623-699x1024.jpg 699w, http:\/\/lengetur.no\/wp-content\/uploads\/2024\/12\/PER-1-e1733775759623-768x1125.jpg 768w\" sizes=\"(max-width: 1017px) 100vw, 1017px\" \/><\/figure>\n\n\n\n<p><br>Jeg er f\u00f8dt og oppvokst i Sverige. Jeg liker \u00e5 v\u00e6re ute \u00e5ret rundt, men har et spesielt fokus p\u00e5 vinteraktiviteter. Jeg elsker \u00e5 st\u00e5 p\u00e5 ski i alle former, klatre p\u00e5 klipper og is. V\u00e6re ute i naturen uansett v\u00e6r. Min lidenskap er \u00e5 hjelpe andre med \u00e5 oppdage vinterens skj\u00f8nnhet og utfordringer, samtidig som jeg deler mine kunnskaper om friluftsliv og sikkerhet. Naturen har alltid v\u00e6rt min st\u00f8rste inspirasjonskilde, og jeg ser frem til \u00e5 vise deg, som deltaker, den magiske vinteren p\u00e5 ordentlig.<\/p>\n\n\n\n<h5 class=\"wp-block-heading has-text-align-center\"><strong><a href=\"http:\/\/lengetur.no\/?page_id=114\" data-type=\"page\" data-id=\"114\">TILBAKE<\/a><\/strong><\/h5>\n","protected":false},"excerpt":{"rendered":"<p>Jeg er f\u00f8dt og oppvokst i Sverige. Jeg liker \u00e5 v\u00e6re ute \u00e5ret rundt, men har et spesielt fokus p\u00e5 vinteraktiviteter. Jeg elsker \u00e5 st\u00e5 p\u00e5 ski i alle former, klatre p\u00e5 klipper og is. V\u00e6re ute i naturen uansett v\u00e6r. Min lidenskap er \u00e5 hjelpe andre med \u00e5 oppdage vinterens skj\u00f8nnhet og utfordringer, samtidig &hellip; <\/p>\n<p class=\"link-more\"><a href=\"http:\/\/lengetur.no\/?page_id=2501\" class=\"more-link\">Read more<span class=\"screen-reader-text\"> &laquo;&#8211; PER JANSSON&raquo;<\/span><\/a><\/p>\n","protected":false},"author":1,"featured_media":0,"parent":0,"menu_order":0,"comment_status":"closed","ping_status":"closed","template":"","meta":{"inspiro_hide_title":false,"footnotes":""},"class_list":["post-2501","page","type-page","status-publish","hentry"],"_links":{"self":[{"href":"http:\/\/lengetur.no\/index.php?rest_route=\/wp\/v2\/pages\/2501","targetHints":{"allow":["GET"]}}],"collection":[{"href":"http:\/\/lengetur.no\/index.php?rest_route=\/wp\/v2\/pages"}],"about":[{"href":"http:\/\/lengetur.no\/index.php?rest_route=\/wp\/v2\/types\/page"}],"author":[{"embeddable":true,"href":"http:\/\/lengetur.no\/index.php?rest_route=\/wp\/v2\/users\/1"}],"replies":[{"embeddable":true,"href":"http:\/\/lengetur.no\/index.php?rest_route=%2Fwp%2Fv2%2Fcomments&post=2501"}],"version-history":[{"count":2,"href":"http:\/\/lengetur.no\/index.php?rest_route=\/wp\/v2\/pages\/2501\/revisions"}],"predecessor-version":[{"id":2505,"href":"http:\/\/lengetur.no\/index.php?rest_route=\/wp\/v2\/pages\/2501\/revisions\/2505"}],"wp:attachment":[{"href":"http:\/\/lengetur.no\/index.php?rest_route=%2Fwp%2Fv2%2Fmedia&parent=2501"}],"curies":[{"name":"wp","href":"https:\/\/api.w.org\/{rel}","templated":true}]}}