{"id":1876,"date":"2023-06-20T21:43:22","date_gmt":"2023-06-20T19:43:22","guid":{"rendered":"https:\/\/lengetur.no\/?page_id=1876"},"modified":"2024-06-18T13:14:58","modified_gmt":"2024-06-18T11:14:58","slug":"koye-til-koye-totenasen","status":"publish","type":"page","link":"http:\/\/lengetur.no\/?page_id=1876","title":{"rendered":"&#8211; K\u00d8YE-TIL-K\u00d8YE TOTEN\u00c5SEN"},"content":{"rendered":"\n<h2 class=\"wp-block-heading has-text-align-center\" id=\"block-6c4f8eef-2b0f-49f8-a500-39be6d002501\"><strong>5. &#8211; 7. JULI 2024!<\/strong><\/h2>\n\n\n\n<p id=\"block-db0c70d6-fd97-474d-8a70-7371fa4087b0\">I fjor lanserte vi konseptet &laquo;K\u00f8ye-til-k\u00f8ye-tur&raquo; som et alternativ til tradisjonelle &laquo;Hytte til hytte&raquo;. Vi fikk stor deltakelse og veldig gode tilbakemeldinger fra deltakerne p\u00e5 de to turene gjennom Krokskogen.<\/p>\n\n\n\n<p class=\"has-text-align-center\"><strong>DERFOR LANSERER VI N\u00c5 NYHETEN &laquo;K\u00d8YE-TIL-K\u00d8YE&raquo; LANGS TOTEN\u00c5SSTIEN.<\/strong><\/p>\n\n\n\n<figure class=\"wp-block-image size-large\" id=\"block-c6bc48bd-f5d4-4d2b-b486-9414e492d893\"><img fetchpriority=\"high\" decoding=\"async\" width=\"768\" height=\"1024\" src=\"http:\/\/lengetur.no\/wp-content\/uploads\/2023\/06\/IMG_5672-1-768x1024.jpg\" alt=\"\" class=\"wp-image-1873\" srcset=\"http:\/\/lengetur.no\/wp-content\/uploads\/2023\/06\/IMG_5672-1-768x1024.jpg 768w, http:\/\/lengetur.no\/wp-content\/uploads\/2023\/06\/IMG_5672-1-225x300.jpg 225w, http:\/\/lengetur.no\/wp-content\/uploads\/2023\/06\/IMG_5672-1-1152x1536.jpg 1152w, http:\/\/lengetur.no\/wp-content\/uploads\/2023\/06\/IMG_5672-1-1536x2048.jpg 1536w, http:\/\/lengetur.no\/wp-content\/uploads\/2023\/06\/IMG_5672-1-2000x2667.jpg 2000w, http:\/\/lengetur.no\/wp-content\/uploads\/2023\/06\/IMG_5672-1-scaled.jpg 1920w\" sizes=\"(max-width: 768px) 100vw, 768px\" \/><figcaption class=\"wp-element-caption\">TOTEN\u00c5SSTIEN KAN G\u00c5S B\u00c5DE FRA \u00d8ST OG VEST. VI HAR. VALGT DET SISTE ALTERNATIVET<\/figcaption><\/figure>\n\n\n\n<p id=\"block-ec5109be-4924-4e5c-b45f-2046957b11bb\">Toten\u00e5sstien g\u00e5r fra Lygna til Totenvika, men vi skal ikke g\u00e5 hele stien denne gangen, kun de 35 siste, og etter v\u00e5r mening fineste kilometerne. <strong>Turen v\u00e5r starter ved VESTER\u00c5S og ender opp i Totenvika ved Mj\u00f8sa.<\/strong> Vi f\u00f8lger i all hovedsak <a href=\"https:\/\/ut.no\/turforslag\/118625970\/totenasstien-fra-lygna-til-totenvika\">Toten\u00e5sstien<\/a>, men gj\u00f8r noen snar- og omveier der det passer. Totalt blir turen ca 35km lang alt etter hvordan vi tilpasser ruta. Sekken blir nok p\u00e5 ca 20kg. Vi planlegger som alltid for hyggelig tempo, vettuge dagsetapper og god tid i leir hver kveld. Vi g\u00e5r gjennom et omr\u00e5de med veldig mye beitedyr, s\u00e5 p\u00e5 denne turen vil det bli litt utvidede krav <a href=\"http:\/\/lengetur.no\/?page_id=1449\">i forhold til normalen<\/a> for de som \u00f8nsker \u00e5 ha med hund.<\/p>\n\n\n\n<p>Turen g\u00e5r gjennom sv\u00e6rt variert skogsterreng og p\u00e5 stier, kjerreveger og skogsbilveger. Flere steder har vi fantastisk utsikt. I godv\u00e6r helt til Jotunheimen og Rondane!<\/p>\n\n\n\n<p>I Totenvika blir vi hentet av buss som kj\u00f8rer oss tilbake til Vester\u00e5s. <\/p>\n\n\n\n<figure class=\"wp-block-image size-large\" id=\"block-c6bc48bd-f5d4-4d2b-b486-9414e492d893\"><img decoding=\"async\" width=\"768\" height=\"1024\" src=\"http:\/\/lengetur.no\/wp-content\/uploads\/2023\/06\/IMG_5671-768x1024.jpg\" alt=\"\" class=\"wp-image-1872\" srcset=\"http:\/\/lengetur.no\/wp-content\/uploads\/2023\/06\/IMG_5671-768x1024.jpg 768w, http:\/\/lengetur.no\/wp-content\/uploads\/2023\/06\/IMG_5671-225x300.jpg 225w, http:\/\/lengetur.no\/wp-content\/uploads\/2023\/06\/IMG_5671-1152x1536.jpg 1152w, http:\/\/lengetur.no\/wp-content\/uploads\/2023\/06\/IMG_5671-1536x2048.jpg 1536w, http:\/\/lengetur.no\/wp-content\/uploads\/2023\/06\/IMG_5671-2000x2667.jpg 2000w, http:\/\/lengetur.no\/wp-content\/uploads\/2023\/06\/IMG_5671-scaled.jpg 1920w\" sizes=\"(max-width: 768px) 100vw, 768px\" \/><figcaption class=\"wp-element-caption\">UTSIKT FRA HERVENKNAPPEN UT OVER MJ\u00d8SA. SISTE NATT TILBRINGES HER.<\/figcaption><\/figure>\n\n\n\n<p id=\"block-1e2e51a1-b13f-4c72-b97b-b61ef91cd2cd\">Vi kan p\u00e5berope oss at vi er alene om denne type tur da det ikke er noen hvemsomhelt vi har f\u00e5tt med oss p\u00e5 laget: Som eneste akt\u00f8r p\u00e5 markedet har vi et samarbeid med <strong><a href=\"https:\/\/amokequipment.no\/\">AMOK Equipment<\/a> <\/strong>p\u00e5 v\u00e5re turer! De l\u00e5ner ut komplette <strong>AMOK Draumr 5.0-k\u00f8yer til alle deltakerne<\/strong>. <strong>Vi har selvf\u00f8lgelig ogs\u00e5 med oss DRAUMR DOUBLE om noen \u00f8nsker \u00e5 dele k\u00f8ye p\u00e5 turen! <\/strong>Om du ikke har pr\u00f8vd en Draumr f\u00f8r er det bare \u00e5 glede seg til fantastisk komfort der du henger mellom tr\u00e6rne. Som en ekstra bonus vil det v\u00e6re mulig \u00e5 f\u00e5 kj\u00f8pe k\u00f8ya du har brukt til en veldig hyggelig pris etter endt tur om du \u00f8nsker det. Har du egen Draumr som du vil bruke i stedet for \u00e5 l\u00e5ne, kan du selvf\u00f8lgelig det.<\/p>\n\n\n\n<p>V\u00e5rt &laquo;K\u00f8ye-til-k\u00f8ye&raquo;-konsept inneb\u00e6rer at det skal v\u00e6re en kombinasjon av kurs og tur. V\u00e5re turledere er sv\u00e6rt erfarne AMOK-brukere, s\u00e5 du vil f\u00e5 grundig oppl\u00e6ring i bruk av k\u00f8yene. Du vil ogs\u00e5 f\u00e5 l\u00e6re mange lure tips og triks for \u00e5 f\u00e5 det s\u00e5 bra som mulig p\u00e5 tur.<\/p>\n\n\n\n<p id=\"block-d5bf3863-f703-49d0-ad30-c65d9f511c67\">Som p\u00e5 alle andre turer f\u00f8lger vi LENGETURs motto: <strong>Husk \u00e5 HA god tid p\u00e5 tur. Husk \u00e5 TA deg god tid p\u00e5 tur.<\/strong> Vi g\u00e5r fra leir n\u00e5r alle har sovet ut. Vi tar pauser p\u00e5 plasser som inviterer til det. Vi tar oss tid til \u00e5 ta mange bilder. Vi stopper og bruker litt tid p\u00e5 plasser med en historie verdt \u00e5 f\u00e5 med seg. Vi har tid til \u00e5 snakke sammen.<\/p>\n\n\n\n<p>Som deltaker p\u00e5 v\u00e5re turer og kurs skal du alltid komme hjem med bagasjen full av ny l\u00e6ring og fine turopplevelser. Kanskje noen nye turvenner ogs\u00e5? <\/p>\n\n\n\n<p id=\"block-4986a7ea-78b5-4508-8603-765bcb8d7c75\"><strong>P\u00c5 DENNE TUREN ER DET KUN 10 PLASSER OG F\u00d8RST TIL M\u00d8LLA!!!<\/strong><\/p>\n\n\n\n<figure class=\"wp-block-image size-large\" id=\"block-2c31e49d-d386-4ef7-a5e6-793141bef4b2\"><img decoding=\"async\" width=\"1024\" height=\"554\" src=\"http:\/\/lengetur.no\/wp-content\/uploads\/2022\/04\/rsz_draumr_ul_red_chair-1024x554.jpg\" alt=\"\" class=\"wp-image-704\" srcset=\"http:\/\/lengetur.no\/wp-content\/uploads\/2022\/04\/rsz_draumr_ul_red_chair-1024x554.jpg 1024w, http:\/\/lengetur.no\/wp-content\/uploads\/2022\/04\/rsz_draumr_ul_red_chair-300x162.jpg 300w, http:\/\/lengetur.no\/wp-content\/uploads\/2022\/04\/rsz_draumr_ul_red_chair-768x416.jpg 768w, http:\/\/lengetur.no\/wp-content\/uploads\/2022\/04\/rsz_draumr_ul_red_chair-1536x831.jpg 1536w, http:\/\/lengetur.no\/wp-content\/uploads\/2022\/04\/rsz_draumr_ul_red_chair-2048x1109.jpg 2048w, http:\/\/lengetur.no\/wp-content\/uploads\/2022\/04\/rsz_draumr_ul_red_chair-2000x1083.jpg 2000w\" sizes=\"(max-width: 1024px) 100vw, 1024px\" \/><figcaption class=\"wp-element-caption\">DEN FANTASTISKE AMOK DRAUMR-K\u00d8YA SOM ALLE BRUKER P\u00c5 DENNE TUREN.<\/figcaption><\/figure>\n\n\n\n<h2 class=\"wp-block-heading\" id=\"block-dcddd0e6-fa6f-4a0f-baac-6dc3e571d76e\"><a href=\"#praktiskinfo\" data-type=\"internal\" data-id=\"#praktiskinfo\">PRAKTISK INFO<\/a><\/h2>\n\n\n\n<h2 class=\"wp-block-heading\" id=\"block-5704681e-cade-4701-83cb-6f8e6a346dd7\"><a href=\"#p\u00e5meldingogpris\" data-type=\"internal\" data-id=\"#p\u00e5meldingogpris\">P\u00c5MELDING OG PRIS<\/a><\/h2>\n\n\n\n<h2 class=\"wp-block-heading\" id=\"block-f375396b-0a76-4a4c-b8d6-8cae0a8202d7\"><a href=\"http:\/\/lengetur.no\/?page_id=842\" data-type=\"URL\" data-id=\"http:\/\/lengetur.no\/?page_id=842\">UTSTYRSLISTE<\/a><\/h2>\n\n\n\n<h3 class=\"wp-block-heading\" id=\"block-3a974523-d674-41e7-8c87-7c30ce688c08\">DAGSPROGRAM:<\/h3>\n\n\n\n<p id=\"block-ebc7bece-237c-4879-8b49-d60e1461cdb3\"><strong>DAG 1, fredag 5\/7<\/strong><\/p>\n\n\n\n<p id=\"block-837360d3-48e1-4432-aa0d-3308ab056e42\">Oppm\u00f8te kl 10.00 p\u00e5 VESTER\u00c5S. Vi deler ut utstyr og snakker litt om turen og deres forventninger. <\/p>\n\n\n\n<p id=\"block-837360d3-48e1-4432-aa0d-3308ab056e42\">Vi starter med den t\u00f8ffeste etappa p\u00e5 hele turen. Vester\u00e5s (DNT) ligger p\u00e5 ca 500moh f\u00f8r vi f\u00f8rst skal opp p\u00e5 Tjuv\u00e5skampen p\u00e5 812 moh. Her f\u00e5r vi betalt med utsikt helt til Jotunheimen og Rondane om v\u00e6ret er med oss. S\u00e5 g\u00e5r vi litt ned f\u00f8r vi tar sats mot Tors\u00e6terkampen p\u00e5 832 moh. Her sl\u00e5r vi leir for dagen. Ca 10 km lang etappe i dag.<\/p>\n\n\n\n<p id=\"block-ebc7bece-237c-4879-8b49-d60e1461cdb3\"><strong>DAG 2 l\u00f8rdag 6\/7<\/strong><\/p>\n\n\n\n<p id=\"block-daa52967-538e-476d-ad6f-4125b61db523\">Dagens etappe starter med en tur innom Rausteinshytta og Heimefronthytta f\u00f8r vi f\u00e5r en bratt nedstigning gjennom ordentlig gammalskog ned til Tors\u00e6tra. Derfra f\u00e5r vi en liten knekker oppover igjen. Resten av etappa g\u00e5r i kupert skogsterreng med endepunkt p\u00e5 Hervenknappen. Her f\u00e5r vi flott utsikt over Toten og Mj\u00f8sa. Ca 12 km.<\/p>\n\n\n\n<p id=\"block-ebc7bece-237c-4879-8b49-d60e1461cdb3\"><strong>DAG 3, s\u00f8ndag 7\/7<\/strong><\/p>\n\n\n\n<p id=\"block-daa52967-538e-476d-ad6f-4125b61db523\">Da er vi klare for turens sist etappe. Vi skal hentes av buss i Totenvika kl 13.00, s\u00e5 i dag er eneste dagen hvor vi m\u00e5 v\u00e6re litt n\u00f8ye p\u00e5 \u00e5 komme oss avg\u00e5rde tidlig.  F\u00f8rste to tredeler av etappa g\u00e5r i sm\u00e5kupert terreng fram til Olsbyvarden. Derfra skal vi snaue 500 h\u00f8ydemeter ned til Mj\u00f8sa p\u00e5 noen f\u00e5 kilometer. Det blir en tung avslutning, men i bunnen av nedstigninga st\u00e5r det buss som kj\u00f8rer oss tilbake til Vester\u00e5s!  Etappa er ca 10 km. Utstyrskontroll og innlevering. Hjemreise ca kl 15.00.   <\/p>\n\n\n\n<figure class=\"wp-block-image size-large\" id=\"block-d5eb28a1-dff2-4bca-b0ec-754e4d08f99b\"><img loading=\"lazy\" decoding=\"async\" width=\"768\" height=\"1024\" src=\"https:\/\/lengetur.no\/wp-content\/uploads\/2023\/03\/IMG_2640-768x1024.jpg\" alt=\"\" class=\"wp-image-1685\" srcset=\"http:\/\/lengetur.no\/wp-content\/uploads\/2023\/03\/IMG_2640-768x1024.jpg 768w, http:\/\/lengetur.no\/wp-content\/uploads\/2023\/03\/IMG_2640-225x300.jpg 225w, http:\/\/lengetur.no\/wp-content\/uploads\/2023\/03\/IMG_2640-1152x1536.jpg 1152w, http:\/\/lengetur.no\/wp-content\/uploads\/2023\/03\/IMG_2640-1536x2048.jpg 1536w, http:\/\/lengetur.no\/wp-content\/uploads\/2023\/03\/IMG_2640-2000x2667.jpg 2000w, http:\/\/lengetur.no\/wp-content\/uploads\/2023\/03\/IMG_2640-scaled.jpg 1920w\" sizes=\"(max-width: 768px) 100vw, 768px\" \/><figcaption class=\"wp-element-caption\">TUREN G\u00c5R I ET OMR\u00c5DE MED MYE HISTORIE<\/figcaption><\/figure>\n\n\n\n<h2 class=\"wp-block-heading\" id=\"praktiskinfo\">PRAKTISK INFO<\/h2>\n\n\n\n<p><strong>Dersom du har litt reiseveg, er det en hyggelig DNT-hytte med fire sengeplasser p\u00e5 Vester\u00e5s. Kan leies p\u00e5 <a href=\"https:\/\/ut.no\/hytte\/10221\/vesteras\" data-type=\"URL\" data-id=\"https:\/\/ut.no\/hytte\/10221\/vesteras\" target=\"_blank\" rel=\"noreferrer noopener\">UT.NO<\/a>. Vi kan ogs\u00e5 stille p\u00e5 Vester\u00e5s med hengek\u00f8yer for den natta for de som m\u00e5 reise dit denne kvelden.<\/strong> <strong>Dette er kostnadsfritt.<\/strong><\/p>\n\n\n\n<p id=\"block-114eff94-00d2-4f4a-be61-2d670f2d90c2\"><strong>GENERELT:<\/strong><\/p>\n\n\n\n<p id=\"block-4121062a-30d2-4e1f-bfa4-7af44b2f3a22\"><strong><em>Det forutsettes normalt god fysikk:&nbsp;<\/em><\/strong><em>Dvs at deltakerne&nbsp;<strong>ved turstart&nbsp;<\/strong>er i stand til \u00e5 g\u00e5 og b\u00e6re sekk p\u00e5 ca 20kg i inntil fem timer. Gangfart ca tre km\/t. Vi tar korte pauser hver halvtime.<br>Arrang\u00f8ren kan bidra med tips i forhold til enkel trening for \u00e5 komme i fin form til turen. En-to \u00f8kter med sekk i uka fram til turstart gj\u00f8r susen!<\/em><\/p>\n\n\n\n<p id=\"block-824e8adb-f2f8-488b-adca-6f0c9f3e11e0\">Det forutsettes at deltakerne har utstyr som er tilpasset og egnet for denne type tur. Se utstyrsliste for mer info!&nbsp;<\/p>\n\n\n\n<p id=\"block-0075752f-677f-4ad2-99a9-f8073284658e\">Turleder har anledning til \u00e5 nekte deltaker \u00e5 starte turen dersom vedkommende har med mangelfullt utstyr eller hvis den fysiske tilstanden ikke er p\u00e5 det niv\u00e5et turen krever. Deltaker kan av samme grunne bli bedt om \u00e5 avbryte turen underveis. Dersom turleder m\u00e5 ta denne avgj\u00f8relsen, m\u00e5 deltaker dekke de utgiftene som m\u00e5tte komme til for arrang\u00f8ren og deltakeren selv som f\u00f8lge av dette.&nbsp;<\/p>\n\n\n\n<p id=\"block-4fc8a1a0-4f1a-413f-b76d-fe4083c46aa5\">Alt utstyr skal kontrolleres f\u00f8r turstart slik at dere vet at det t\u00e5ler turen og at dere feks ikke f\u00e5r gnags\u00e5r av turst\u00f8vlene.<\/p>\n\n\n\n<p>Det er lov \u00e5 ha med hund p\u00e5 v\u00e5re turer da vi tenker at dette er et fint tilskudd til gruppa. V\u00e5re retningslinjer for \u00e5 ha med hund kan du lese <a href=\"https:\/\/lengetur.no\/?page_id=1449\" data-type=\"page\" data-id=\"1449\">HER<\/a>. P\u00e5 denne turen g\u00e5r vi gjennom et omr\u00e5de hvor det periodevis er mye beitedyr. P\u00e5 grunn av dette m\u00e5 hundeeier signere p\u00e5 at man har lest og forst\u00e5tt v\u00e5re betingelser for hund p\u00e5 tur. Dette gj\u00f8res ved turstart.<\/p>\n\n\n\n<p id=\"block-692196a4-e16c-438d-93d8-d2912c92fafb\"><strong>Vi f\u00f8lger opp p\u00e5 e-post alle sp\u00f8rsm\u00e5l dere m\u00e5tte ha helt fram til turstart. Ca en uke f\u00f8r turen vil vi holde et Teamsm\u00f8te for deltakerne.<\/strong><\/p>\n\n\n\n<p id=\"block-36df4580-5a3b-45f2-b84a-fa8474b97914\"><strong>TURLEDERE:<\/strong> <strong><a href=\"https:\/\/lengetur.no\/?page_id=196\" data-type=\"page\" data-id=\"196\">\u00d8YSTEIN ANDERSEN <\/a> og <a href=\"https:\/\/lengetur.no\/?page_id=185\" data-type=\"page\" data-id=\"185\">TOR-GUNNAR SKIBAKK<\/a><\/strong><\/p>\n\n\n\n<figure class=\"wp-block-image\" id=\"block-36300f74-9b55-44ec-92a8-f451d5f6823b\"><img decoding=\"async\" src=\"http:\/\/lengetur.no\/wp-content\/uploads\/2022\/07\/IMG_1836-768x1024.jpg\" alt=\"Dette bildet mangler alt-tekst; dets filnavn er IMG_1836-768x1024.jpg\"\/><figcaption class=\"wp-element-caption\">AMOK. V\u00c5R FANTASTISKE SAMARBEIDSPARTNER<\/figcaption><\/figure>\n\n\n\n<h2 class=\"wp-block-heading\" id=\"p\u00e5meldingogpris\">P\u00c5MELDING OG PRIS<\/h2>\n\n\n\n<p id=\"block-9e1f4d5c-9753-4bf1-830f-3758dedbb1f1\">Det m\u00e5 v\u00e6re minimum fire deltakere for at turen skal bli gjennomf\u00f8rt. Maksimum 10 deltakere p\u00e5 turen.\u00a0<\/p>\n\n\n\n<p id=\"block-38444707-94a2-4128-97c9-fcaa1c415701\"><em>Det er pliktig \u00e5 lese turbeskrivelsen i sin helhet og bekrefte ved p\u00e5melding at s\u00e5 er gjort.&nbsp;<\/em><\/p>\n\n\n\n<p id=\"block-4d278998-dc69-47f1-be50-26366baebd9e\"><strong><a href=\"https:\/\/lengetur.no\/?page_id=1362\">LES V\u00c5RE BETALINGSBETINGELSER HER<\/a><\/strong><\/p>\n\n\n\n<h2 class=\"wp-block-heading\" id=\"block-7970d6a9-5a1d-4d59-a689-1850ec0ab681\">DELTAKERAVGIFT KR 3900,-<\/h2>\n\n\n\n<h2 class=\"wp-block-heading has-vivid-red-color has-text-color\">P\u00c5MELDINGSFRIST 1\/7-24<\/h2>\n\n\n\n<h2 class=\"wp-block-heading\" id=\"block-ade6ad07-9c92-454e-88e2-484ccfa38492\"><strong><a href=\"https:\/\/lengetur.no\/?page_id=1910\" data-type=\"page\" data-id=\"1910\">FULLF\u00d8R DIN P\u00c5MELDING HER<\/a><\/strong><\/h2>\n\n\n\n<p id=\"block-e180e754-1b4f-44e9-b363-1757ef5b1185\"><strong>DELTAKERAVGIFT INKLUDERER:<\/strong><\/p>\n\n\n\n<p id=\"block-f041a585-4ea6-4126-bef9-808da38ecee2\">REAL turmat til alle hovedm\u00e5ltider:&nbsp;To frokost, tre lunsj, tre middag. F\u00f8rste m\u00e5ltid er lunsj dag 1.<\/p>\n\n\n\n<p>Busstransport fra Totenvika og tilbake til Vester\u00e5s<\/p>\n\n\n\n<p id=\"block-c5f8c35b-ca7a-4ee7-8961-b3eac8e8a9a5\">Oppf\u00f8lging i forberedelsene og veiledning p\u00e5 trening og utstyr<\/p>\n\n\n\n<p id=\"block-66fe027b-4707-4b43-b871-3e1f242ddc77\">Utfyllende utstyrsliste&nbsp;<\/p>\n\n\n\n<p id=\"block-a407c4e0-77c8-429a-8fe4-843fb6d18b6e\">To erfarne turledere<\/p>\n\n\n\n<p id=\"block-b10bac87-8120-4084-acc7-607b4edebd0b\">Forberedelsesm\u00f8te p\u00e5 Teams<\/p>\n\n\n\n<p id=\"block-e66e8ace-729f-4c0a-b4f8-52c6cdb55751\">L\u00e5n av komplett AMOK Draumr 5.0: K\u00f8ye, liggeunderlag og tarp<\/p>\n\n\n\n<p id=\"block-60efb249-bc38-4d09-8915-a3b2e0824a15\">Sikkerhetsutstyr p\u00e5 gruppeniv\u00e5 som n\u00f8dpeiler, samband og f\u00f8rstehjelp<\/p>\n\n\n\n<p id=\"block-d882ffe3-1a3a-48fd-8d26-a20753b6fad0\">Grundig oppl\u00e6ring underveis p\u00e5 turen<\/p>\n\n\n\n<p id=\"block-b14711c9-6b75-4fdf-9454-05081cd98891\"><strong>DELTAKERAVGIFT INKLUDERER IKKE:<\/strong><\/p>\n\n\n\n<p id=\"block-3047bea7-233d-4322-b540-1f2ab0890fe2\">Mat og drikke ut over det som er nevnt i turbeskrivelsen<\/p>\n\n\n\n<p id=\"block-60df4d57-6c8f-4628-a010-aade6fad32f9\">Snacks og godteri man trenger utenom m\u00e5ltidene<\/p>\n\n\n\n<p id=\"block-b7643cf6-e549-4421-8b50-4f873dd5bf8e\">Transport mellom bosted og Vester\u00e5s t\/r<\/p>\n\n\n\n<p>Overnatting p\u00e5 DNT-hytta p\u00e5 Vester\u00e5s for de som trenger det.<\/p>\n\n\n\n<p id=\"block-4a65fb10-5548-4393-b411-11588f3799b9\">Kart over omr\u00e5det<\/p>\n\n\n\n<p id=\"block-05aa900a-27b9-47cc-b8f1-70fc705ccc3d\">Drikke til m\u00e5ltider<\/p>\n\n\n\n<p id=\"block-9aeb39aa-c083-488a-8284-642b44c54d91\">Personlig utstyr<\/p>\n\n\n\n<p id=\"block-5d6f4e42-e72f-4804-bb02-dc13593e92fc\">Privat reiseforsikring\/ulykkesforsikring som dekker denne type tur. Forsikring av private eiendeler.&nbsp;<\/p>\n\n\n\n<h2 class=\"wp-block-heading\" id=\"utstyrlistek\u00f8ye\"><a href=\"http:\/\/lengetur.no\/?page_id=842\">UTSTYRSLISTE<\/a><\/h2>\n\n\n\n<h2 class=\"wp-block-heading\" id=\"block-208f6c01-ee4f-4b81-92db-7c7ef11ccffa\"><a href=\"http:\/\/lengetur.no\/?page_id=697\">TIL TOPPEN<\/a><\/h2>\n\n\n\n<p><p id=\"block-96e25798-2ee4-4cfe-9f3b-1922fdfe1c2a\">\ufeff<\/p><\/p>\n\n\n\n<p>\ufeff<\/p>\n\n\n\n<ul class=\"wp-block-list\">\n<li><\/li>\n<\/ul>\n","protected":false},"excerpt":{"rendered":"<p>5. &#8211; 7. JULI 2024! I fjor lanserte vi konseptet &laquo;K\u00f8ye-til-k\u00f8ye-tur&raquo; som et alternativ til tradisjonelle &laquo;Hytte til hytte&raquo;. Vi fikk stor deltakelse og veldig gode tilbakemeldinger fra deltakerne p\u00e5 de to turene gjennom Krokskogen. DERFOR LANSERER VI N\u00c5 NYHETEN &laquo;K\u00d8YE-TIL-K\u00d8YE&raquo; LANGS TOTEN\u00c5SSTIEN. Toten\u00e5sstien g\u00e5r fra Lygna til Totenvika, men vi skal ikke g\u00e5 hele &hellip; <\/p>\n<p class=\"link-more\"><a href=\"http:\/\/lengetur.no\/?page_id=1876\" class=\"more-link\">Read more<span class=\"screen-reader-text\"> &laquo;&#8211; K\u00d8YE-TIL-K\u00d8YE TOTEN\u00c5SEN&raquo;<\/span><\/a><\/p>\n","protected":false},"author":1,"featured_media":0,"parent":0,"menu_order":0,"comment_status":"closed","ping_status":"closed","template":"","meta":{"inspiro_hide_title":false,"footnotes":""},"class_list":["post-1876","page","type-page","status-publish","hentry"],"_links":{"self":[{"href":"http:\/\/lengetur.no\/index.php?rest_route=\/wp\/v2\/pages\/1876","targetHints":{"allow":["GET"]}}],"collection":[{"href":"http:\/\/lengetur.no\/index.php?rest_route=\/wp\/v2\/pages"}],"about":[{"href":"http:\/\/lengetur.no\/index.php?rest_route=\/wp\/v2\/types\/page"}],"author":[{"embeddable":true,"href":"http:\/\/lengetur.no\/index.php?rest_route=\/wp\/v2\/users\/1"}],"replies":[{"embeddable":true,"href":"http:\/\/lengetur.no\/index.php?rest_route=%2Fwp%2Fv2%2Fcomments&post=1876"}],"version-history":[{"count":28,"href":"http:\/\/lengetur.no\/index.php?rest_route=\/wp\/v2\/pages\/1876\/revisions"}],"predecessor-version":[{"id":2269,"href":"http:\/\/lengetur.no\/index.php?rest_route=\/wp\/v2\/pages\/1876\/revisions\/2269"}],"wp:attachment":[{"href":"http:\/\/lengetur.no\/index.php?rest_route=%2Fwp%2Fv2%2Fmedia&parent=1876"}],"curies":[{"name":"wp","href":"https:\/\/api.w.org\/{rel}","templated":true}]}}